{"id":3669,"date":"2016-07-11T18:21:17","date_gmt":"2016-07-11T16:21:17","guid":{"rendered":"https:\/\/meritutbildning.com\/sfi\/"},"modified":"2016-07-11T18:21:17","modified_gmt":"2016-07-11T16:21:17","slug":"sfi","status":"publish","type":"page","link":"https:\/\/meritutbildning.com\/bs\/sfi\/","title":{"rendered":"SFI"},"content":{"rendered":"<p><strong>Dobrodosli na Poslovno orijentisani svedski za\u00a0strance na Merit. Skolovanje se bazira na tvojim radnim\u00a0iskustvima i planovima za buducnost kako bi put do\u00a0svedskog jezika i posla bio sto je brze moguc. Ovdje ucis\u00a0svedski koji ti treba na poslu, skolovanju i u\u00a0svakodnevnom zivotu \u2013 porodica, dom, skola, privatna\u00a0ekonomija itd.<\/strong><\/p>\n<p>&nbsp;<\/p>\n<h3>Zasto ces izabrati Merit?<\/h3>\n<ul>\n<li>Tvoja kompetentnost i tvoji planovi su u centru.<\/li>\n<li>Fleksibilna\/prilagodljiva vremena \u2013 ti pravis svoju\u00a0semu sa vremenima koja tebi odgovaraju \u2013 prije\u00a0podne, posle podne, vece, distanca (na daljinu &#8211; od\u00a0kuce) kao i fleksibilno vrijeme.<\/li>\n<li>Jezicki treneri (ucitelji) koji govore razlicite jezike \u2013\u00a0na primjer arapski, dari, engleski, kurdski, persijski,\u00a0pashtu, srpski, bosanski, hrvatski, spanski i urdu.<\/li>\n<li>Treneri\/mentori koji su podrska na putu do posla\u00a0sa svojim poslovnim kontaktima.<\/li>\n<li>Manja skola u prijatnim prostorijama sa omiljenim\u00a0i inspirativnim uciteljima.<\/li>\n<li>Moderne i raznolike metode sa digitalmnom\u00a0platformom za ucenje, activeboard\/digitalizovana\u00a0tabla, aplikacije, kompjuteri, tableti itd, itd.<\/li>\n<li>Ekstra\/pojacano vjezbanje svedskog izgovora.<\/li>\n<li>Mogucnosti da se izgradi mreza novih kontakata\u00a0ktoz izlete, druzenja, jezicke kafice, studijekse\u00a0posjete, posjete raznih gostiju itd.<\/li>\n<li>Portfelj sa tvojim radnim iskustvom, zaslugama\u00a0kao i cv.<\/li>\n<li>Osnovna obuka kompjutera<\/li>\n<li>Pristup besplatnom wi-fi i kompjuterima i poslije\u00a0lekcija.<\/li>\n<\/ul>\n<p>&nbsp;<\/p>\n<h3>Prijavi se na sfi na Merit<\/h3>\n<p><strong>Helsingborg:<\/strong><\/p>\n<p>Prijavi se na Sfi-mottagningen (prijemno za upis na\u00a0svedski jezik) u l\u00e4rcentrum Helsingborg i reci da zelis\u00a0uciti na Merit!<\/p>\n<p>&nbsp;<\/p>\n<p><a href=\"http:\/\/www.helsingborg.se\/startsida\/forskola-och-utbildning\/vuxenutbildning\/utbildningar\/sfi-svenskundervisning-for-invandrare\/\" target=\"_blank\"><img loading=\"lazy\" decoding=\"async\" class=\"alignnone size-full wp-image-812\" src=\"\/wp-content\/uploads\/2016\/07\/logo_helsingborg-stad.png\" alt=\"logo Helsingborg stad\" width=\"200\" height=\"212\" \/><\/a><\/p>\n<p>&nbsp;<\/p>\n<p>Adresa: J\u00e4rnv\u00e4gsgatan 35, v\u00e5ning 2<\/p>\n<p>&nbsp;<\/p>\n<p><strong>Landskrona:<\/strong><\/p>\n<p>Prijavi se na Sfi-introduktionen i reci da zelis uciti na\u00a0Merit!<\/p>\n<p>&nbsp;<\/p>\n<p><a href=\"http:\/\/www.landskrona.se\/en\/sfi---svenska-for-invandrare\/\" target=\"_blank\"><img loading=\"lazy\" decoding=\"async\" class=\"alignnone size-full wp-image-809\" src=\"\/wp-content\/uploads\/2016\/07\/logo-landskrona-stad.png\" alt=\"logo Landskrona stad\" width=\"241\" height=\"200\" \/><\/a><\/p>\n<p>&nbsp;<\/p>\n<p>Adresa: R\u00e5dmansgatan 7, Landskrona<\/p>\n<p>&nbsp;<\/p>\n<p>Mozes nas posjetiti ili kontaktirati direktno:<\/p>\n<p>Pr\u00e4stgatan 12, Helsingborg<\/p>\n<p>Tr\u00e4dg\u00e5rdsgatan 17 A, Landskrona<\/p>\n<p>&nbsp;<\/p>\n<p>&nbsp;<\/p>\n<h3>Sfi-kursevi<\/h3>\n<ul>\n<li>Studiev\u00e4g 1: kurs A, B, C i D<\/li>\n<li>Studiev\u00e4g 2: kurs B, C i D<\/li>\n<li>Studiev\u00e4g 3: kurs C i D<\/li>\n<\/ul>\n<p><strong>Pocetak kursa<\/strong><\/p>\n<p>Kurs pocinje svake sedmice<\/p>\n<p>&nbsp;<\/p>\n<h3>Posebni programi za polaznike sfi kursa:<\/h3>\n<p><strong>Mertitakademija\u00a0<\/strong>&#8211; Za vas koji imate akademsko obrazovanje (fakultet)\u00a0ili zelite nastaviti studije<\/p>\n<p><strong>Distans-sfi (sfi na daljinu)<\/strong> \u2013 Za vas koji zelite kombinovati ucenje\u00a0svedskog (sfi) sa npr. poslom ili drugom skolom mozete uciti svedski (sfi)\u00a0od kuce preko internet stranice Merit skole. U prostorijama skole Merit\u00a0mozete sresti svoga ucitelja svake sedmice.<\/p>\n<p><strong>Intensiv-sfi<\/strong> \u2013 Za vas koji pohadjate studiev\u00e4g 2 i 3, a zelite uciti\u00a0ubrzano postoji sfi intensiv (intenzivni sfi). Ucices 25 sati sedmicno u\u00a0brzom ritmu.<\/p>\n<p><strong>Sfi u kombinaciji<\/strong> &#8211; Za vas koji imate paralelene aktivnosti<\/p>\n<p><strong>Hotell-trainee<\/strong> \u2013 Praksa u hotelu<\/p>\n<p><strong>Svedski u industriji<\/strong><\/p>\n<p><strong>Osnovni kurs svedskog u zdravstvu\/njega<\/strong><\/p>\n<p><strong>Osnovni kurs svedskog u servisnim poslovima<\/strong><\/p>\n<p>&nbsp;<\/p>\n<p>&nbsp;<\/p>\n","protected":false},"excerpt":{"rendered":"<p>Dobrodosli na Poslovno orijentisani svedski za\u00a0strance na Merit. Skolovanje se bazira na tvojim radnim\u00a0iskustvima i planovima za buducnost kako bi put do\u00a0svedskog jezika i posla bio sto je brze moguc. Ovdje ucis\u00a0svedski koji ti treba na poslu, skolovanju i u\u00a0svakodnevnom zivotu \u2013 porodica, dom, skola, privatna\u00a0ekonomija itd. &nbsp; Zasto ces izabrati Merit? Tvoja kompetentnost i [&hellip;]<\/p>\n","protected":false},"author":39,"featured_media":0,"parent":0,"menu_order":0,"comment_status":"closed","ping_status":"closed","template":"content-storsidebar.php","meta":{"_acf_changed":false,"footnotes":""},"class_list":["post-3669","page","type-page","status-publish","hentry"],"acf":[],"yoast_head":"<!-- This site is optimized with the Yoast SEO plugin v27.2 - https:\/\/yoast.com\/product\/yoast-seo-wordpress\/ -->\n<title>SFI - Merit Utbildning - V\u00e4lkommen till Merit utbildning AB<\/title>\n<meta name=\"robots\" content=\"index, follow, max-snippet:-1, max-image-preview:large, max-video-preview:-1\" \/>\n<link rel=\"canonical\" href=\"https:\/\/meritutbildning.com\/bs\/sfi\/\" \/>\n<meta property=\"og:locale\" content=\"en_US\" \/>\n<meta property=\"og:type\" content=\"article\" \/>\n<meta property=\"og:title\" content=\"SFI - Merit Utbildning - V\u00e4lkommen till Merit utbildning AB\" \/>\n<meta property=\"og:description\" content=\"Dobrodosli na Poslovno orijentisani svedski za\u00a0strance na Merit. Skolovanje se bazira na tvojim radnim\u00a0iskustvima i planovima za buducnost kako bi put do\u00a0svedskog jezika i posla bio sto je brze moguc. Ovdje ucis\u00a0svedski koji ti treba na poslu, skolovanju i u\u00a0svakodnevnom zivotu \u2013 porodica, dom, skola, privatna\u00a0ekonomija itd. &nbsp; Zasto ces izabrati Merit? Tvoja kompetentnost i [&hellip;]\" \/>\n<meta property=\"og:url\" content=\"https:\/\/meritutbildning.com\/bs\/sfi\/\" \/>\n<meta property=\"og:site_name\" content=\"Merit Utbildning - V\u00e4lkommen till Merit utbildning AB\" \/>\n<meta name=\"twitter:card\" content=\"summary_large_image\" \/>\n<meta name=\"twitter:label1\" content=\"Est. reading time\" \/>\n\t<meta name=\"twitter:data1\" content=\"2 minutes\" \/>\n<script type=\"application\/ld+json\" class=\"yoast-schema-graph\">{\"@context\":\"https:\/\/schema.org\",\"@graph\":[{\"@type\":\"WebPage\",\"@id\":\"https:\/\/meritutbildning.com\/bs\/sfi\/\",\"url\":\"https:\/\/meritutbildning.com\/bs\/sfi\/\",\"name\":\"SFI - Merit Utbildning - V\u00e4lkommen till Merit utbildning AB\",\"isPartOf\":{\"@id\":\"https:\/\/meritutbildning.com\/#website\"},\"datePublished\":\"2016-07-11T16:21:17+00:00\",\"breadcrumb\":{\"@id\":\"https:\/\/meritutbildning.com\/bs\/sfi\/#breadcrumb\"},\"inLanguage\":\"bs\",\"potentialAction\":[{\"@type\":\"ReadAction\",\"target\":[\"https:\/\/meritutbildning.com\/bs\/sfi\/\"]}]},{\"@type\":\"BreadcrumbList\",\"@id\":\"https:\/\/meritutbildning.com\/bs\/sfi\/#breadcrumb\",\"itemListElement\":[{\"@type\":\"ListItem\",\"position\":1,\"name\":\"Hem\",\"item\":\"https:\/\/meritutbildning.com\/bs\/\"},{\"@type\":\"ListItem\",\"position\":2,\"name\":\"SFI\"}]},{\"@type\":\"WebSite\",\"@id\":\"https:\/\/meritutbildning.com\/#website\",\"url\":\"https:\/\/meritutbildning.com\/\",\"name\":\"Merit Utbildning - V\u00e4lkommen till Merit utbildning AB\",\"description\":\"Vi utbildar och coachar f\u00f6r att varje person ska hitta sin snabbaste och b\u00e4sta v\u00e4g mot r\u00e4tt arbete och delaktighet i samh\u00e4llet.\",\"potentialAction\":[{\"@type\":\"SearchAction\",\"target\":{\"@type\":\"EntryPoint\",\"urlTemplate\":\"https:\/\/meritutbildning.com\/?s={search_term_string}\"},\"query-input\":{\"@type\":\"PropertyValueSpecification\",\"valueRequired\":true,\"valueName\":\"search_term_string\"}}],\"inLanguage\":\"bs\"}]}<\/script>\n<!-- \/ Yoast SEO plugin. -->","yoast_head_json":{"title":"SFI - Merit Utbildning - V\u00e4lkommen till Merit utbildning AB","robots":{"index":"index","follow":"follow","max-snippet":"max-snippet:-1","max-image-preview":"max-image-preview:large","max-video-preview":"max-video-preview:-1"},"canonical":"https:\/\/meritutbildning.com\/bs\/sfi\/","og_locale":"en_US","og_type":"article","og_title":"SFI - Merit Utbildning - V\u00e4lkommen till Merit utbildning AB","og_description":"Dobrodosli na Poslovno orijentisani svedski za\u00a0strance na Merit. Skolovanje se bazira na tvojim radnim\u00a0iskustvima i planovima za buducnost kako bi put do\u00a0svedskog jezika i posla bio sto je brze moguc. Ovdje ucis\u00a0svedski koji ti treba na poslu, skolovanju i u\u00a0svakodnevnom zivotu \u2013 porodica, dom, skola, privatna\u00a0ekonomija itd. &nbsp; Zasto ces izabrati Merit? Tvoja kompetentnost i [&hellip;]","og_url":"https:\/\/meritutbildning.com\/bs\/sfi\/","og_site_name":"Merit Utbildning - V\u00e4lkommen till Merit utbildning AB","twitter_card":"summary_large_image","twitter_misc":{"Est. reading time":"2 minutes"},"schema":{"@context":"https:\/\/schema.org","@graph":[{"@type":"WebPage","@id":"https:\/\/meritutbildning.com\/bs\/sfi\/","url":"https:\/\/meritutbildning.com\/bs\/sfi\/","name":"SFI - Merit Utbildning - V\u00e4lkommen till Merit utbildning AB","isPartOf":{"@id":"https:\/\/meritutbildning.com\/#website"},"datePublished":"2016-07-11T16:21:17+00:00","breadcrumb":{"@id":"https:\/\/meritutbildning.com\/bs\/sfi\/#breadcrumb"},"inLanguage":"bs","potentialAction":[{"@type":"ReadAction","target":["https:\/\/meritutbildning.com\/bs\/sfi\/"]}]},{"@type":"BreadcrumbList","@id":"https:\/\/meritutbildning.com\/bs\/sfi\/#breadcrumb","itemListElement":[{"@type":"ListItem","position":1,"name":"Hem","item":"https:\/\/meritutbildning.com\/bs\/"},{"@type":"ListItem","position":2,"name":"SFI"}]},{"@type":"WebSite","@id":"https:\/\/meritutbildning.com\/#website","url":"https:\/\/meritutbildning.com\/","name":"Merit Utbildning - V\u00e4lkommen till Merit utbildning AB","description":"Vi utbildar och coachar f\u00f6r att varje person ska hitta sin snabbaste och b\u00e4sta v\u00e4g mot r\u00e4tt arbete och delaktighet i samh\u00e4llet.","potentialAction":[{"@type":"SearchAction","target":{"@type":"EntryPoint","urlTemplate":"https:\/\/meritutbildning.com\/?s={search_term_string}"},"query-input":{"@type":"PropertyValueSpecification","valueRequired":true,"valueName":"search_term_string"}}],"inLanguage":"bs"}]}},"_links":{"self":[{"href":"https:\/\/meritutbildning.com\/bs\/wp-json\/wp\/v2\/pages\/3669","targetHints":{"allow":["GET"]}}],"collection":[{"href":"https:\/\/meritutbildning.com\/bs\/wp-json\/wp\/v2\/pages"}],"about":[{"href":"https:\/\/meritutbildning.com\/bs\/wp-json\/wp\/v2\/types\/page"}],"author":[{"embeddable":true,"href":"https:\/\/meritutbildning.com\/bs\/wp-json\/wp\/v2\/users\/39"}],"replies":[{"embeddable":true,"href":"https:\/\/meritutbildning.com\/bs\/wp-json\/wp\/v2\/comments?post=3669"}],"version-history":[{"count":0,"href":"https:\/\/meritutbildning.com\/bs\/wp-json\/wp\/v2\/pages\/3669\/revisions"}],"wp:attachment":[{"href":"https:\/\/meritutbildning.com\/bs\/wp-json\/wp\/v2\/media?parent=3669"}],"curies":[{"name":"wp","href":"https:\/\/api.w.org\/{rel}","templated":true}]}}