{"id":3679,"date":"2016-07-11T18:29:10","date_gmt":"2016-07-11T16:29:10","guid":{"rendered":"https:\/\/meritutbildning.com\/stod-och-matchning\/malmo\/"},"modified":"2024-11-12T12:11:09","modified_gmt":"2024-11-12T11:11:09","slug":"malmo","status":"publish","type":"page","link":"https:\/\/meritutbildning.com\/bs\/stod-och-matchning\/malmo\/","title":{"rendered":"Malm\u00f6"},"content":{"rendered":"<p>Merit ti pomaze u trazenju posla ili obrazovanja\/skolovanja. Treneri za razlicite branse\u00a0imaju mrezu kontakata sa poslodavcima u poslovima: hotel, restoran, njega, skola,\u00a0gradjevina, transport, ciscenje, IT, logistika itd.itd. Ako put do posla vodi kroz skolovanje\u00a0ti mozes dobiti potporu od studie- i yreksv\u00e4ggledare (mentor).<\/p>\n<p>Imas pravo na potporu tri mjeseca odjednom i ti ces zajedno sa tvojim mentorom\u00a0\/trenerom na Merit planiras sadrzaj koji bas tebi treba kako bi nasao odgovarajuci posao\u00a0ili skolu. To moze naprimjer biti da se pise cv i dokumenti koji trebaju za prijavljivanje\u00a0za posao, da se inspirise i dobije efektivna potpora u trazenju posla i prije svega da se\u00a0dobije sansa da se pokazes kod poslodavaca.<\/p>\n<p>&nbsp;<\/p>\n<h3>Zasto izabrati st\u00f6d och matchning na Merit?<\/h3>\n<ul>\n<li>Prave mogucnosti da se nadje odgovarajuci posao ili obrazovanje.<\/li>\n<li>Licni trener koji je s tobom kroz cijeli proces.<\/li>\n<li>Treneri iz razlicitih poslovnih oblasti (bransi) koji imaju poslovne kontakte i koji\u00a0uporedjuju tvoje sposobnosti i interesovanja za odredjene poslove.<\/li>\n<li>Ozbiljan i iskren prijem i stav.<\/li>\n<li>Okruzenje u kojem ces se osecati prijatno.<\/li>\n<li>Mnogo visejezicnih trenera<\/li>\n<\/ul>\n<p>&nbsp;<\/p>\n<h3>Kako poceti?<\/h3>\n<p>Kontaktiraj <a href=\"https:\/\/arbetsformedlingen.se\/kontakt\/ring-eller-chatta\" target=\"_blank\" rel=\"noopener\">Arbetsf\u00f6rmedlingen<\/a> (Birou za zaposljavanje) \u2013\u00a0i reci mu da zelis St\u00f6d och matchning (potpora za ponalazenje posla) na Merit!<\/p>\n<p>KA-nummer: 10040445<\/p>\n<p>Kad mi dobijemo tvoju prijavu tvoj trener ce te licno kontaktirati.<\/p>\n<p>Mozes nas kontaktirati i direktno.<\/p>\n<p>\u201dLajkuj\u201d nas na Facebook-u:<\/p>\n<p><a href=\"https:\/\/www.facebook.com\/stodochmatchningpamerit\/\" target=\"_blank\" rel=\"noopener\"><img loading=\"lazy\" decoding=\"async\" class=\"alignnone size-full wp-image-727\" src=\"\/wp-content\/uploads\/2016\/07\/knapp_fb.jpg\" alt=\"knapp Facebook\" width=\"40\" height=\"40\" \/><\/a><\/p>\n<p>&nbsp;<\/p>\n","protected":false},"excerpt":{"rendered":"<p>Merit ti pomaze u trazenju posla ili obrazovanja\/skolovanja. Treneri za razlicite branse\u00a0imaju mrezu kontakata sa poslodavcima u poslovima: hotel, restoran, njega, skola,\u00a0gradjevina, transport, ciscenje, IT, logistika itd.itd. Ako put do posla vodi kroz skolovanje\u00a0ti mozes dobiti potporu od studie- i yreksv\u00e4ggledare (mentor). Imas pravo na potporu tri mjeseca odjednom i ti ces zajedno sa tvojim [&hellip;]<\/p>\n","protected":false},"author":39,"featured_media":0,"parent":3671,"menu_order":0,"comment_status":"closed","ping_status":"closed","template":"content-storsidebar-SOM.php","meta":{"_acf_changed":false,"footnotes":""},"class_list":["post-3679","page","type-page","status-publish","hentry"],"acf":[],"yoast_head":"<!-- This site is optimized with the Yoast SEO plugin v27.2 - https:\/\/yoast.com\/product\/yoast-seo-wordpress\/ -->\n<title>Malm\u00f6 - Merit Utbildning - V\u00e4lkommen till Merit utbildning AB<\/title>\n<meta name=\"robots\" content=\"index, follow, max-snippet:-1, max-image-preview:large, max-video-preview:-1\" \/>\n<link rel=\"canonical\" href=\"https:\/\/meritutbildning.com\/bs\/stod-och-matchning\/malmo\/\" \/>\n<meta property=\"og:locale\" content=\"en_US\" \/>\n<meta property=\"og:type\" content=\"article\" \/>\n<meta property=\"og:title\" content=\"Malm\u00f6 - Merit Utbildning - V\u00e4lkommen till Merit utbildning AB\" \/>\n<meta property=\"og:description\" content=\"Merit ti pomaze u trazenju posla ili obrazovanja\/skolovanja. Treneri za razlicite branse\u00a0imaju mrezu kontakata sa poslodavcima u poslovima: hotel, restoran, njega, skola,\u00a0gradjevina, transport, ciscenje, IT, logistika itd.itd. Ako put do posla vodi kroz skolovanje\u00a0ti mozes dobiti potporu od studie- i yreksv\u00e4ggledare (mentor). Imas pravo na potporu tri mjeseca odjednom i ti ces zajedno sa tvojim [&hellip;]\" \/>\n<meta property=\"og:url\" content=\"https:\/\/meritutbildning.com\/bs\/stod-och-matchning\/malmo\/\" \/>\n<meta property=\"og:site_name\" content=\"Merit Utbildning - V\u00e4lkommen till Merit utbildning AB\" \/>\n<meta property=\"article:modified_time\" content=\"2024-11-12T11:11:09+00:00\" \/>\n<meta name=\"twitter:card\" content=\"summary_large_image\" \/>\n<meta name=\"twitter:label1\" content=\"Est. reading time\" \/>\n\t<meta name=\"twitter:data1\" content=\"2 minutes\" \/>\n<script type=\"application\/ld+json\" class=\"yoast-schema-graph\">{\"@context\":\"https:\/\/schema.org\",\"@graph\":[{\"@type\":\"WebPage\",\"@id\":\"https:\/\/meritutbildning.com\/bs\/stod-och-matchning\/malmo\/\",\"url\":\"https:\/\/meritutbildning.com\/bs\/stod-och-matchning\/malmo\/\",\"name\":\"Malm\u00f6 - Merit Utbildning - V\u00e4lkommen till Merit utbildning AB\",\"isPartOf\":{\"@id\":\"https:\/\/meritutbildning.com\/#website\"},\"datePublished\":\"2016-07-11T16:29:10+00:00\",\"dateModified\":\"2024-11-12T11:11:09+00:00\",\"breadcrumb\":{\"@id\":\"https:\/\/meritutbildning.com\/bs\/stod-och-matchning\/malmo\/#breadcrumb\"},\"inLanguage\":\"bs\",\"potentialAction\":[{\"@type\":\"ReadAction\",\"target\":[\"https:\/\/meritutbildning.com\/bs\/stod-och-matchning\/malmo\/\"]}]},{\"@type\":\"BreadcrumbList\",\"@id\":\"https:\/\/meritutbildning.com\/bs\/stod-och-matchning\/malmo\/#breadcrumb\",\"itemListElement\":[{\"@type\":\"ListItem\",\"position\":1,\"name\":\"Hem\",\"item\":\"https:\/\/meritutbildning.com\/bs\/\"},{\"@type\":\"ListItem\",\"position\":2,\"name\":\"St\u00f6d och matchning\",\"item\":\"https:\/\/meritutbildning.com\/bs\/stod-och-matchning\/\"},{\"@type\":\"ListItem\",\"position\":3,\"name\":\"Malm\u00f6\"}]},{\"@type\":\"WebSite\",\"@id\":\"https:\/\/meritutbildning.com\/#website\",\"url\":\"https:\/\/meritutbildning.com\/\",\"name\":\"Merit Utbildning - V\u00e4lkommen till Merit utbildning AB\",\"description\":\"Vi utbildar och coachar f\u00f6r att varje person ska hitta sin snabbaste och b\u00e4sta v\u00e4g mot r\u00e4tt arbete och delaktighet i samh\u00e4llet.\",\"potentialAction\":[{\"@type\":\"SearchAction\",\"target\":{\"@type\":\"EntryPoint\",\"urlTemplate\":\"https:\/\/meritutbildning.com\/?s={search_term_string}\"},\"query-input\":{\"@type\":\"PropertyValueSpecification\",\"valueRequired\":true,\"valueName\":\"search_term_string\"}}],\"inLanguage\":\"bs\"}]}<\/script>\n<!-- \/ Yoast SEO plugin. -->","yoast_head_json":{"title":"Malm\u00f6 - Merit Utbildning - V\u00e4lkommen till Merit utbildning AB","robots":{"index":"index","follow":"follow","max-snippet":"max-snippet:-1","max-image-preview":"max-image-preview:large","max-video-preview":"max-video-preview:-1"},"canonical":"https:\/\/meritutbildning.com\/bs\/stod-och-matchning\/malmo\/","og_locale":"en_US","og_type":"article","og_title":"Malm\u00f6 - Merit Utbildning - V\u00e4lkommen till Merit utbildning AB","og_description":"Merit ti pomaze u trazenju posla ili obrazovanja\/skolovanja. Treneri za razlicite branse\u00a0imaju mrezu kontakata sa poslodavcima u poslovima: hotel, restoran, njega, skola,\u00a0gradjevina, transport, ciscenje, IT, logistika itd.itd. Ako put do posla vodi kroz skolovanje\u00a0ti mozes dobiti potporu od studie- i yreksv\u00e4ggledare (mentor). Imas pravo na potporu tri mjeseca odjednom i ti ces zajedno sa tvojim [&hellip;]","og_url":"https:\/\/meritutbildning.com\/bs\/stod-och-matchning\/malmo\/","og_site_name":"Merit Utbildning - V\u00e4lkommen till Merit utbildning AB","article_modified_time":"2024-11-12T11:11:09+00:00","twitter_card":"summary_large_image","twitter_misc":{"Est. reading time":"2 minutes"},"schema":{"@context":"https:\/\/schema.org","@graph":[{"@type":"WebPage","@id":"https:\/\/meritutbildning.com\/bs\/stod-och-matchning\/malmo\/","url":"https:\/\/meritutbildning.com\/bs\/stod-och-matchning\/malmo\/","name":"Malm\u00f6 - Merit Utbildning - V\u00e4lkommen till Merit utbildning AB","isPartOf":{"@id":"https:\/\/meritutbildning.com\/#website"},"datePublished":"2016-07-11T16:29:10+00:00","dateModified":"2024-11-12T11:11:09+00:00","breadcrumb":{"@id":"https:\/\/meritutbildning.com\/bs\/stod-och-matchning\/malmo\/#breadcrumb"},"inLanguage":"bs","potentialAction":[{"@type":"ReadAction","target":["https:\/\/meritutbildning.com\/bs\/stod-och-matchning\/malmo\/"]}]},{"@type":"BreadcrumbList","@id":"https:\/\/meritutbildning.com\/bs\/stod-och-matchning\/malmo\/#breadcrumb","itemListElement":[{"@type":"ListItem","position":1,"name":"Hem","item":"https:\/\/meritutbildning.com\/bs\/"},{"@type":"ListItem","position":2,"name":"St\u00f6d och matchning","item":"https:\/\/meritutbildning.com\/bs\/stod-och-matchning\/"},{"@type":"ListItem","position":3,"name":"Malm\u00f6"}]},{"@type":"WebSite","@id":"https:\/\/meritutbildning.com\/#website","url":"https:\/\/meritutbildning.com\/","name":"Merit Utbildning - V\u00e4lkommen till Merit utbildning AB","description":"Vi utbildar och coachar f\u00f6r att varje person ska hitta sin snabbaste och b\u00e4sta v\u00e4g mot r\u00e4tt arbete och delaktighet i samh\u00e4llet.","potentialAction":[{"@type":"SearchAction","target":{"@type":"EntryPoint","urlTemplate":"https:\/\/meritutbildning.com\/?s={search_term_string}"},"query-input":{"@type":"PropertyValueSpecification","valueRequired":true,"valueName":"search_term_string"}}],"inLanguage":"bs"}]}},"_links":{"self":[{"href":"https:\/\/meritutbildning.com\/bs\/wp-json\/wp\/v2\/pages\/3679","targetHints":{"allow":["GET"]}}],"collection":[{"href":"https:\/\/meritutbildning.com\/bs\/wp-json\/wp\/v2\/pages"}],"about":[{"href":"https:\/\/meritutbildning.com\/bs\/wp-json\/wp\/v2\/types\/page"}],"author":[{"embeddable":true,"href":"https:\/\/meritutbildning.com\/bs\/wp-json\/wp\/v2\/users\/39"}],"replies":[{"embeddable":true,"href":"https:\/\/meritutbildning.com\/bs\/wp-json\/wp\/v2\/comments?post=3679"}],"version-history":[{"count":0,"href":"https:\/\/meritutbildning.com\/bs\/wp-json\/wp\/v2\/pages\/3679\/revisions"}],"up":[{"embeddable":true,"href":"https:\/\/meritutbildning.com\/bs\/wp-json\/wp\/v2\/pages\/3671"}],"wp:attachment":[{"href":"https:\/\/meritutbildning.com\/bs\/wp-json\/wp\/v2\/media?parent=3679"}],"curies":[{"name":"wp","href":"https:\/\/api.w.org\/{rel}","templated":true}]}}