{"id":2418,"date":"2016-07-11T18:27:47","date_gmt":"2016-07-11T16:27:47","guid":{"rendered":"http:\/\/merit.uppereight.com\/en\/stod-och-matchning\/helsingborg\/"},"modified":"2024-11-12T12:12:29","modified_gmt":"2024-11-12T11:12:29","slug":"helsingborg","status":"publish","type":"page","link":"https:\/\/meritutbildning.com\/en\/stod-och-matchning\/helsingborg\/","title":{"rendered":"Helsingborg"},"content":{"rendered":"<p>Merit offers assistance in finding employment and educational possibilities. Sector-specific job\u00a0coaches at Merit have a network of contacts at their disposal to help you find employment within the\u00a0fields of catering, the hotel industry, care and nursing, education, construction, transport, cleaning\u00a0and upkeep, IT, logistics and many more fields. If you require further education to be eligible to apply\u00a0for posts within a specific field Merit employs study and vocational guidance staff to help you find\u00a0the right educational package and courses for you.<\/p>\n<p>At Merit you get three months of Vocational Support, Skills and Employment Matching at a time and\u00a0in conference with your coach you plan the contents of your vocational support time to fit your\u00a0needs in finding the right job and training for you. This would entail, but not be limited to, helping\u00a0you with writing your cv, inspirational and effective support in your job hunting efforts and most\u00a0important of all, the chance to meet potential future employers!<\/p>\n<p>&nbsp;<\/p>\n<h3>Why should you choose Vocational Support, Skills and Employment Matching services at Merit?<\/h3>\n<ul>\n<li>Real possibilities in finding the right job and education for you<\/li>\n<li>A personal coach to guide you through the whole process<\/li>\n<li>Sector-specific job coaches with contacts in a wide range of fields<\/li>\n<li>An honest and friendly approach<\/li>\n<li>A positive and constructive environment that you will benefit from<\/li>\n<li>A team of multi-lingual coaches<\/li>\n<\/ul>\n<p>&nbsp;<\/p>\n<h3>How do I get started?<\/h3>\n<p>Contact\u00a0<a href=\"https:\/\/arbetsformedlingen.se\/kontakt\/ring-eller-chatta\" target=\"_blank\" rel=\"noopener\">Arbetsf\u00f6rmedlingen<\/a> and tell them you want Vocational\u00a0Support, Skills and Employment Matching services at Merit (Swedish term \u2018St\u00f6d och Matchning\u2019).<\/p>\n<p>KA-nummer: 10040445<\/p>\n<p>Once we have received your application your coach will contact you in person to arrange your first\u00a0meeting.<\/p>\n<p>You can also contact us directly.<\/p>\n<p>Bruksgatan 32, Helsingborg<br \/>\nBerga All\u00e9 3, Helsingborg<\/p>\n<p>&nbsp;<\/p>\n<p><a href=\"https:\/\/www.facebook.com\/stodochmatchningpamerit\/\" target=\"_blank\" rel=\"noopener\"><img loading=\"lazy\" decoding=\"async\" class=\"alignnone size-full wp-image-727\" src=\"\/wp-content\/uploads\/2016\/07\/knapp_fb.jpg\" alt=\"knapp Facebook\" width=\"40\" height=\"40\" \/>\u00a0Employment Matching on Facebook<\/a><\/p>\n<p>&nbsp;<\/p>\n","protected":false},"excerpt":{"rendered":"<p>Merit offers assistance in finding employment and educational possibilities. Sector-specific job\u00a0coaches at Merit have a network of contacts at their disposal to help you find employment within the\u00a0fields of catering, the hotel industry, care and nursing, education, construction, transport, cleaning\u00a0and upkeep, IT, logistics and many more fields. If you require further education to be eligible [&hellip;]<\/p>\n","protected":false},"author":39,"featured_media":0,"parent":2410,"menu_order":0,"comment_status":"closed","ping_status":"closed","template":"content-storsidebar-SOM.php","meta":{"_acf_changed":false,"footnotes":""},"class_list":["post-2418","page","type-page","status-publish","hentry"],"acf":[],"yoast_head":"<!-- This site is optimized with the Yoast SEO plugin v27.2 - https:\/\/yoast.com\/product\/yoast-seo-wordpress\/ -->\n<title>Helsingborg - Merit Utbildning - V\u00e4lkommen till Merit utbildning AB<\/title>\n<meta name=\"robots\" content=\"index, follow, max-snippet:-1, max-image-preview:large, max-video-preview:-1\" \/>\n<link rel=\"canonical\" href=\"https:\/\/meritutbildning.com\/en\/stod-och-matchning\/helsingborg\/\" \/>\n<meta property=\"og:locale\" content=\"en_US\" \/>\n<meta property=\"og:type\" content=\"article\" \/>\n<meta property=\"og:title\" content=\"Helsingborg - Merit Utbildning - V\u00e4lkommen till Merit utbildning AB\" \/>\n<meta property=\"og:description\" content=\"Merit offers assistance in finding employment and educational possibilities. Sector-specific job\u00a0coaches at Merit have a network of contacts at their disposal to help you find employment within the\u00a0fields of catering, the hotel industry, care and nursing, education, construction, transport, cleaning\u00a0and upkeep, IT, logistics and many more fields. If you require further education to be eligible [&hellip;]\" \/>\n<meta property=\"og:url\" content=\"https:\/\/meritutbildning.com\/en\/stod-och-matchning\/helsingborg\/\" \/>\n<meta property=\"og:site_name\" content=\"Merit Utbildning - V\u00e4lkommen till Merit utbildning AB\" \/>\n<meta property=\"article:modified_time\" content=\"2024-11-12T11:12:29+00:00\" \/>\n<meta name=\"twitter:card\" content=\"summary_large_image\" \/>\n<meta name=\"twitter:label1\" content=\"Est. reading time\" \/>\n\t<meta name=\"twitter:data1\" content=\"2 minutes\" \/>\n<script type=\"application\/ld+json\" class=\"yoast-schema-graph\">{\"@context\":\"https:\/\/schema.org\",\"@graph\":[{\"@type\":\"WebPage\",\"@id\":\"https:\/\/meritutbildning.com\/en\/stod-och-matchning\/helsingborg\/\",\"url\":\"https:\/\/meritutbildning.com\/en\/stod-och-matchning\/helsingborg\/\",\"name\":\"Helsingborg - Merit Utbildning - V\u00e4lkommen till Merit utbildning AB\",\"isPartOf\":{\"@id\":\"https:\/\/meritutbildning.com\/#website\"},\"datePublished\":\"2016-07-11T16:27:47+00:00\",\"dateModified\":\"2024-11-12T11:12:29+00:00\",\"breadcrumb\":{\"@id\":\"https:\/\/meritutbildning.com\/en\/stod-och-matchning\/helsingborg\/#breadcrumb\"},\"inLanguage\":\"en-US\",\"potentialAction\":[{\"@type\":\"ReadAction\",\"target\":[\"https:\/\/meritutbildning.com\/en\/stod-och-matchning\/helsingborg\/\"]}]},{\"@type\":\"BreadcrumbList\",\"@id\":\"https:\/\/meritutbildning.com\/en\/stod-och-matchning\/helsingborg\/#breadcrumb\",\"itemListElement\":[{\"@type\":\"ListItem\",\"position\":1,\"name\":\"Hem\",\"item\":\"https:\/\/meritutbildning.com\/en\/\"},{\"@type\":\"ListItem\",\"position\":2,\"name\":\"St\u00f6d och matchning\",\"item\":\"https:\/\/meritutbildning.com\/en\/stod-och-matchning\/\"},{\"@type\":\"ListItem\",\"position\":3,\"name\":\"Helsingborg\"}]},{\"@type\":\"WebSite\",\"@id\":\"https:\/\/meritutbildning.com\/#website\",\"url\":\"https:\/\/meritutbildning.com\/\",\"name\":\"Merit Utbildning - V\u00e4lkommen till Merit utbildning AB\",\"description\":\"Vi utbildar och coachar f\u00f6r att varje person ska hitta sin snabbaste och b\u00e4sta v\u00e4g mot r\u00e4tt arbete och delaktighet i samh\u00e4llet.\",\"potentialAction\":[{\"@type\":\"SearchAction\",\"target\":{\"@type\":\"EntryPoint\",\"urlTemplate\":\"https:\/\/meritutbildning.com\/?s={search_term_string}\"},\"query-input\":{\"@type\":\"PropertyValueSpecification\",\"valueRequired\":true,\"valueName\":\"search_term_string\"}}],\"inLanguage\":\"en-US\"}]}<\/script>\n<!-- \/ Yoast SEO plugin. -->","yoast_head_json":{"title":"Helsingborg - Merit Utbildning - V\u00e4lkommen till Merit utbildning AB","robots":{"index":"index","follow":"follow","max-snippet":"max-snippet:-1","max-image-preview":"max-image-preview:large","max-video-preview":"max-video-preview:-1"},"canonical":"https:\/\/meritutbildning.com\/en\/stod-och-matchning\/helsingborg\/","og_locale":"en_US","og_type":"article","og_title":"Helsingborg - Merit Utbildning - V\u00e4lkommen till Merit utbildning AB","og_description":"Merit offers assistance in finding employment and educational possibilities. Sector-specific job\u00a0coaches at Merit have a network of contacts at their disposal to help you find employment within the\u00a0fields of catering, the hotel industry, care and nursing, education, construction, transport, cleaning\u00a0and upkeep, IT, logistics and many more fields. If you require further education to be eligible [&hellip;]","og_url":"https:\/\/meritutbildning.com\/en\/stod-och-matchning\/helsingborg\/","og_site_name":"Merit Utbildning - V\u00e4lkommen till Merit utbildning AB","article_modified_time":"2024-11-12T11:12:29+00:00","twitter_card":"summary_large_image","twitter_misc":{"Est. reading time":"2 minutes"},"schema":{"@context":"https:\/\/schema.org","@graph":[{"@type":"WebPage","@id":"https:\/\/meritutbildning.com\/en\/stod-och-matchning\/helsingborg\/","url":"https:\/\/meritutbildning.com\/en\/stod-och-matchning\/helsingborg\/","name":"Helsingborg - Merit Utbildning - V\u00e4lkommen till Merit utbildning AB","isPartOf":{"@id":"https:\/\/meritutbildning.com\/#website"},"datePublished":"2016-07-11T16:27:47+00:00","dateModified":"2024-11-12T11:12:29+00:00","breadcrumb":{"@id":"https:\/\/meritutbildning.com\/en\/stod-och-matchning\/helsingborg\/#breadcrumb"},"inLanguage":"en-US","potentialAction":[{"@type":"ReadAction","target":["https:\/\/meritutbildning.com\/en\/stod-och-matchning\/helsingborg\/"]}]},{"@type":"BreadcrumbList","@id":"https:\/\/meritutbildning.com\/en\/stod-och-matchning\/helsingborg\/#breadcrumb","itemListElement":[{"@type":"ListItem","position":1,"name":"Hem","item":"https:\/\/meritutbildning.com\/en\/"},{"@type":"ListItem","position":2,"name":"St\u00f6d och matchning","item":"https:\/\/meritutbildning.com\/en\/stod-och-matchning\/"},{"@type":"ListItem","position":3,"name":"Helsingborg"}]},{"@type":"WebSite","@id":"https:\/\/meritutbildning.com\/#website","url":"https:\/\/meritutbildning.com\/","name":"Merit Utbildning - V\u00e4lkommen till Merit utbildning AB","description":"Vi utbildar och coachar f\u00f6r att varje person ska hitta sin snabbaste och b\u00e4sta v\u00e4g mot r\u00e4tt arbete och delaktighet i samh\u00e4llet.","potentialAction":[{"@type":"SearchAction","target":{"@type":"EntryPoint","urlTemplate":"https:\/\/meritutbildning.com\/?s={search_term_string}"},"query-input":{"@type":"PropertyValueSpecification","valueRequired":true,"valueName":"search_term_string"}}],"inLanguage":"en-US"}]}},"_links":{"self":[{"href":"https:\/\/meritutbildning.com\/en\/wp-json\/wp\/v2\/pages\/2418","targetHints":{"allow":["GET"]}}],"collection":[{"href":"https:\/\/meritutbildning.com\/en\/wp-json\/wp\/v2\/pages"}],"about":[{"href":"https:\/\/meritutbildning.com\/en\/wp-json\/wp\/v2\/types\/page"}],"author":[{"embeddable":true,"href":"https:\/\/meritutbildning.com\/en\/wp-json\/wp\/v2\/users\/39"}],"replies":[{"embeddable":true,"href":"https:\/\/meritutbildning.com\/en\/wp-json\/wp\/v2\/comments?post=2418"}],"version-history":[{"count":0,"href":"https:\/\/meritutbildning.com\/en\/wp-json\/wp\/v2\/pages\/2418\/revisions"}],"up":[{"embeddable":true,"href":"https:\/\/meritutbildning.com\/en\/wp-json\/wp\/v2\/pages\/2410"}],"wp:attachment":[{"href":"https:\/\/meritutbildning.com\/en\/wp-json\/wp\/v2\/media?parent=2418"}],"curies":[{"name":"wp","href":"https:\/\/api.w.org\/{rel}","templated":true}]}}