{"id":2697,"date":"2016-07-11T18:24:34","date_gmt":"2016-07-11T16:24:34","guid":{"rendered":"http:\/\/merit.uppereight.com\/fa\/stod-och-matchning\/"},"modified":"2016-08-31T14:29:43","modified_gmt":"2016-08-31T12:29:43","slug":"stod-och-matchning","status":"publish","type":"page","link":"https:\/\/meritutbildning.com\/fa\/stod-och-matchning\/","title":{"rendered":"St\u00f6d och matchning"},"content":{"rendered":"<h3 class=\"p1\" dir=\"rtl\"><span class=\"s1\"><b>\u06a9\u0645\u06a9 \u0648 \u0631\u0647\u0646\u0645\u0627\u06cc\u06cc<\/b><\/span><\/h3>\n<p class=\"p2\" dir=\"rtl\"><span class=\"s1\">\u0645\u0631\u06cc\u062a \u0631\u0627\u062c\u0639 \u0628\u0647 \u06a9\u0627\u0631\u06cc\u0627\u0628\u06cc \u0648 \u0634\u0631\u0648\u0639 \u062a\u062d\u0635\u06cc\u0644 \u0647\u0645\u0631\u0627\u06cc \u0634\u0645\u0627 \u06a9\u0645\u06a9 \u0645\u06cc\u06a9\u0646\u062f. \u0631\u0647\u0646\u0645\u0627 \u0647\u0627\u06cc \u0645\u0634\u062e\u0635 \u0634\u0631\u06a9\u062a \u0628\u0627 \u0634\u0631\u06a9\u062a \u0647\u0627\u06cc \u0645\u062e\u062a\u0644\u0641 \u062f\u0631 \u062a\u0645\u0627\u0633\u0646\u062f \u0622\u0646\u0639\u062f\u0647 \u0634\u0631\u06a9\u062a\u0647\u0627 \u06a9\u0647 \u0645\u06cc\u062e\u0648\u0627\u0647\u0646\u062f \u0628\u0631\u0627\u06cc \u0627\u0634\u062e\u0627\u0635 \u06a9\u0627\u0631\u062c\u0648 \u06a9\u0627\u0631 \u0628\u062f\u0647\u062f. \u0627\u06cc\u0646 \u0634\u0631\u06a9\u062a \u0647\u0627 \u0639\u0628\u0627\u0631\u062a\u0646\u062f \u0627\u0632 \u0631\u0633\u062a\u0648\u0631\u0627\u0646\u062a \u0647\u0627\u060c \u0647\u0648\u062a\u0644\u060c \u0627\u062f\u0631\u0627\u062a \u0635\u062d\u06cc\u060c \u0645\u062f\u0631\u0633\u0647 (\u0645\u06a9\u062a\u0628)\u060c \u0634\u0631\u06a9\u062a\u0647\u0627\u06cc \u0633\u0627\u062e\u062a\u0645\u0627\u0646\u06cc\u060c \u0634\u0631\u06a9\u062a\u0647\u0627\u06cc \u062a\u0631\u0627\u0646\u0633\u067e\u0648\u0631\u062a\u06cc\u060c \u062a\u0645\u06cc\u0636\u060c \u0622\u06cc \u062a\u064a\u060c \u0644\u0648\u062c\u0633\u062a\u06cc\u06a9 \u0648 \u063a\u06cc\u0631\u0647. \u0627<\/span><span class=\"s2\">\u06af<\/span><span class=\"s1\">\u0631 \u0631\u0627\u0647 \u06a9\u0627\u0631 \u0634\u0645\u0627 \u0627\u0632 \u0637\u0631\u06cc\u0642 \u062a\u062d\u0635\u06cc\u0644 \u0627\u0633\u062a \u062f\u0631 \u0622\u0646\u0632\u0645\u0627\u0646 \u0647\u0645\u0631\u0627 \u06cc \u0634\u0645\u0627 \u0631\u0647\u0646\u0645\u0627\u06cc \u0634\u063a\u0644 \u0648 \u06a9\u0627\u0631\u06a9\u0645\u06a9 \u0628\u0631\u0627\u06cc \u062a\u0627\u0646 \u0631\u0647\u0646\u0645\u0627\u06cc\u06cc \u0645\u06cc\u06a9\u0646\u062f. <\/span><\/p>\n<p class=\"p2\" dir=\"rtl\"><span class=\"s1\">\u0634\u0645\u0627 \u062f\u0631 \u067e\u0631\u0648\u0698\u0647 \u0627\u06cc <\/span><span class=\"s3\">\u06a9\u0645\u06a9 \u0648 \u0631\u0647\u0646\u0645\u0627\u06cc\u06cc <\/span><span class=\"s1\">\u0633\u0647 \u0645\u0627\u0647\u0647 \u0633\u0645 \u06ab\u0631\u0641\u062a\u0647 \u0645\u06cc\u0648\u062a\u0648\u0627\u0646\u06cc\u062f \u0648 \u062f\u0631 \u062c\u0631\u06cc\u0627\u0646 \u0627\u06cc\u0646 \u0627\u0648\u0642\u0627\u062a \u0647\u0645\u0647 \u0686\u06cc\u0632 \u0631\u0627 \u0628\u0647 \u0631\u0647\u0646\u0645\u0627\u06cc \u0634\u062e\u0635\u06cc \u062e\u0648\u062f \u0628\u0631\u0646\u0627\u0645\u0647 \u0631\u06cc\u0632\u064a \u0645\u06cc\u06a9\u0646\u06cc\u062f \u0622\u0646 \u0686\u06cc\u0632 \u0647\u0627\u06cc \u06a9\u0647 \u0631\u0627 \u0647 \u062a\u062d\u0635\u06cc\u0644 \u0648 \u062c\u0633\u062a\u062c\u0648\u06cc \u06a9\u0627\u0631\u06cc\u0627\u0628\u06cc \u0634\u0645\u0627 \u0631\u0627 \u06a9\u0648\u062a\u0627\u0647\u062a\u0631 \u0645\u06cc\u0633\u0627\u0632\u062f. \u0628\u0637\u0648\u0631 \u0645\u062b\u0627\u0644 \u062e\u0637 \u062f\u0631\u062e\u0648\u0627\u0633\u062a\u06cc \u06a9\u0627\u0631\u060c \u0633\u06cc \u0648\u06cc \u0645\u0639\u0644\u0648\u0645\u0627\u062a \u0628\u06cc\u0634\u062a\u0631 \u0631\u0627\u062c\u0639 \u0628\u0647 \u06a9\u0627\u0631 \u0648 \u06a9\u0645\u06a9 \u0633\u0631\u06cc\u0639 \u062f\u0631 \u0628\u0631\u0646\u0627\u0645\u0647 \u0627\u06cc \u06a9\u0627\u0631\u062c\u0648\u06cc\u06cc \u0648 \u0628\u06cc\u0634 \u0627\u0631 \u0647\u0645\u0647 \u06a9\u0647 \u0634\u0645\u0627 \u0628\u062a\u0648\u0627\u0646\u06cc\u062f \u0648 \u0634\u0627\u0646\u0633 \u0631\u0627 \u0628\u062f\u0633\u062a \u0628\u06cc\u0627\u0648\u0631\u06cc\u062f \u062a\u0627 \u0628\u0627 \u0634\u0631\u06a9\u062a \u0647\u0627\u06cc \u062f\u0631 \u0627\u0631\u062a\u0628\u0627\u0637 \u0634\u0648\u06cc\u062f \u06a9\u0647 \u0628\u0631\u0627\u06cc \u0634\u0645\u0627 \u06a9\u0627\u0631 \u0645\u06cc\u062f\u0647\u062f. <\/span><\/p>\n<h3 class=\"p3\" dir=\"rtl\"><span class=\"s1\"><b>\u0686\u0631\u0627 \u0628\u0627\u06cc\u062f \u0628\u0631\u0627\u06cc \u067e\u0631\u0648\u0698\u0647 <\/b><\/span><span class=\"s3\"><b>\u0627\u06cc \u06a9\u0645\u06a9 \u0648 \u0631\u0647\u0645\u0646\u0627\u06cc\u06cc <\/b><\/span><span class=\"s1\"><b>\u0645\u0631\u06cc\u062a \u0631\u0627 \u0627\u0646\u062a\u062e\u0627\u0628 \u06a9\u0631\u062f\u061f<\/b><\/span><\/h3>\n<p><span class=\"s1\">\u0627\u0645\u06a9\u0627\u0646\u0627\u062a \u0631\u0627\u0633\u062a\u06cc\u0646 \u0628\u0631\u0627\u06cc \u06a9\u0627\u0631\u06cc\u0627\u0628\u06cc \u0648 \u0622\u063a\u0627\u0632 \u062a\u062d\u0635\u06cc\u0644<\/span><\/p>\n<p><span class=\"s1\">\u06cc\u06a9 \u0631\u0647\u0646\u0645\u0627\u06cc \u0634\u062e\u0635\u06cc \u06a9\u0647 \u062f\u0631 \u062c\u0631\u06cc\u0627\u0646 \u0628\u0631\u0646\u0627\u0645\u0647 \u0628\u0627 \u0634\u0645\u0627\u0633\u062a<\/span><\/p>\n<p><span class=\"s1\">\u0631\u0647\u0646\u0645\u0627\u0647\u0627\u06cc \u0645\u0634\u062e\u0635 \u0634\u0631\u06a9\u062a \u06a9\u0647 \u062a\u062c\u0631\u0628\u0647 \u0648 \u0630\u0648\u0642<span class=\"Apple-converted-space\">\u00a0 <\/span>\u0634\u0645\u0627\u0631\u0627 \u0628\u0627 \u0628\u0627\u0632\u0627\u0631 \u06a9\u0627\u0631 \u0648\u0635\u0644 \u0645\u06cc\u06a9\u0646\u062f<\/span><\/p>\n<p><span class=\"s1\">\u062c\u0644\u0633\u0627\u062a \u062c\u062f\u06cc \u0648 \u0628\u0627 \u0627\u0639\u062a\u0645\u0627\u062f<\/span><\/p>\n<p><span class=\"s1\">\u06cc\u06a9 \u0641\u0636\u0627\u06cc \u0634\u062e\u0635\u06cc \u06a9\u0647 \u0634\u0645\u0627 \u062f\u0631 \u0627\u06cc\u0646\u062c\u0627 \u0631\u0627\u062d\u062a \u062e\u0648\u0627\u0647\u062f \u0628\u0648\u062f\u06cc\u062f<\/span><\/p>\n<p><span class=\"s1\">\u0631\u0647\u0645\u0646\u0627\u0647\u0627\u06cc \u0648\u062c\u0648\u062f \u062f\u0627\u0631\u062f \u06a9\u0647 \u0628\u0627 \u0632\u0628\u0627\u0646 \u0647\u0627\u06cc \u0645\u062e\u062a\u0644\u0641 \u0635\u062d\u0628\u062a \u0645\u06cc\u06a9\u0646\u062f<\/span><\/p>\n<p>&nbsp;<\/p>\n<p class=\"p3\" dir=\"rtl\"><span class=\"s1\"><b>\u0686\u06cc \u0628\u0627\u06cc\u062f \u06a9\u0631\u062f \u06a9\u0647 \u0627\u06cc\u0646 \u067e\u0631\u0648\u0698\u0647 \u0631\u0627 \u0622\u063a\u0627\u0632 \u06a9\u0646\u06cc\u062f\u061f<\/b><\/span><\/p>\n<p class=\"p2\" dir=\"rtl\"><span class=\"s1\">\u0628\u0627 \u0647\u0646\u0644<\/span><span class=\"s2\">\u06af<\/span><span class=\"s1\">\u0627\u0631\u0647 \u0627\u062a \u06cc\u0627 \u0634\u062e\u0635 \u0645\u0633\u0648\u0644\u062a \u06a9\u0647 \u062f\u0631 \u0627\u062f\u0627\u0631\u0647 \u0627\u06cc \u06a9\u0627\u0631 \u0627\u0633\u062a \u062f\u0631 \u062a\u0645\u0627\u0633 \u0634\u0648\u06cc\u062f \u0648 \u0628\u0631\u0627\u06cc \u0634\u0627\u0646 \u0627\u0637\u0644\u0627\u0639 \u062f\u0647\u06cc\u062f \u06a9\u0647 \u0634\u0645\u0627 \u0645\u06cc\u062e\u0648\u0627\u0647\u06cc\u062f \u067e\u0631\u0648\u0632\u0647 <\/span><span class=\"s3\">\u06a9\u0645\u06a9 \u0648 \u0631\u0647\u0646\u0645\u0627\u06cc\u06cc<\/span><span class=\"s1\"> \u0631\u0627 \u062f\u0631 \u0645\u0631\u06cc\u062a \u0622\u0639\u0627\u0632 \u06a9\u0646\u06cc\u062f. <\/span><span class=\"s5\">\u0644\u06cc\u0646\u06a9\u00a0<a href=\"http:\/\/www.arbetsformedlingen.se\/\" target=\"_blank\">Arbetsf\u00f6rmedlingen<\/a><\/span><\/p>\n<p class=\"p2\" dir=\"rtl\"><span class=\"s1\">\u0648\u0642\u062a\u06a9\u0647 \u0627\u0632 \u0627\u062f\u0627\u0631\u0647 \u0627\u06cc \u06a9\u0627\u0631 \u0628\u0631\u0627\u06cc \u0645\u0627 \u0627\u0637\u0644\u0627\u0639 \u0628\u0631\u0633\u062f \u06a9\u0647 \u0634\u0645\u0627 \u0645\u0631\u06cc\u062a \u0631\u0627 \u0627\u0646\u062a\u062e\u0627\u0628 \u06a9\u0631\u062f\u0647 \u0627\u06cc\u062f \u0631\u0647\u0646\u0645\u0627\u06cc \u0634\u062e\u0635\u06cc \u0634\u0645\u0627 \u0647\u0645\u0631\u0627\u06cc \u062a\u0627\u0646 \u062f\u0631 \u062a\u0645\u0627\u0633 \u0645\u06cc\u0634\u0648\u062f \u06a9\u0647 \u0634\u0645\u0627\u0631\u0627 \u0628\u0631\u0627\u06cc \u0645\u0644\u0627\u0642\u0627\u062a \u0627\u0648\u0644 \u062f\u0639\u0648\u062a \u06a9\u0646\u062f.<\/span><\/p>\n<p class=\"p2\" dir=\"rtl\"><span class=\"s1\">\u0634\u0645\u0627 \u0645\u06cc\u062a\u0648\u0627\u0646\u06cc\u062f \u06a9\u0647 \u0647\u0645\u0631\u0627\u06cc \u0645\u0627 \u0645\u0633\u062a\u0642\u06cc\u0645\u0622 \u062f\u0631 \u062a\u0645\u0627\u0633 \u0634\u0648\u06cc\u062f. <a href=\"mailto:monika.dall@meritutbildning.com\"><span class=\"s6\">monika.dall@meritutbildning.com<\/span><\/a><\/span><span class=\"s7\"><span class=\"Apple-converted-space\">\u00a0 \u00a0 \u00a0<\/span><\/span><span class=\"s1\"> \u0634\u0645\u0627\u0631\u0647 \u0627\u06cc \u062a\u0645\u0627\u0633 \u06f0\u06f7\u06f3\u06f5\u06f0\u06f0\u06f5\u06f9\u06f1\u06f1 <\/span><\/p>\n<p class=\"p5\" dir=\"rtl\"><span class=\"s1\">\u0633\u0627\u06cc\u062a \u0645\u0631\u06cc\u062a \u0631\u0627 \u062f\u0631 \u0641\u06cc\u0633\u0628\u0648\u06a9 \u0644\u0627\u06cc\u06a9 \u06a9\u0646\u06cc\u062f<\/span><\/p>\n<p class=\"p5\" dir=\"rtl\"><span class=\"s1\"><a href=\"https:\/\/www.facebook.com\/stodochmatchningpamerit\/\" target=\"_blank\"><img loading=\"lazy\" decoding=\"async\" class=\"alignnone size-full wp-image-727\" src=\"\/wp-content\/uploads\/2016\/07\/knapp_fb.jpg\" alt=\"knapp Facebook\" width=\"40\" height=\"40\" \/><\/a><\/span><\/p>\n<p>&nbsp;<\/p>\n","protected":false},"excerpt":{"rendered":"<p>\u06a9\u0645\u06a9 \u0648 \u0631\u0647\u0646\u0645\u0627\u06cc\u06cc \u0645\u0631\u06cc\u062a \u0631\u0627\u062c\u0639 \u0628\u0647 \u06a9\u0627\u0631\u06cc\u0627\u0628\u06cc \u0648 \u0634\u0631\u0648\u0639 \u062a\u062d\u0635\u06cc\u0644 \u0647\u0645\u0631\u0627\u06cc \u0634\u0645\u0627 \u06a9\u0645\u06a9 \u0645\u06cc\u06a9\u0646\u062f. \u0631\u0647\u0646\u0645\u0627 \u0647\u0627\u06cc \u0645\u0634\u062e\u0635 \u0634\u0631\u06a9\u062a \u0628\u0627 \u0634\u0631\u06a9\u062a \u0647\u0627\u06cc \u0645\u062e\u062a\u0644\u0641 \u062f\u0631 \u062a\u0645\u0627\u0633\u0646\u062f \u0622\u0646\u0639\u062f\u0647 \u0634\u0631\u06a9\u062a\u0647\u0627 \u06a9\u0647 \u0645\u06cc\u062e\u0648\u0627\u0647\u0646\u062f \u0628\u0631\u0627\u06cc \u0627\u0634\u062e\u0627\u0635 \u06a9\u0627\u0631\u062c\u0648 \u06a9\u0627\u0631 \u0628\u062f\u0647\u062f. \u0627\u06cc\u0646 \u0634\u0631\u06a9\u062a \u0647\u0627 \u0639\u0628\u0627\u0631\u062a\u0646\u062f \u0627\u0632 \u0631\u0633\u062a\u0648\u0631\u0627\u0646\u062a \u0647\u0627\u060c \u0647\u0648\u062a\u0644\u060c \u0627\u062f\u0631\u0627\u062a \u0635\u062d\u06cc\u060c \u0645\u062f\u0631\u0633\u0647 (\u0645\u06a9\u062a\u0628)\u060c \u0634\u0631\u06a9\u062a\u0647\u0627\u06cc \u0633\u0627\u062e\u062a\u0645\u0627\u0646\u06cc\u060c \u0634\u0631\u06a9\u062a\u0647\u0627\u06cc \u062a\u0631\u0627\u0646\u0633\u067e\u0648\u0631\u062a\u06cc\u060c \u062a\u0645\u06cc\u0636\u060c \u0622\u06cc \u062a\u064a\u060c \u0644\u0648\u062c\u0633\u062a\u06cc\u06a9 \u0648 \u063a\u06cc\u0631\u0647. [&hellip;]<\/p>\n","protected":false},"author":39,"featured_media":0,"parent":0,"menu_order":0,"comment_status":"closed","ping_status":"closed","template":"content-storsidebar.php","meta":{"_acf_changed":false,"footnotes":""},"class_list":["post-2697","page","type-page","status-publish","hentry"],"acf":[],"yoast_head":"<!-- This site is optimized with the Yoast SEO plugin v27.2 - https:\/\/yoast.com\/product\/yoast-seo-wordpress\/ -->\n<title>St\u00f6d och matchning - Merit Utbildning - V\u00e4lkommen till Merit utbildning AB<\/title>\n<meta name=\"robots\" content=\"index, follow, max-snippet:-1, max-image-preview:large, max-video-preview:-1\" \/>\n<link rel=\"canonical\" href=\"https:\/\/meritutbildning.com\/fa\/stod-och-matchning\/\" \/>\n<meta property=\"og:locale\" content=\"fa_IR\" \/>\n<meta property=\"og:type\" content=\"article\" \/>\n<meta property=\"og:title\" content=\"St\u00f6d och matchning - Merit Utbildning - V\u00e4lkommen till Merit utbildning AB\" \/>\n<meta property=\"og:description\" content=\"\u06a9\u0645\u06a9 \u0648 \u0631\u0647\u0646\u0645\u0627\u06cc\u06cc \u0645\u0631\u06cc\u062a \u0631\u0627\u062c\u0639 \u0628\u0647 \u06a9\u0627\u0631\u06cc\u0627\u0628\u06cc \u0648 \u0634\u0631\u0648\u0639 \u062a\u062d\u0635\u06cc\u0644 \u0647\u0645\u0631\u0627\u06cc \u0634\u0645\u0627 \u06a9\u0645\u06a9 \u0645\u06cc\u06a9\u0646\u062f. \u0631\u0647\u0646\u0645\u0627 \u0647\u0627\u06cc \u0645\u0634\u062e\u0635 \u0634\u0631\u06a9\u062a \u0628\u0627 \u0634\u0631\u06a9\u062a \u0647\u0627\u06cc \u0645\u062e\u062a\u0644\u0641 \u062f\u0631 \u062a\u0645\u0627\u0633\u0646\u062f \u0622\u0646\u0639\u062f\u0647 \u0634\u0631\u06a9\u062a\u0647\u0627 \u06a9\u0647 \u0645\u06cc\u062e\u0648\u0627\u0647\u0646\u062f \u0628\u0631\u0627\u06cc \u0627\u0634\u062e\u0627\u0635 \u06a9\u0627\u0631\u062c\u0648 \u06a9\u0627\u0631 \u0628\u062f\u0647\u062f. \u0627\u06cc\u0646 \u0634\u0631\u06a9\u062a \u0647\u0627 \u0639\u0628\u0627\u0631\u062a\u0646\u062f \u0627\u0632 \u0631\u0633\u062a\u0648\u0631\u0627\u0646\u062a \u0647\u0627\u060c \u0647\u0648\u062a\u0644\u060c \u0627\u062f\u0631\u0627\u062a \u0635\u062d\u06cc\u060c \u0645\u062f\u0631\u0633\u0647 (\u0645\u06a9\u062a\u0628)\u060c \u0634\u0631\u06a9\u062a\u0647\u0627\u06cc \u0633\u0627\u062e\u062a\u0645\u0627\u0646\u06cc\u060c \u0634\u0631\u06a9\u062a\u0647\u0627\u06cc \u062a\u0631\u0627\u0646\u0633\u067e\u0648\u0631\u062a\u06cc\u060c \u062a\u0645\u06cc\u0636\u060c \u0622\u06cc \u062a\u064a\u060c \u0644\u0648\u062c\u0633\u062a\u06cc\u06a9 \u0648 \u063a\u06cc\u0631\u0647. [&hellip;]\" \/>\n<meta property=\"og:url\" content=\"https:\/\/meritutbildning.com\/fa\/stod-och-matchning\/\" \/>\n<meta property=\"og:site_name\" content=\"Merit Utbildning - V\u00e4lkommen till Merit utbildning AB\" \/>\n<meta property=\"article:modified_time\" content=\"2016-08-31T12:29:43+00:00\" \/>\n<meta name=\"twitter:card\" content=\"summary_large_image\" \/>\n<script type=\"application\/ld+json\" class=\"yoast-schema-graph\">{\"@context\":\"https:\/\/schema.org\",\"@graph\":[{\"@type\":\"WebPage\",\"@id\":\"https:\/\/meritutbildning.com\/fa\/stod-och-matchning\/\",\"url\":\"https:\/\/meritutbildning.com\/fa\/stod-och-matchning\/\",\"name\":\"St\u00f6d och matchning - Merit Utbildning - V\u00e4lkommen till Merit utbildning AB\",\"isPartOf\":{\"@id\":\"https:\/\/meritutbildning.com\/#website\"},\"datePublished\":\"2016-07-11T16:24:34+00:00\",\"dateModified\":\"2016-08-31T12:29:43+00:00\",\"breadcrumb\":{\"@id\":\"https:\/\/meritutbildning.com\/fa\/stod-och-matchning\/#breadcrumb\"},\"inLanguage\":\"fa-IR\",\"potentialAction\":[{\"@type\":\"ReadAction\",\"target\":[\"https:\/\/meritutbildning.com\/fa\/stod-och-matchning\/\"]}]},{\"@type\":\"BreadcrumbList\",\"@id\":\"https:\/\/meritutbildning.com\/fa\/stod-och-matchning\/#breadcrumb\",\"itemListElement\":[{\"@type\":\"ListItem\",\"position\":1,\"name\":\"Hem\",\"item\":\"https:\/\/meritutbildning.com\/fa\/\"},{\"@type\":\"ListItem\",\"position\":2,\"name\":\"St\u00f6d och matchning\"}]},{\"@type\":\"WebSite\",\"@id\":\"https:\/\/meritutbildning.com\/#website\",\"url\":\"https:\/\/meritutbildning.com\/\",\"name\":\"Merit Utbildning - V\u00e4lkommen till Merit utbildning AB\",\"description\":\"Vi utbildar och coachar f\u00f6r att varje person ska hitta sin snabbaste och b\u00e4sta v\u00e4g mot r\u00e4tt arbete och delaktighet i samh\u00e4llet.\",\"potentialAction\":[{\"@type\":\"SearchAction\",\"target\":{\"@type\":\"EntryPoint\",\"urlTemplate\":\"https:\/\/meritutbildning.com\/?s={search_term_string}\"},\"query-input\":{\"@type\":\"PropertyValueSpecification\",\"valueRequired\":true,\"valueName\":\"search_term_string\"}}],\"inLanguage\":\"fa-IR\"}]}<\/script>\n<!-- \/ Yoast SEO plugin. -->","yoast_head_json":{"title":"St\u00f6d och matchning - Merit Utbildning - V\u00e4lkommen till Merit utbildning AB","robots":{"index":"index","follow":"follow","max-snippet":"max-snippet:-1","max-image-preview":"max-image-preview:large","max-video-preview":"max-video-preview:-1"},"canonical":"https:\/\/meritutbildning.com\/fa\/stod-och-matchning\/","og_locale":"fa_IR","og_type":"article","og_title":"St\u00f6d och matchning - Merit Utbildning - V\u00e4lkommen till Merit utbildning AB","og_description":"\u06a9\u0645\u06a9 \u0648 \u0631\u0647\u0646\u0645\u0627\u06cc\u06cc \u0645\u0631\u06cc\u062a \u0631\u0627\u062c\u0639 \u0628\u0647 \u06a9\u0627\u0631\u06cc\u0627\u0628\u06cc \u0648 \u0634\u0631\u0648\u0639 \u062a\u062d\u0635\u06cc\u0644 \u0647\u0645\u0631\u0627\u06cc \u0634\u0645\u0627 \u06a9\u0645\u06a9 \u0645\u06cc\u06a9\u0646\u062f. \u0631\u0647\u0646\u0645\u0627 \u0647\u0627\u06cc \u0645\u0634\u062e\u0635 \u0634\u0631\u06a9\u062a \u0628\u0627 \u0634\u0631\u06a9\u062a \u0647\u0627\u06cc \u0645\u062e\u062a\u0644\u0641 \u062f\u0631 \u062a\u0645\u0627\u0633\u0646\u062f \u0622\u0646\u0639\u062f\u0647 \u0634\u0631\u06a9\u062a\u0647\u0627 \u06a9\u0647 \u0645\u06cc\u062e\u0648\u0627\u0647\u0646\u062f \u0628\u0631\u0627\u06cc \u0627\u0634\u062e\u0627\u0635 \u06a9\u0627\u0631\u062c\u0648 \u06a9\u0627\u0631 \u0628\u062f\u0647\u062f. \u0627\u06cc\u0646 \u0634\u0631\u06a9\u062a \u0647\u0627 \u0639\u0628\u0627\u0631\u062a\u0646\u062f \u0627\u0632 \u0631\u0633\u062a\u0648\u0631\u0627\u0646\u062a \u0647\u0627\u060c \u0647\u0648\u062a\u0644\u060c \u0627\u062f\u0631\u0627\u062a \u0635\u062d\u06cc\u060c \u0645\u062f\u0631\u0633\u0647 (\u0645\u06a9\u062a\u0628)\u060c \u0634\u0631\u06a9\u062a\u0647\u0627\u06cc \u0633\u0627\u062e\u062a\u0645\u0627\u0646\u06cc\u060c \u0634\u0631\u06a9\u062a\u0647\u0627\u06cc \u062a\u0631\u0627\u0646\u0633\u067e\u0648\u0631\u062a\u06cc\u060c \u062a\u0645\u06cc\u0636\u060c \u0622\u06cc \u062a\u064a\u060c \u0644\u0648\u062c\u0633\u062a\u06cc\u06a9 \u0648 \u063a\u06cc\u0631\u0647. [&hellip;]","og_url":"https:\/\/meritutbildning.com\/fa\/stod-och-matchning\/","og_site_name":"Merit Utbildning - V\u00e4lkommen till Merit utbildning AB","article_modified_time":"2016-08-31T12:29:43+00:00","twitter_card":"summary_large_image","schema":{"@context":"https:\/\/schema.org","@graph":[{"@type":"WebPage","@id":"https:\/\/meritutbildning.com\/fa\/stod-och-matchning\/","url":"https:\/\/meritutbildning.com\/fa\/stod-och-matchning\/","name":"St\u00f6d och matchning - Merit Utbildning - V\u00e4lkommen till Merit utbildning AB","isPartOf":{"@id":"https:\/\/meritutbildning.com\/#website"},"datePublished":"2016-07-11T16:24:34+00:00","dateModified":"2016-08-31T12:29:43+00:00","breadcrumb":{"@id":"https:\/\/meritutbildning.com\/fa\/stod-och-matchning\/#breadcrumb"},"inLanguage":"fa-IR","potentialAction":[{"@type":"ReadAction","target":["https:\/\/meritutbildning.com\/fa\/stod-och-matchning\/"]}]},{"@type":"BreadcrumbList","@id":"https:\/\/meritutbildning.com\/fa\/stod-och-matchning\/#breadcrumb","itemListElement":[{"@type":"ListItem","position":1,"name":"Hem","item":"https:\/\/meritutbildning.com\/fa\/"},{"@type":"ListItem","position":2,"name":"St\u00f6d och matchning"}]},{"@type":"WebSite","@id":"https:\/\/meritutbildning.com\/#website","url":"https:\/\/meritutbildning.com\/","name":"Merit Utbildning - V\u00e4lkommen till Merit utbildning AB","description":"Vi utbildar och coachar f\u00f6r att varje person ska hitta sin snabbaste och b\u00e4sta v\u00e4g mot r\u00e4tt arbete och delaktighet i samh\u00e4llet.","potentialAction":[{"@type":"SearchAction","target":{"@type":"EntryPoint","urlTemplate":"https:\/\/meritutbildning.com\/?s={search_term_string}"},"query-input":{"@type":"PropertyValueSpecification","valueRequired":true,"valueName":"search_term_string"}}],"inLanguage":"fa-IR"}]}},"_links":{"self":[{"href":"https:\/\/meritutbildning.com\/fa\/wp-json\/wp\/v2\/pages\/2697","targetHints":{"allow":["GET"]}}],"collection":[{"href":"https:\/\/meritutbildning.com\/fa\/wp-json\/wp\/v2\/pages"}],"about":[{"href":"https:\/\/meritutbildning.com\/fa\/wp-json\/wp\/v2\/types\/page"}],"author":[{"embeddable":true,"href":"https:\/\/meritutbildning.com\/fa\/wp-json\/wp\/v2\/users\/39"}],"replies":[{"embeddable":true,"href":"https:\/\/meritutbildning.com\/fa\/wp-json\/wp\/v2\/comments?post=2697"}],"version-history":[{"count":0,"href":"https:\/\/meritutbildning.com\/fa\/wp-json\/wp\/v2\/pages\/2697\/revisions"}],"wp:attachment":[{"href":"https:\/\/meritutbildning.com\/fa\/wp-json\/wp\/v2\/media?parent=2697"}],"curies":[{"name":"wp","href":"https:\/\/api.w.org\/{rel}","templated":true}]}}