{"id":2525,"date":"2016-07-11T18:25:06","date_gmt":"2016-07-11T16:25:06","guid":{"rendered":"http:\/\/merit.uppereight.com\/hu\/stod-och-matchning\/arlov\/"},"modified":"2024-11-12T12:26:04","modified_gmt":"2024-11-12T11:26:04","slug":"arlov","status":"publish","type":"page","link":"https:\/\/meritutbildning.com\/hu\/stod-och-matchning\/arlov\/","title":{"rendered":"Arl\u00f6v"},"content":{"rendered":"<p>Merit segit egy munkakeres\u00e9ssel vagy egymefelel\u00f6 szakmaval. Az ipari Merit\u00a0edz\u00f6knek kapcsolatai vannak a munkaad\u00f3kal: hotel, eg\u00e9szs\u00e9g\u00fcgy, oktat\u00e1s,\u00a0\u00e9pitkez\u00e9sben, sz\u00e1llit\u00e1s, takarit\u00e1s, IT szamitog\u00e9p, ligistika stb. stb.<\/p>\n<p>Jogod van h\u00e1rom h\u00f3napos id\u0151tartamra,a Mefelel\u00f6 segits\u00e9gre valamint egy\u00fctt\u00a0tervezni \u00e9s megtal\u00e1lni a megfelel\u0151 segits\u00e9get \u00e9s szakm\u00e1t. Ebben p\u00e9ldaul benne\u00a0van: hogy irjon P\u00e1lyakezd\u0151 karrier tan\u00e1csokat, \u00f6n\u00e9letrajz \u00e9s k\u00eds\u00e9r\u0151levelet,\u00a0\u00f6tleteket \u00e9s hat\u00e9konyi segits\u00e9geket. Eggy\u00fct megtal\u00e1lj\u00e1k az ide\u00e1lis munkaad\u00f3t,\u00a0vagy szeretne felk\u00e9sz\u00fclni az \u00e1ll\u00e1sinterj\u00fara.<\/p>\n<p>&nbsp;<\/p>\n<h3>Mi\u00e9rt v\u00e1lassza a Megfelel\u0151 segits\u00e9get a Meriten<\/h3>\n<ul>\n<li>Biztos munkalehet\u0151s\u00e9get \u00e9s szakm\u00e1t tal\u00e1lni.<\/li>\n<li>Egy szem\u00e9lyi tan\u00e1r aki mindig veled van az teljes folyamat alatt.<\/li>\n<li>A tan\u00e1rok \u00e9s c\u00e9gek kapcsolata a megfelel\u0151 szakm\u00e1k es \u00e9rdekek.<\/li>\n<li>Egy egyenes \u00e9s becs\u00fcletes hozz\u00e1\u00e1ll\u00e1s.<\/li>\n<li>T\u00f6bbnyelv\u00fc tan\u00e1r<\/li>\n<\/ul>\n<p>&nbsp;<\/p>\n<h3>Hogyan kezdejen hozz\u00e1<\/h3>\n<p>L\u00e9pjen kapcsolatba a <a href=\"https:\/\/arbetsformedlingen.se\/kontakt\/ring-eller-chatta\" target=\"_blank\" rel=\"noopener\">Arbetsf\u00f6rmedlingen<\/a> (Foglalkoztat\u00e1si Szolg\u00e1lattal) \u00e9s mond el nekik \u00e9rdeket\u00a0Megfelel\u00f6 segits\u00e9g a Meriten Link cime.<\/p>\n<p>KA-nummer: 10040445<\/p>\n<p>Miut\u00e1n mi megkaptuk az \u00e9rtes\u00edt\u00e9st, egy szem\u00e9lyes tanar felveszi a kapcsolatot\u00a0\u00e9s l\u00e9trehozza az els\u00f6 tal\u00e1lkozast.<\/p>\n<p>K\u00f6zvetlen\u00fcl kapcsolatban l\u00e9phet<\/p>\n<p>&nbsp;<\/p>\n<p><a href=\"https:\/\/www.facebook.com\/stodochmatchningpamerit\/\" target=\"_blank\" rel=\"noopener\"><img loading=\"lazy\" decoding=\"async\" class=\"alignnone size-full wp-image-727\" src=\"\/wp-content\/uploads\/2016\/07\/knapp_fb.jpg\" alt=\"knapp Facebook\" width=\"40\" height=\"40\" \/>\u00a0l\u00e1thatnak a Facebook on<\/a><\/p>\n<p>&nbsp;<\/p>\n","protected":false},"excerpt":{"rendered":"<p>Merit segit egy munkakeres\u00e9ssel vagy egymefelel\u00f6 szakmaval. Az ipari Merit\u00a0edz\u00f6knek kapcsolatai vannak a munkaad\u00f3kal: hotel, eg\u00e9szs\u00e9g\u00fcgy, oktat\u00e1s,\u00a0\u00e9pitkez\u00e9sben, sz\u00e1llit\u00e1s, takarit\u00e1s, IT szamitog\u00e9p, ligistika stb. stb. Jogod van h\u00e1rom h\u00f3napos id\u0151tartamra,a Mefelel\u00f6 segits\u00e9gre valamint egy\u00fctt\u00a0tervezni \u00e9s megtal\u00e1lni a megfelel\u0151 segits\u00e9get \u00e9s szakm\u00e1t. Ebben p\u00e9ldaul benne\u00a0van: hogy irjon P\u00e1lyakezd\u0151 karrier tan\u00e1csokat, \u00f6n\u00e9letrajz \u00e9s k\u00eds\u00e9r\u0151levelet,\u00a0\u00f6tleteket \u00e9s hat\u00e9konyi segits\u00e9geket. Eggy\u00fct [&hellip;]<\/p>\n","protected":false},"author":39,"featured_media":0,"parent":2520,"menu_order":0,"comment_status":"closed","ping_status":"closed","template":"content-storsidebar-SOM.php","meta":{"_acf_changed":false,"footnotes":""},"class_list":["post-2525","page","type-page","status-publish","hentry"],"acf":[],"yoast_head":"<!-- This site is optimized with the Yoast SEO plugin v27.2 - https:\/\/yoast.com\/product\/yoast-seo-wordpress\/ -->\n<title>Arl\u00f6v - Merit Utbildning - V\u00e4lkommen till Merit utbildning AB<\/title>\n<meta name=\"robots\" content=\"index, follow, max-snippet:-1, max-image-preview:large, max-video-preview:-1\" \/>\n<link rel=\"canonical\" href=\"https:\/\/meritutbildning.com\/hu\/stod-och-matchning\/arlov\/\" \/>\n<meta property=\"og:locale\" content=\"hu_HU\" \/>\n<meta property=\"og:type\" content=\"article\" \/>\n<meta property=\"og:title\" content=\"Arl\u00f6v - Merit Utbildning - V\u00e4lkommen till Merit utbildning AB\" \/>\n<meta property=\"og:description\" content=\"Merit segit egy munkakeres\u00e9ssel vagy egymefelel\u00f6 szakmaval. Az ipari Merit\u00a0edz\u00f6knek kapcsolatai vannak a munkaad\u00f3kal: hotel, eg\u00e9szs\u00e9g\u00fcgy, oktat\u00e1s,\u00a0\u00e9pitkez\u00e9sben, sz\u00e1llit\u00e1s, takarit\u00e1s, IT szamitog\u00e9p, ligistika stb. stb. Jogod van h\u00e1rom h\u00f3napos id\u0151tartamra,a Mefelel\u00f6 segits\u00e9gre valamint egy\u00fctt\u00a0tervezni \u00e9s megtal\u00e1lni a megfelel\u0151 segits\u00e9get \u00e9s szakm\u00e1t. Ebben p\u00e9ldaul benne\u00a0van: hogy irjon P\u00e1lyakezd\u0151 karrier tan\u00e1csokat, \u00f6n\u00e9letrajz \u00e9s k\u00eds\u00e9r\u0151levelet,\u00a0\u00f6tleteket \u00e9s hat\u00e9konyi segits\u00e9geket. Eggy\u00fct [&hellip;]\" \/>\n<meta property=\"og:url\" content=\"https:\/\/meritutbildning.com\/hu\/stod-och-matchning\/arlov\/\" \/>\n<meta property=\"og:site_name\" content=\"Merit Utbildning - V\u00e4lkommen till Merit utbildning AB\" \/>\n<meta property=\"article:modified_time\" content=\"2024-11-12T11:26:04+00:00\" \/>\n<meta name=\"twitter:card\" content=\"summary_large_image\" \/>\n<meta name=\"twitter:label1\" content=\"Becs\u00fclt olvas\u00e1si id\u0151\" \/>\n\t<meta name=\"twitter:data1\" content=\"1 perc\" \/>\n<script type=\"application\/ld+json\" class=\"yoast-schema-graph\">{\"@context\":\"https:\/\/schema.org\",\"@graph\":[{\"@type\":\"WebPage\",\"@id\":\"https:\/\/meritutbildning.com\/hu\/stod-och-matchning\/arlov\/\",\"url\":\"https:\/\/meritutbildning.com\/hu\/stod-och-matchning\/arlov\/\",\"name\":\"Arl\u00f6v - Merit Utbildning - V\u00e4lkommen till Merit utbildning AB\",\"isPartOf\":{\"@id\":\"https:\/\/meritutbildning.com\/#website\"},\"datePublished\":\"2016-07-11T16:25:06+00:00\",\"dateModified\":\"2024-11-12T11:26:04+00:00\",\"breadcrumb\":{\"@id\":\"https:\/\/meritutbildning.com\/hu\/stod-och-matchning\/arlov\/#breadcrumb\"},\"inLanguage\":\"hu\",\"potentialAction\":[{\"@type\":\"ReadAction\",\"target\":[\"https:\/\/meritutbildning.com\/hu\/stod-och-matchning\/arlov\/\"]}]},{\"@type\":\"BreadcrumbList\",\"@id\":\"https:\/\/meritutbildning.com\/hu\/stod-och-matchning\/arlov\/#breadcrumb\",\"itemListElement\":[{\"@type\":\"ListItem\",\"position\":1,\"name\":\"Hem\",\"item\":\"https:\/\/meritutbildning.com\/hu\/\"},{\"@type\":\"ListItem\",\"position\":2,\"name\":\"St\u00f6d och matchning\",\"item\":\"https:\/\/meritutbildning.com\/hu\/stod-och-matchning\/\"},{\"@type\":\"ListItem\",\"position\":3,\"name\":\"Arl\u00f6v\"}]},{\"@type\":\"WebSite\",\"@id\":\"https:\/\/meritutbildning.com\/#website\",\"url\":\"https:\/\/meritutbildning.com\/\",\"name\":\"Merit Utbildning - V\u00e4lkommen till Merit utbildning AB\",\"description\":\"Vi utbildar och coachar f\u00f6r att varje person ska hitta sin snabbaste och b\u00e4sta v\u00e4g mot r\u00e4tt arbete och delaktighet i samh\u00e4llet.\",\"potentialAction\":[{\"@type\":\"SearchAction\",\"target\":{\"@type\":\"EntryPoint\",\"urlTemplate\":\"https:\/\/meritutbildning.com\/?s={search_term_string}\"},\"query-input\":{\"@type\":\"PropertyValueSpecification\",\"valueRequired\":true,\"valueName\":\"search_term_string\"}}],\"inLanguage\":\"hu\"}]}<\/script>\n<!-- \/ Yoast SEO plugin. -->","yoast_head_json":{"title":"Arl\u00f6v - Merit Utbildning - V\u00e4lkommen till Merit utbildning AB","robots":{"index":"index","follow":"follow","max-snippet":"max-snippet:-1","max-image-preview":"max-image-preview:large","max-video-preview":"max-video-preview:-1"},"canonical":"https:\/\/meritutbildning.com\/hu\/stod-och-matchning\/arlov\/","og_locale":"hu_HU","og_type":"article","og_title":"Arl\u00f6v - Merit Utbildning - V\u00e4lkommen till Merit utbildning AB","og_description":"Merit segit egy munkakeres\u00e9ssel vagy egymefelel\u00f6 szakmaval. Az ipari Merit\u00a0edz\u00f6knek kapcsolatai vannak a munkaad\u00f3kal: hotel, eg\u00e9szs\u00e9g\u00fcgy, oktat\u00e1s,\u00a0\u00e9pitkez\u00e9sben, sz\u00e1llit\u00e1s, takarit\u00e1s, IT szamitog\u00e9p, ligistika stb. stb. Jogod van h\u00e1rom h\u00f3napos id\u0151tartamra,a Mefelel\u00f6 segits\u00e9gre valamint egy\u00fctt\u00a0tervezni \u00e9s megtal\u00e1lni a megfelel\u0151 segits\u00e9get \u00e9s szakm\u00e1t. Ebben p\u00e9ldaul benne\u00a0van: hogy irjon P\u00e1lyakezd\u0151 karrier tan\u00e1csokat, \u00f6n\u00e9letrajz \u00e9s k\u00eds\u00e9r\u0151levelet,\u00a0\u00f6tleteket \u00e9s hat\u00e9konyi segits\u00e9geket. Eggy\u00fct [&hellip;]","og_url":"https:\/\/meritutbildning.com\/hu\/stod-och-matchning\/arlov\/","og_site_name":"Merit Utbildning - V\u00e4lkommen till Merit utbildning AB","article_modified_time":"2024-11-12T11:26:04+00:00","twitter_card":"summary_large_image","twitter_misc":{"Becs\u00fclt olvas\u00e1si id\u0151":"1 perc"},"schema":{"@context":"https:\/\/schema.org","@graph":[{"@type":"WebPage","@id":"https:\/\/meritutbildning.com\/hu\/stod-och-matchning\/arlov\/","url":"https:\/\/meritutbildning.com\/hu\/stod-och-matchning\/arlov\/","name":"Arl\u00f6v - Merit Utbildning - V\u00e4lkommen till Merit utbildning AB","isPartOf":{"@id":"https:\/\/meritutbildning.com\/#website"},"datePublished":"2016-07-11T16:25:06+00:00","dateModified":"2024-11-12T11:26:04+00:00","breadcrumb":{"@id":"https:\/\/meritutbildning.com\/hu\/stod-och-matchning\/arlov\/#breadcrumb"},"inLanguage":"hu","potentialAction":[{"@type":"ReadAction","target":["https:\/\/meritutbildning.com\/hu\/stod-och-matchning\/arlov\/"]}]},{"@type":"BreadcrumbList","@id":"https:\/\/meritutbildning.com\/hu\/stod-och-matchning\/arlov\/#breadcrumb","itemListElement":[{"@type":"ListItem","position":1,"name":"Hem","item":"https:\/\/meritutbildning.com\/hu\/"},{"@type":"ListItem","position":2,"name":"St\u00f6d och matchning","item":"https:\/\/meritutbildning.com\/hu\/stod-och-matchning\/"},{"@type":"ListItem","position":3,"name":"Arl\u00f6v"}]},{"@type":"WebSite","@id":"https:\/\/meritutbildning.com\/#website","url":"https:\/\/meritutbildning.com\/","name":"Merit Utbildning - V\u00e4lkommen till Merit utbildning AB","description":"Vi utbildar och coachar f\u00f6r att varje person ska hitta sin snabbaste och b\u00e4sta v\u00e4g mot r\u00e4tt arbete och delaktighet i samh\u00e4llet.","potentialAction":[{"@type":"SearchAction","target":{"@type":"EntryPoint","urlTemplate":"https:\/\/meritutbildning.com\/?s={search_term_string}"},"query-input":{"@type":"PropertyValueSpecification","valueRequired":true,"valueName":"search_term_string"}}],"inLanguage":"hu"}]}},"_links":{"self":[{"href":"https:\/\/meritutbildning.com\/hu\/wp-json\/wp\/v2\/pages\/2525","targetHints":{"allow":["GET"]}}],"collection":[{"href":"https:\/\/meritutbildning.com\/hu\/wp-json\/wp\/v2\/pages"}],"about":[{"href":"https:\/\/meritutbildning.com\/hu\/wp-json\/wp\/v2\/types\/page"}],"author":[{"embeddable":true,"href":"https:\/\/meritutbildning.com\/hu\/wp-json\/wp\/v2\/users\/39"}],"replies":[{"embeddable":true,"href":"https:\/\/meritutbildning.com\/hu\/wp-json\/wp\/v2\/comments?post=2525"}],"version-history":[{"count":0,"href":"https:\/\/meritutbildning.com\/hu\/wp-json\/wp\/v2\/pages\/2525\/revisions"}],"up":[{"embeddable":true,"href":"https:\/\/meritutbildning.com\/hu\/wp-json\/wp\/v2\/pages\/2520"}],"wp:attachment":[{"href":"https:\/\/meritutbildning.com\/hu\/wp-json\/wp\/v2\/media?parent=2525"}],"curies":[{"name":"wp","href":"https:\/\/api.w.org\/{rel}","templated":true}]}}