{"id":6062,"date":"2020-11-09T09:03:34","date_gmt":"2020-11-09T08:03:34","guid":{"rendered":"https:\/\/meritutbildning.com\/?page_id=6062"},"modified":"2020-11-11T16:28:42","modified_gmt":"2020-11-11T15:28:42","slug":"helsingborg-bygg-kurmanji","status":"publish","type":"page","link":"https:\/\/meritutbildning.com\/ku\/sfi\/helsingborg-bygg-kurmanji\/","title":{"rendered":"Sfi med yrkessp\u00e5r i Helsingborg &#8211; bygg, anl\u00e4ggning och fastighet &#8211; Kurmanji"},"content":{"rendered":"<h1><span style=\"font-family: arial, helvetica, sans-serif;\">Xwe qeyd biken yekser!<\/span><\/h1>\n<p><a class=\"scroll-to\" href=\"#anmalan\"><img loading=\"lazy\" decoding=\"async\" class=\"alignnone wp-image-6261\" src=\"https:\/\/meritutbildning.com\/wp-content\/uploads\/2020\/11\/Sfi-med-yrkesspa\u030ar-300x50.png\" alt=\"\" width=\"483\" height=\"81\" srcset=\"https:\/\/meritutbildning.com\/wp-content\/uploads\/2020\/11\/Sfi-med-yrkesspa\u030ar-300x50.png 300w, https:\/\/meritutbildning.com\/wp-content\/uploads\/2020\/11\/Sfi-med-yrkesspa\u030ar-1024x171.png 1024w, https:\/\/meritutbildning.com\/wp-content\/uploads\/2020\/11\/Sfi-med-yrkesspa\u030ar-768x128.png 768w, https:\/\/meritutbildning.com\/wp-content\/uploads\/2020\/11\/Sfi-med-yrkesspa\u030ar.png 1367w\" sizes=\"auto, (max-width: 483px) 100vw, 483px\" \/><\/a><\/p>\n<p><a class=\"scroll-to\" href=\"#anmalan\"><img loading=\"lazy\" decoding=\"async\" class=\"alignnone wp-image-6233\" src=\"https:\/\/meritutbildning.com\/wp-content\/uploads\/2020\/11\/Arbetsinriktad-sfi-300x50.png\" alt=\"\" width=\"483\" height=\"81\" srcset=\"https:\/\/meritutbildning.com\/wp-content\/uploads\/2020\/11\/Arbetsinriktad-sfi-300x50.png 300w, https:\/\/meritutbildning.com\/wp-content\/uploads\/2020\/11\/Arbetsinriktad-sfi-1024x171.png 1024w, https:\/\/meritutbildning.com\/wp-content\/uploads\/2020\/11\/Arbetsinriktad-sfi-768x128.png 768w, https:\/\/meritutbildning.com\/wp-content\/uploads\/2020\/11\/Arbetsinriktad-sfi.png 1367w\" sizes=\"auto, (max-width: 483px) 100vw, 483px\" \/><\/a><\/p>\n<p><a class=\"scroll-to\" href=\"#anmalan\"><img loading=\"lazy\" decoding=\"async\" class=\"alignnone wp-image-6247\" src=\"https:\/\/meritutbildning.com\/wp-content\/uploads\/2020\/11\/Flex-sfi-intensiv-300x50.png\" alt=\"\" width=\"483\" height=\"81\" srcset=\"https:\/\/meritutbildning.com\/wp-content\/uploads\/2020\/11\/Flex-sfi-intensiv-300x50.png 300w, https:\/\/meritutbildning.com\/wp-content\/uploads\/2020\/11\/Flex-sfi-intensiv-1024x171.png 1024w, https:\/\/meritutbildning.com\/wp-content\/uploads\/2020\/11\/Flex-sfi-intensiv-768x128.png 768w, https:\/\/meritutbildning.com\/wp-content\/uploads\/2020\/11\/Flex-sfi-intensiv.png 1367w\" sizes=\"auto, (max-width: 483px) 100vw, 483px\" \/><\/a><\/p>\n<p>&nbsp;<\/p>\n<h2><span style=\"font-family: arial, helvetica, sans-serif;\"><strong>Avakirin<\/strong><strong>, avah\u00ee \u00fb <\/strong><strong>mal\u00fbmilk <\/strong><\/span><\/h2>\n<p><span style=\"font-family: arial, helvetica, sans-serif;\">R\u00eaya p\u00ee\u015fey\u00ee\/kar\u00ee z\u00fbtir\u00een r\u00ea ye bo kar\u00ee! Heke h\u00fbn dixwazin karbiken di war\u00ea avakirn\u00ea de, d\u00ea h\u00fbn v\u00ea r\u00ea ya kar\u00ee hilbij\u00earin. Belk\u00ee h\u00fbn dixwazin bibin necar (dartra\u015f), sebax, plumber (VVS-mont\u00f6r), \u00e7avd\u00ear an nobedar\u00ea avah\u00eeya? Gelek del\u00eeve hene!<\/span><\/p>\n<p><span style=\"font-family: arial, helvetica, sans-serif;\">H\u00fbn ziman\u00ea sw\u00ead\u00ee dixw\u00eenin \u00fb di heman dem de h\u00fbn dikarin bi\u00e7in e kursek\u00ee kar\u00ee di war\u00ea avah\u00ee de. Ev t\u00ea v\u00ea mane y\u00ea ku h\u00fbn gelek zan\u00een\u00ea werdigirin li dor karkirna p\u00ee\u015fesaziya ku h\u00fbn dixwazin t\u00ea de kar biken. H\u00fbn d\u00ea f\u00ear\u00ee peyva bin y\u00ean ku h\u00fbn hewce dibin, \u00fb h\u00fbn d\u00ea serdana cih\u00ean kar\u00ee y\u00ean c\u00fbda biken. Her wesa d\u00ea we \u015fans\/delive hebit ku h\u00fbn prakt\u00eek\u00ea biken.<\/span><\/p>\n<p><span style=\"font-family: arial, helvetica, sans-serif;\">Li gel mamostey\u00ea xwe y\u00ea kar\u00ee, h\u00fbn jiyana xweya kar\u00ea p\u00ea\u015feroj\u00ea plansaz diken \u00fb ka d\u00ea \u00e7awa gehin armanca xwe.<\/span><\/p>\n<p><span style=\"font-family: arial, helvetica, sans-serif;\">H\u00fbn d\u00ea CV-yeka ba\u015f st\u00eenin \u00fb d\u00ea xwe li ser hevpeyiv\u00eena karkirn\u00ea f\u00ear ken.<\/span><\/p>\n<p><span style=\"font-family: arial, helvetica, sans-serif;\">Li gel mamostey\u00ea xwe y\u00ea sfi, h\u00fbn kurs\u00ean xwe plansaz diken da ku di z\u00fbtir\u00een dem de \u015fehadetnam\u00ea\/notan bist\u00eenin.<\/span><\/p>\n<p><span style=\"font-family: arial, helvetica, sans-serif;\">H\u00fbn bi x\u00ear hatin ku h\u00fbn sfi, kurs\u00ean p\u00ee\u015fey\u00ee bixw\u00eenin \u00fb di heman dem de prakt\u00eek\u00ea bist\u00eenin!<\/span><\/p>\n<p><span style=\"font-family: arial, helvetica, sans-serif;\"><strong>Gelek kar\u00ean vala hene di war\u00ea avakirn\u00ea \u00fb avah\u00eeya da!<\/strong><\/span><\/p>\n<p>&nbsp;<\/p>\n<h2><span style=\"font-family: arial, helvetica, sans-serif;\"><strong>Xwe li h\u00ear e qeyd biken, em k\u00eafxwe\u015f in ku al\u00eekar ya we bikeyn! <\/strong><\/span><\/h2>\n<p>Bo bitir p\u00eazan\u00eena \u00fb al\u00eekariy\u00ea li dor qeyd kirn\u00ea\/ navniv\u00eesandin\u00ea!<\/p>\n<h1><a href=\"https:\/\/helsingborg.se\/forskola-och-utbildning\/vuxenutbildning\/utbildningar\/sfi-svenskundervisning-for-invandrare\/anmal-dig-till-sfi\/\"><span style=\"font-size: 18pt;\"><strong><img loading=\"lazy\" decoding=\"async\" class=\"alignnone size-medium wp-image-6523\" src=\"https:\/\/meritutbildning.com\/wp-content\/uploads\/2020\/11\/Anso\u0308k-ha\u0308r-1-300x97.png\" alt=\"\" width=\"300\" height=\"97\" srcset=\"https:\/\/meritutbildning.com\/wp-content\/uploads\/2020\/11\/Anso\u0308k-ha\u0308r-1-300x97.png 300w, https:\/\/meritutbildning.com\/wp-content\/uploads\/2020\/11\/Anso\u0308k-ha\u0308r-1-1024x330.png 1024w, https:\/\/meritutbildning.com\/wp-content\/uploads\/2020\/11\/Anso\u0308k-ha\u0308r-1-768x247.png 768w, https:\/\/meritutbildning.com\/wp-content\/uploads\/2020\/11\/Anso\u0308k-ha\u0308r-1-1536x495.png 1536w, https:\/\/meritutbildning.com\/wp-content\/uploads\/2020\/11\/Anso\u0308k-ha\u0308r-1.png 1754w\" sizes=\"auto, (max-width: 300px) 100vw, 300px\" \/><\/strong><\/span><\/a><\/h1>\n<p><a class=\"merit-read-more\">L\u00e4s mer<\/a><!--read more--><\/p>\n<p><img loading=\"lazy\" decoding=\"async\" class=\"alignnone wp-image-5588\" src=\"https:\/\/meritutbildning.com\/wp-content\/uploads\/2020\/10\/Barn-och-skola_Rityta-1-150x150.png\" alt=\"\" width=\"100\" height=\"100\" \/>\u00a0 \u00a0 <img loading=\"lazy\" decoding=\"async\" class=\"alignnone wp-image-5602\" src=\"https:\/\/meritutbildning.com\/wp-content\/uploads\/2020\/10\/Bygg-rund_Rityta-1-150x150.png\" alt=\"\" width=\"100\" height=\"100\" \/> \u00a0 \u00a0<img loading=\"lazy\" decoding=\"async\" class=\"alignnone wp-image-5616\" src=\"https:\/\/meritutbildning.com\/wp-content\/uploads\/2020\/10\/Restaurang_Rityta-1-150x150.png\" alt=\"\" width=\"100\" height=\"100\" \/>\u00a0 \u00a0 <img loading=\"lazy\" decoding=\"async\" class=\"alignnone wp-image-5630\" src=\"https:\/\/meritutbildning.com\/wp-content\/uploads\/2020\/10\/Transport_Rityta-1-150x150.png\" alt=\"\" width=\"100\" height=\"100\" \/>\u00a0 \u00a0 <img loading=\"lazy\" decoding=\"async\" class=\"alignnone wp-image-5644\" src=\"https:\/\/meritutbildning.com\/wp-content\/uploads\/2020\/10\/Va\u030ard-rund_Rityta-1-150x150.png\" alt=\"\" width=\"100\" height=\"100\" \/><\/p>\n<p>&nbsp;<\/p>\n<h2 class=\"gmail-p2\" style=\"margin: 0cm;\"><span style=\"font-family: arial, helvetica, sans-serif;\">Meriyet\u00ea hilbij\u00earin &#8211; hem\u00fb r\u00eay\u00ean p\u00ee\u015fey\u00ee me hene!<\/span><\/h2>\n<p><span style=\"font-family: arial, helvetica, sans-serif;\">H\u00fbn dixwazin f\u00ear\u00ee ziman\u00ea sw\u00ead\u00ee bibin di heman dem de ku h\u00fbn prakt\u00eek\u00ea diken an karken li ot\u00ealek\u00ea an di p\u00ee\u015feyek e xizmet\u00ea ya ditir de?<\/span><\/p>\n<p><span style=\"font-family: arial, helvetica, sans-serif;\">Belk\u00ee h\u00fbn dixwazin ku prakt\u00eek\u00ea biken li p\u00ea\u015fdibistan\u00ea an li xaniyek\u00ee kal\u00fbp\u00eeran di heman dem de ku h\u00fbn ziman\u00ea sw\u00ead\u00ee dixw\u00eenin? \u00a0<\/span><\/p>\n<p><span style=\"font-family: arial, helvetica, sans-serif;\">An j\u00ee- h\u00fbn dixwazin karken wek boyaxker (sebax), \u015fof\u00ear an karmend\u00ea embar\u00ea \u00fb h\u00fbn p\u00eadiv\u00ee ne ku ba\u015ftir f\u00ear\u00ee ziman\u00ea sw\u00ead\u00ee bibin bi lez?<\/span><\/p>\n<p><span style=\"font-family: arial, helvetica, sans-serif;\">Em dixwazin al\u00eekariya we biken ku h\u00fbn bigehin armanca xwe. Eve bi ten\u00ea \u00e7end nim\u00fbne ne ku Mer\u00eet p\u00ea\u015fk\u00ea\u015f diket.<\/span><\/p>\n<p><span style=\"font-family: arial, helvetica, sans-serif;\">Li nik me, mamostey\u00ean sfi bi mamostey\u00ean p\u00ee\u015fey\u00ee re hevkar in. Me tecrubeyek a ber fireh heye ku xwendina sw\u00ead\u00ee bi jiyana kar\u00ee ve gir\u00ea bideyn.<\/span><\/p>\n<p>&nbsp;<\/p>\n<h2><span style=\"font-family: arial, helvetica, sans-serif;\">Merit hem\u00fb dews\/r\u00eak\u00ean p\u00ee\u015fey\u00ee (yrkessp\u00e5r) p\u00ea\u015fk\u00ea\u015f diket:<\/span><\/h2>\n<p><span style=\"font-family: arial, helvetica, sans-serif;\">&#8211; L\u00ean\u00ear\u00een\/ sexb\u00ear\u00ee<\/span><\/p>\n<p><span style=\"font-family: arial, helvetica, sans-serif;\">&#8211; Avakirin, avah\u00ee \u00fb mal\u00fbmilk<\/span><\/p>\n<p><span style=\"font-family: arial, helvetica, sans-serif;\">&#8211; P\u00ea\u015fdibistan \/ dibistan<\/span><\/p>\n<p><span style=\"font-family: arial, helvetica, sans-serif;\">&#8211; Xizmet (ot\u00eal, xwaringeh, paqij\u00ee, bazirgan\u00ee)<\/span><\/p>\n<p><span style=\"font-family: arial, helvetica, sans-serif;\">&#8211; Enbar \/ loj\u00eest\u00eek \/ veguhastin (tomb\u00eal\/wasite\/erebe).<\/span><\/p>\n<p>&nbsp;<\/p>\n<h2><span style=\"font-family: arial, helvetica, sans-serif;\">Alternat\u00eev\/ vebijark\u00ean xwendin\u00ea:<\/span><\/h2>\n<p><span style=\"font-family: arial, helvetica, sans-serif;\">Bernameya\/ plana sabit: 15 demjim\u00ear<\/span><\/p>\n<p><span style=\"font-family: arial, helvetica, sans-serif;\">Bernameya\/ plana sabit: 30 demjim\u00ear<\/span><\/p>\n<p><span style=\"font-family: arial, helvetica, sans-serif;\">Plana fleks\u00eebel\/ nerm.<\/span><\/p>\n<p class=\"gmail-p3\" style=\"margin: 0cm;\"><span style=\"font-size: 14.0pt; font-family: 'Arial',sans-serif; color: #1a1a1a;\">\u00a0<\/span><\/p>\n<h2><span style=\"font-family: arial, helvetica, sans-serif;\">R\u00ea \u00fb kurs\u00ean xwendin\u00ea:<\/span><\/h2>\n<p><span style=\"font-family: arial, helvetica, sans-serif;\">Riya xwendin\u00ea 1: Kurs\u00ean C \u00fb D<\/span><\/p>\n<p><span style=\"font-family: arial, helvetica, sans-serif;\">Riya xwendin\u00ea 2: Kurs\u00ean B, C \u00fb D<\/span><\/p>\n<p><span style=\"font-family: arial, helvetica, sans-serif;\">Riya xwendin\u00ea 3: Kurs\u00ean C \u00fb D<\/span><\/p>\n<h2><span style=\"font-family: arial, helvetica, sans-serif;\">H\u00fbn gelek bi x\u00ear b\u00ean!<\/span><\/h2>\n<p>&nbsp;<\/p>\n<p><span style=\"font-family: arial, helvetica, sans-serif;\">H\u00fbn dist\u00eenin:<\/span><\/p>\n<ul>\n<li><span style=\"font-family: arial, helvetica, sans-serif;\">Dem\u00ean fleks\u00eebel\/ nerm: H\u00fbn bernama\/ plana xwe ya ku minasib bo we bi xwe \u00e7\u00eaken &#8211; sibe, n\u00eevro, \u00eavar an d\u00fbr (f\u00earb\u00fbna ji d\u00fbr ve)<\/span><\/li>\n<li><span style=\"font-family: arial, helvetica, sans-serif;\"> Serdan\u00ean xwendin\u00ea \u00fb prakt\u00eek\u00ea li cih\u00ean kar\u00ee. <\/span><\/li>\n<li>Rah\u00eaner\u00ean ziman\u00ee \u00ean ku diaxivin bi Ereb\u00ee, Viyetnam\u00ee, Dar\u00ee, Ingil\u00eez\u00ee, T\u00eegr\u00een\u00ee, Somal\u00ee, Kurmanc\u00ee, Soran\u00ee, Bad\u00eenan\u00ee, Faris\u00ee, Pa\u015ft\u00ee, Sirb\u00ee, Bosn\u00ee, Kurwat\u00ee, R\u00fbs\u00ee, Ukran\u00ee.<\/li>\n<li>Rah\u00eaner\u00ean p\u00ee\u015fesaziy\u00ea y\u00ean ku t\u00eakil\u00ee heyn bi gelek \u015firket\u00ean c\u00fbda re.<\/li>\n<li>Avahiy\u00ean dibistan\u00ea y\u00ean xwe\u015f li baj\u00ear \u00fb li Berga.<\/li>\n<li>Mamostey\u00ean dilsoz \u00fb xwedan ezm\u00fbn.<\/li>\n<li>Platforma f\u00earb\u00fbna d\u00eej\u00eetal.<\/li>\n<li>CV \u00fb portfoya \u015f\u00eeyandar\u00ee.<\/li>\n<\/ul>\n<p class=\"gmail-p3\" style=\"margin: 0cm;\"><span class=\"gmail-s1\"><b><span style=\"font-size: 14.0pt; font-family: 'Arial',sans-serif; color: #1a1a1a;\">\u00a0<\/span><\/b><\/span><\/p>\n<p class=\"gmail-p3\" style=\"margin: 0cm;\"><span class=\"gmail-s1\"><b><span style=\"font-size: 14.0pt; font-family: 'Arial',sans-serif; color: #1a1a1a;\">\u00a0<\/span><\/b><\/span><\/p>\n<h2><span style=\"font-family: arial, helvetica, sans-serif;\"><strong>Xwe li h\u00ear e qeyd biken, em k\u00eafxwe\u015f in ku al\u00eekar ya we bikeyn! <\/strong><\/span><\/h2>\n<p>Bo bitir p\u00eazan\u00eena \u00fb al\u00eekariy\u00ea li dor qeyd kirn\u00ea\/ navniv\u00eesandin\u00ea!<\/p>\n<h1><a href=\"https:\/\/helsingborg.se\/forskola-och-utbildning\/vuxenutbildning\/utbildningar\/sfi-svenskundervisning-for-invandrare\/anmal-dig-till-sfi\/\"><span style=\"font-size: 18pt;\"><strong><img loading=\"lazy\" decoding=\"async\" class=\"alignnone size-medium wp-image-6523\" src=\"https:\/\/meritutbildning.com\/wp-content\/uploads\/2020\/11\/Anso\u0308k-ha\u0308r-1-300x97.png\" alt=\"\" width=\"300\" height=\"97\" srcset=\"https:\/\/meritutbildning.com\/wp-content\/uploads\/2020\/11\/Anso\u0308k-ha\u0308r-1-300x97.png 300w, https:\/\/meritutbildning.com\/wp-content\/uploads\/2020\/11\/Anso\u0308k-ha\u0308r-1-1024x330.png 1024w, https:\/\/meritutbildning.com\/wp-content\/uploads\/2020\/11\/Anso\u0308k-ha\u0308r-1-768x247.png 768w, https:\/\/meritutbildning.com\/wp-content\/uploads\/2020\/11\/Anso\u0308k-ha\u0308r-1-1536x495.png 1536w, https:\/\/meritutbildning.com\/wp-content\/uploads\/2020\/11\/Anso\u0308k-ha\u0308r-1.png 1754w\" sizes=\"auto, (max-width: 300px) 100vw, 300px\" \/><\/strong><\/span><\/a><\/h1>\n<p>&nbsp;<\/p>\n","protected":false},"excerpt":{"rendered":"<p>Xwe qeyd biken yekser! &nbsp; Avakirin, avah\u00ee \u00fb mal\u00fbmilk R\u00eaya p\u00ee\u015fey\u00ee\/kar\u00ee z\u00fbtir\u00een r\u00ea ye bo kar\u00ee! Heke h\u00fbn dixwazin karbiken di war\u00ea avakirn\u00ea de, d\u00ea h\u00fbn v\u00ea r\u00ea ya kar\u00ee hilbij\u00earin. Belk\u00ee h\u00fbn dixwazin bibin necar (dartra\u015f), sebax, plumber (VVS-mont\u00f6r), \u00e7avd\u00ear an nobedar\u00ea avah\u00eeya? Gelek del\u00eeve hene! H\u00fbn ziman\u00ea sw\u00ead\u00ee dixw\u00eenin \u00fb di heman dem [&hellip;]<\/p>\n","protected":false},"author":38,"featured_media":0,"parent":2556,"menu_order":0,"comment_status":"closed","ping_status":"closed","template":"content-storsidebar.php","meta":{"_acf_changed":false,"footnotes":""},"class_list":["post-6062","page","type-page","status-publish","hentry"],"acf":[],"yoast_head":"<!-- This site is optimized with the Yoast SEO plugin v27.2 - https:\/\/yoast.com\/product\/yoast-seo-wordpress\/ -->\n<title>Sfi med yrkessp\u00e5r i Helsingborg - bygg, anl\u00e4ggning och fastighet - Kurmanji - Merit Utbildning - V\u00e4lkommen till Merit utbildning AB<\/title>\n<meta name=\"robots\" content=\"index, follow, max-snippet:-1, max-image-preview:large, max-video-preview:-1\" \/>\n<link rel=\"canonical\" href=\"https:\/\/meritutbildning.com\/ku\/sfi\/helsingborg-bygg-kurmanji\/\" \/>\n<meta property=\"og:locale\" content=\"en_US\" \/>\n<meta property=\"og:type\" content=\"article\" \/>\n<meta property=\"og:title\" content=\"Sfi med yrkessp\u00e5r i Helsingborg - bygg, anl\u00e4ggning och fastighet - Kurmanji - Merit Utbildning - V\u00e4lkommen till Merit utbildning AB\" \/>\n<meta property=\"og:description\" content=\"Xwe qeyd biken yekser! &nbsp; Avakirin, avah\u00ee \u00fb mal\u00fbmilk R\u00eaya p\u00ee\u015fey\u00ee\/kar\u00ee z\u00fbtir\u00een r\u00ea ye bo kar\u00ee! Heke h\u00fbn dixwazin karbiken di war\u00ea avakirn\u00ea de, d\u00ea h\u00fbn v\u00ea r\u00ea ya kar\u00ee hilbij\u00earin. Belk\u00ee h\u00fbn dixwazin bibin necar (dartra\u015f), sebax, plumber (VVS-mont\u00f6r), \u00e7avd\u00ear an nobedar\u00ea avah\u00eeya? Gelek del\u00eeve hene! H\u00fbn ziman\u00ea sw\u00ead\u00ee dixw\u00eenin \u00fb di heman dem [&hellip;]\" \/>\n<meta property=\"og:url\" content=\"https:\/\/meritutbildning.com\/ku\/sfi\/helsingborg-bygg-kurmanji\/\" \/>\n<meta property=\"og:site_name\" content=\"Merit Utbildning - V\u00e4lkommen till Merit utbildning AB\" \/>\n<meta property=\"article:modified_time\" content=\"2020-11-11T15:28:42+00:00\" \/>\n<meta property=\"og:image\" content=\"https:\/\/meritutbildning.com\/wp-content\/uploads\/2020\/11\/Arbetsinriktad-sfi-300x50.png\" \/>\n<meta name=\"twitter:card\" content=\"summary_large_image\" \/>\n<meta name=\"twitter:label1\" content=\"Est. reading time\" \/>\n\t<meta name=\"twitter:data1\" content=\"3 minutes\" \/>\n<script type=\"application\/ld+json\" class=\"yoast-schema-graph\">{\"@context\":\"https:\/\/schema.org\",\"@graph\":[{\"@type\":\"WebPage\",\"@id\":\"https:\/\/meritutbildning.com\/ku\/sfi\/helsingborg-bygg-kurmanji\/\",\"url\":\"https:\/\/meritutbildning.com\/ku\/sfi\/helsingborg-bygg-kurmanji\/\",\"name\":\"Sfi med yrkessp\u00e5r i Helsingborg - bygg, anl\u00e4ggning och fastighet - Kurmanji - Merit Utbildning - V\u00e4lkommen till Merit utbildning AB\",\"isPartOf\":{\"@id\":\"https:\/\/meritutbildning.com\/#website\"},\"primaryImageOfPage\":{\"@id\":\"https:\/\/meritutbildning.com\/ku\/sfi\/helsingborg-bygg-kurmanji\/#primaryimage\"},\"image\":{\"@id\":\"https:\/\/meritutbildning.com\/ku\/sfi\/helsingborg-bygg-kurmanji\/#primaryimage\"},\"thumbnailUrl\":\"https:\/\/meritutbildning.com\/wp-content\/uploads\/2020\/11\/Arbetsinriktad-sfi-300x50.png\",\"datePublished\":\"2020-11-09T08:03:34+00:00\",\"dateModified\":\"2020-11-11T15:28:42+00:00\",\"breadcrumb\":{\"@id\":\"https:\/\/meritutbildning.com\/ku\/sfi\/helsingborg-bygg-kurmanji\/#breadcrumb\"},\"inLanguage\":\"ku\",\"potentialAction\":[{\"@type\":\"ReadAction\",\"target\":[\"https:\/\/meritutbildning.com\/ku\/sfi\/helsingborg-bygg-kurmanji\/\"]}]},{\"@type\":\"ImageObject\",\"inLanguage\":\"ku\",\"@id\":\"https:\/\/meritutbildning.com\/ku\/sfi\/helsingborg-bygg-kurmanji\/#primaryimage\",\"url\":\"https:\/\/meritutbildning.com\/wp-content\/uploads\/2020\/11\/Arbetsinriktad-sfi-300x50.png\",\"contentUrl\":\"https:\/\/meritutbildning.com\/wp-content\/uploads\/2020\/11\/Arbetsinriktad-sfi-300x50.png\"},{\"@type\":\"BreadcrumbList\",\"@id\":\"https:\/\/meritutbildning.com\/ku\/sfi\/helsingborg-bygg-kurmanji\/#breadcrumb\",\"itemListElement\":[{\"@type\":\"ListItem\",\"position\":1,\"name\":\"Hem\",\"item\":\"https:\/\/meritutbildning.com\/ku\/\"},{\"@type\":\"ListItem\",\"position\":2,\"name\":\"SFI\",\"item\":\"https:\/\/meritutbildning.com\/ku\/sfi\/\"},{\"@type\":\"ListItem\",\"position\":3,\"name\":\"Sfi med yrkessp\u00e5r i Helsingborg &#8211; bygg, anl\u00e4ggning och fastighet &#8211; Kurmanji\"}]},{\"@type\":\"WebSite\",\"@id\":\"https:\/\/meritutbildning.com\/#website\",\"url\":\"https:\/\/meritutbildning.com\/\",\"name\":\"Merit Utbildning - V\u00e4lkommen till Merit utbildning AB\",\"description\":\"Vi utbildar och coachar f\u00f6r att varje person ska hitta sin snabbaste och b\u00e4sta v\u00e4g mot r\u00e4tt arbete och delaktighet i samh\u00e4llet.\",\"potentialAction\":[{\"@type\":\"SearchAction\",\"target\":{\"@type\":\"EntryPoint\",\"urlTemplate\":\"https:\/\/meritutbildning.com\/?s={search_term_string}\"},\"query-input\":{\"@type\":\"PropertyValueSpecification\",\"valueRequired\":true,\"valueName\":\"search_term_string\"}}],\"inLanguage\":\"ku\"}]}<\/script>\n<!-- \/ Yoast SEO plugin. -->","yoast_head_json":{"title":"Sfi med yrkessp\u00e5r i Helsingborg - bygg, anl\u00e4ggning och fastighet - Kurmanji - Merit Utbildning - V\u00e4lkommen till Merit utbildning AB","robots":{"index":"index","follow":"follow","max-snippet":"max-snippet:-1","max-image-preview":"max-image-preview:large","max-video-preview":"max-video-preview:-1"},"canonical":"https:\/\/meritutbildning.com\/ku\/sfi\/helsingborg-bygg-kurmanji\/","og_locale":"en_US","og_type":"article","og_title":"Sfi med yrkessp\u00e5r i Helsingborg - bygg, anl\u00e4ggning och fastighet - Kurmanji - Merit Utbildning - V\u00e4lkommen till Merit utbildning AB","og_description":"Xwe qeyd biken yekser! &nbsp; Avakirin, avah\u00ee \u00fb mal\u00fbmilk R\u00eaya p\u00ee\u015fey\u00ee\/kar\u00ee z\u00fbtir\u00een r\u00ea ye bo kar\u00ee! Heke h\u00fbn dixwazin karbiken di war\u00ea avakirn\u00ea de, d\u00ea h\u00fbn v\u00ea r\u00ea ya kar\u00ee hilbij\u00earin. Belk\u00ee h\u00fbn dixwazin bibin necar (dartra\u015f), sebax, plumber (VVS-mont\u00f6r), \u00e7avd\u00ear an nobedar\u00ea avah\u00eeya? Gelek del\u00eeve hene! H\u00fbn ziman\u00ea sw\u00ead\u00ee dixw\u00eenin \u00fb di heman dem [&hellip;]","og_url":"https:\/\/meritutbildning.com\/ku\/sfi\/helsingborg-bygg-kurmanji\/","og_site_name":"Merit Utbildning - V\u00e4lkommen till Merit utbildning AB","article_modified_time":"2020-11-11T15:28:42+00:00","og_image":[{"url":"https:\/\/meritutbildning.com\/wp-content\/uploads\/2020\/11\/Arbetsinriktad-sfi-300x50.png","type":"","width":"","height":""}],"twitter_card":"summary_large_image","twitter_misc":{"Est. reading time":"3 minutes"},"schema":{"@context":"https:\/\/schema.org","@graph":[{"@type":"WebPage","@id":"https:\/\/meritutbildning.com\/ku\/sfi\/helsingborg-bygg-kurmanji\/","url":"https:\/\/meritutbildning.com\/ku\/sfi\/helsingborg-bygg-kurmanji\/","name":"Sfi med yrkessp\u00e5r i Helsingborg - bygg, anl\u00e4ggning och fastighet - Kurmanji - Merit Utbildning - V\u00e4lkommen till Merit utbildning AB","isPartOf":{"@id":"https:\/\/meritutbildning.com\/#website"},"primaryImageOfPage":{"@id":"https:\/\/meritutbildning.com\/ku\/sfi\/helsingborg-bygg-kurmanji\/#primaryimage"},"image":{"@id":"https:\/\/meritutbildning.com\/ku\/sfi\/helsingborg-bygg-kurmanji\/#primaryimage"},"thumbnailUrl":"https:\/\/meritutbildning.com\/wp-content\/uploads\/2020\/11\/Arbetsinriktad-sfi-300x50.png","datePublished":"2020-11-09T08:03:34+00:00","dateModified":"2020-11-11T15:28:42+00:00","breadcrumb":{"@id":"https:\/\/meritutbildning.com\/ku\/sfi\/helsingborg-bygg-kurmanji\/#breadcrumb"},"inLanguage":"ku","potentialAction":[{"@type":"ReadAction","target":["https:\/\/meritutbildning.com\/ku\/sfi\/helsingborg-bygg-kurmanji\/"]}]},{"@type":"ImageObject","inLanguage":"ku","@id":"https:\/\/meritutbildning.com\/ku\/sfi\/helsingborg-bygg-kurmanji\/#primaryimage","url":"https:\/\/meritutbildning.com\/wp-content\/uploads\/2020\/11\/Arbetsinriktad-sfi-300x50.png","contentUrl":"https:\/\/meritutbildning.com\/wp-content\/uploads\/2020\/11\/Arbetsinriktad-sfi-300x50.png"},{"@type":"BreadcrumbList","@id":"https:\/\/meritutbildning.com\/ku\/sfi\/helsingborg-bygg-kurmanji\/#breadcrumb","itemListElement":[{"@type":"ListItem","position":1,"name":"Hem","item":"https:\/\/meritutbildning.com\/ku\/"},{"@type":"ListItem","position":2,"name":"SFI","item":"https:\/\/meritutbildning.com\/ku\/sfi\/"},{"@type":"ListItem","position":3,"name":"Sfi med yrkessp\u00e5r i Helsingborg &#8211; bygg, anl\u00e4ggning och fastighet &#8211; Kurmanji"}]},{"@type":"WebSite","@id":"https:\/\/meritutbildning.com\/#website","url":"https:\/\/meritutbildning.com\/","name":"Merit Utbildning - V\u00e4lkommen till Merit utbildning AB","description":"Vi utbildar och coachar f\u00f6r att varje person ska hitta sin snabbaste och b\u00e4sta v\u00e4g mot r\u00e4tt arbete och delaktighet i samh\u00e4llet.","potentialAction":[{"@type":"SearchAction","target":{"@type":"EntryPoint","urlTemplate":"https:\/\/meritutbildning.com\/?s={search_term_string}"},"query-input":{"@type":"PropertyValueSpecification","valueRequired":true,"valueName":"search_term_string"}}],"inLanguage":"ku"}]}},"_links":{"self":[{"href":"https:\/\/meritutbildning.com\/ku\/wp-json\/wp\/v2\/pages\/6062","targetHints":{"allow":["GET"]}}],"collection":[{"href":"https:\/\/meritutbildning.com\/ku\/wp-json\/wp\/v2\/pages"}],"about":[{"href":"https:\/\/meritutbildning.com\/ku\/wp-json\/wp\/v2\/types\/page"}],"author":[{"embeddable":true,"href":"https:\/\/meritutbildning.com\/ku\/wp-json\/wp\/v2\/users\/38"}],"replies":[{"embeddable":true,"href":"https:\/\/meritutbildning.com\/ku\/wp-json\/wp\/v2\/comments?post=6062"}],"version-history":[{"count":0,"href":"https:\/\/meritutbildning.com\/ku\/wp-json\/wp\/v2\/pages\/6062\/revisions"}],"up":[{"embeddable":true,"href":"https:\/\/meritutbildning.com\/ku\/wp-json\/wp\/v2\/pages\/2556"}],"wp:attachment":[{"href":"https:\/\/meritutbildning.com\/ku\/wp-json\/wp\/v2\/media?parent=6062"}],"curies":[{"name":"wp","href":"https:\/\/api.w.org\/{rel}","templated":true}]}}