{"id":2527,"date":"2016-07-11T18:25:06","date_gmt":"2016-07-11T16:25:06","guid":{"rendered":"http:\/\/merit.uppereight.com\/pl\/stod-och-matchning\/arlov\/"},"modified":"2024-11-12T12:21:00","modified_gmt":"2024-11-12T11:21:00","slug":"arlov","status":"publish","type":"page","link":"https:\/\/meritutbildning.com\/pl\/stod-och-matchning\/arlov\/","title":{"rendered":"Arl\u00f6v"},"content":{"rendered":"<p>MERIT pomo\u017ce Ci w znalezieniu pracy albo w znalezieniu odpowiedniej szko\u0142y.\u00a0Nasi reprezentanci w MERIT maj\u0105 bardzo rozleg\u0142e kontakty z pracodawcami, kt\u00f3rzy chc\u0105\u00a0zatrudni\u0107 pracownik\u00f3w w nast\u0119puj\u0105cych bran\u017cach: restauracje, hotele, s\u0142u\u017cba zdrowia, szko\u0142y,\u00a0budownictwo, transport, sprz\u0105tanie, elektronika, logistyka itd.<\/p>\n<p>Je\u017celi Twoja droga do zdobycia pracy b\u0119dzie poprzez szko\u0142\u0119, dostaniesz pomoc i wsparcie z naszej\u00a0strony w nauce i Twojej drodze zawodowej.<\/p>\n<p>W odst\u0119pach trzymiesi\u0119cznych masz prawo do POMOCY I WSPARCIA i razem z naszym\u00a0reprezentantem w Merit planujesz drog\u0119, kt\u00f3r\u0105 potrzebujesz do znalezienia pracy lub\u00a0odpowiedniego wykszta\u0142cenia. Pomo\u017cemy np. w pisaniu poda\u0144, cv, damy wsparcie w szukaniu\u00a0pracy, a przede wszystkim bezpo\u015brednim kontakcie z pracodawcami.<\/p>\n<p>&nbsp;<\/p>\n<h3>Dlaczego powinniene\u015b wybra\u0107 MERIT w POMOCY I WSPARCIU, bo:<\/h3>\n<ul>\n<li>Otrzymasz mo\u017cliwo\u015bci w znalezieniu pracy albo wykszta\u0142cenia,<\/li>\n<li>Nasz reprezentant b\u0119dzie pomaga\u0142 Ci przez ca\u0142y okres kontaktu z Merit,<\/li>\n<li>Nasi reprezentanci maj\u0105 rozleg\u0142e kontakty i w ten spos\u00f3b mog\u0105 dopasowa\u0107 Twoje\u00a0zainteresowania i kompetencje zawodowe z odpowiednimi pracodawcami,<\/li>\n<li>W Merit znajdziesz dobre i prostolinijne porozumienie,<\/li>\n<li>U nas spotkasz przyjazn\u0105 atmosfer\u0119, w kt\u00f3rej b\u0119dziesz si\u0119 dobrze czu\u0142,<\/li>\n<li>Przyjm\u0105 Ci\u0119 wieloj\u0119zyczni reprezentanci.<\/li>\n<\/ul>\n<p>&nbsp;<\/p>\n<h3>JAK MASZ ZACZ\u0104\u0106<\/h3>\n<p>Skontaktuj si\u0119 z przydzielonym Ci pracownikiem w <a href=\"https:\/\/arbetsformedlingen.se\/kontakt\/ring-eller-chatta\" target=\"_blank\" rel=\"noopener\">Arbetsf\u00f6rmedlingen<\/a> (biuro po\u015brednictwa\u00a0pracy) w celu zg\u0142oszenia zainteresowania POMOC\u0104 I WSPARCIEM W MERIT!<\/p>\n<p>KA-nummer: 10040445<\/p>\n<p>Po dostaniu Twojego zg\u0142oszenia, nasz reprezentant skontaktuje si\u0119 z Tob\u0105 osobi\u015bcie w celu\u00a0ustalenia daty pierwszego spotkania.<\/p>\n<p>Mo\u017cesz te\u017c skontaktowa\u0107 si\u0119 bezpo\u015brednio\u00a0z Monika.<\/p>\n<p>&nbsp;<\/p>\n<p><a href=\"https:\/\/www.facebook.com\/stodochmatchningpamerit\/\" target=\"_blank\" rel=\"noopener\"><img loading=\"lazy\" decoding=\"async\" class=\"alignnone size-full wp-image-727\" src=\"\/wp-content\/uploads\/2016\/07\/knapp_fb.jpg\" alt=\"knapp Facebook\" width=\"40\" height=\"40\" \/>\u00a0Polub nas na Facebook<\/a><\/p>\n<p>&nbsp;<\/p>\n","protected":false},"excerpt":{"rendered":"<p>MERIT pomo\u017ce Ci w znalezieniu pracy albo w znalezieniu odpowiedniej szko\u0142y.\u00a0Nasi reprezentanci w MERIT maj\u0105 bardzo rozleg\u0142e kontakty z pracodawcami, kt\u00f3rzy chc\u0105\u00a0zatrudni\u0107 pracownik\u00f3w w nast\u0119puj\u0105cych bran\u017cach: restauracje, hotele, s\u0142u\u017cba zdrowia, szko\u0142y,\u00a0budownictwo, transport, sprz\u0105tanie, elektronika, logistyka itd. Je\u017celi Twoja droga do zdobycia pracy b\u0119dzie poprzez szko\u0142\u0119, dostaniesz pomoc i wsparcie z naszej\u00a0strony w nauce i Twojej [&hellip;]<\/p>\n","protected":false},"author":39,"featured_media":0,"parent":2522,"menu_order":0,"comment_status":"closed","ping_status":"closed","template":"content-storsidebar-SOM.php","meta":{"_acf_changed":false,"footnotes":""},"class_list":["post-2527","page","type-page","status-publish","hentry"],"acf":[],"yoast_head":"<!-- This site is optimized with the Yoast SEO plugin v27.2 - https:\/\/yoast.com\/product\/yoast-seo-wordpress\/ -->\n<title>Arl\u00f6v - Merit Utbildning - V\u00e4lkommen till Merit utbildning AB<\/title>\n<meta name=\"robots\" content=\"index, follow, max-snippet:-1, max-image-preview:large, max-video-preview:-1\" \/>\n<link rel=\"canonical\" href=\"https:\/\/meritutbildning.com\/pl\/stod-och-matchning\/arlov\/\" \/>\n<meta property=\"og:locale\" content=\"pl_PL\" \/>\n<meta property=\"og:type\" content=\"article\" \/>\n<meta property=\"og:title\" content=\"Arl\u00f6v - Merit Utbildning - V\u00e4lkommen till Merit utbildning AB\" \/>\n<meta property=\"og:description\" content=\"MERIT pomo\u017ce Ci w znalezieniu pracy albo w znalezieniu odpowiedniej szko\u0142y.\u00a0Nasi reprezentanci w MERIT maj\u0105 bardzo rozleg\u0142e kontakty z pracodawcami, kt\u00f3rzy chc\u0105\u00a0zatrudni\u0107 pracownik\u00f3w w nast\u0119puj\u0105cych bran\u017cach: restauracje, hotele, s\u0142u\u017cba zdrowia, szko\u0142y,\u00a0budownictwo, transport, sprz\u0105tanie, elektronika, logistyka itd. Je\u017celi Twoja droga do zdobycia pracy b\u0119dzie poprzez szko\u0142\u0119, dostaniesz pomoc i wsparcie z naszej\u00a0strony w nauce i Twojej [&hellip;]\" \/>\n<meta property=\"og:url\" content=\"https:\/\/meritutbildning.com\/pl\/stod-och-matchning\/arlov\/\" \/>\n<meta property=\"og:site_name\" content=\"Merit Utbildning - V\u00e4lkommen till Merit utbildning AB\" \/>\n<meta property=\"article:modified_time\" content=\"2024-11-12T11:21:00+00:00\" \/>\n<meta name=\"twitter:card\" content=\"summary_large_image\" \/>\n<meta name=\"twitter:label1\" content=\"Szacowany czas czytania\" \/>\n\t<meta name=\"twitter:data1\" content=\"2 minuty\" \/>\n<script type=\"application\/ld+json\" class=\"yoast-schema-graph\">{\"@context\":\"https:\/\/schema.org\",\"@graph\":[{\"@type\":\"WebPage\",\"@id\":\"https:\/\/meritutbildning.com\/pl\/stod-och-matchning\/arlov\/\",\"url\":\"https:\/\/meritutbildning.com\/pl\/stod-och-matchning\/arlov\/\",\"name\":\"Arl\u00f6v - Merit Utbildning - V\u00e4lkommen till Merit utbildning AB\",\"isPartOf\":{\"@id\":\"https:\/\/meritutbildning.com\/#website\"},\"datePublished\":\"2016-07-11T16:25:06+00:00\",\"dateModified\":\"2024-11-12T11:21:00+00:00\",\"breadcrumb\":{\"@id\":\"https:\/\/meritutbildning.com\/pl\/stod-och-matchning\/arlov\/#breadcrumb\"},\"inLanguage\":\"pl-PL\",\"potentialAction\":[{\"@type\":\"ReadAction\",\"target\":[\"https:\/\/meritutbildning.com\/pl\/stod-och-matchning\/arlov\/\"]}]},{\"@type\":\"BreadcrumbList\",\"@id\":\"https:\/\/meritutbildning.com\/pl\/stod-och-matchning\/arlov\/#breadcrumb\",\"itemListElement\":[{\"@type\":\"ListItem\",\"position\":1,\"name\":\"Hem\",\"item\":\"https:\/\/meritutbildning.com\/pl\/\"},{\"@type\":\"ListItem\",\"position\":2,\"name\":\"St\u00f6d och matchning\",\"item\":\"https:\/\/meritutbildning.com\/pl\/stod-och-matchning\/\"},{\"@type\":\"ListItem\",\"position\":3,\"name\":\"Arl\u00f6v\"}]},{\"@type\":\"WebSite\",\"@id\":\"https:\/\/meritutbildning.com\/#website\",\"url\":\"https:\/\/meritutbildning.com\/\",\"name\":\"Merit Utbildning - V\u00e4lkommen till Merit utbildning AB\",\"description\":\"Vi utbildar och coachar f\u00f6r att varje person ska hitta sin snabbaste och b\u00e4sta v\u00e4g mot r\u00e4tt arbete och delaktighet i samh\u00e4llet.\",\"potentialAction\":[{\"@type\":\"SearchAction\",\"target\":{\"@type\":\"EntryPoint\",\"urlTemplate\":\"https:\/\/meritutbildning.com\/?s={search_term_string}\"},\"query-input\":{\"@type\":\"PropertyValueSpecification\",\"valueRequired\":true,\"valueName\":\"search_term_string\"}}],\"inLanguage\":\"pl-PL\"}]}<\/script>\n<!-- \/ Yoast SEO plugin. -->","yoast_head_json":{"title":"Arl\u00f6v - Merit Utbildning - V\u00e4lkommen till Merit utbildning AB","robots":{"index":"index","follow":"follow","max-snippet":"max-snippet:-1","max-image-preview":"max-image-preview:large","max-video-preview":"max-video-preview:-1"},"canonical":"https:\/\/meritutbildning.com\/pl\/stod-och-matchning\/arlov\/","og_locale":"pl_PL","og_type":"article","og_title":"Arl\u00f6v - Merit Utbildning - V\u00e4lkommen till Merit utbildning AB","og_description":"MERIT pomo\u017ce Ci w znalezieniu pracy albo w znalezieniu odpowiedniej szko\u0142y.\u00a0Nasi reprezentanci w MERIT maj\u0105 bardzo rozleg\u0142e kontakty z pracodawcami, kt\u00f3rzy chc\u0105\u00a0zatrudni\u0107 pracownik\u00f3w w nast\u0119puj\u0105cych bran\u017cach: restauracje, hotele, s\u0142u\u017cba zdrowia, szko\u0142y,\u00a0budownictwo, transport, sprz\u0105tanie, elektronika, logistyka itd. Je\u017celi Twoja droga do zdobycia pracy b\u0119dzie poprzez szko\u0142\u0119, dostaniesz pomoc i wsparcie z naszej\u00a0strony w nauce i Twojej [&hellip;]","og_url":"https:\/\/meritutbildning.com\/pl\/stod-och-matchning\/arlov\/","og_site_name":"Merit Utbildning - V\u00e4lkommen till Merit utbildning AB","article_modified_time":"2024-11-12T11:21:00+00:00","twitter_card":"summary_large_image","twitter_misc":{"Szacowany czas czytania":"2 minuty"},"schema":{"@context":"https:\/\/schema.org","@graph":[{"@type":"WebPage","@id":"https:\/\/meritutbildning.com\/pl\/stod-och-matchning\/arlov\/","url":"https:\/\/meritutbildning.com\/pl\/stod-och-matchning\/arlov\/","name":"Arl\u00f6v - Merit Utbildning - V\u00e4lkommen till Merit utbildning AB","isPartOf":{"@id":"https:\/\/meritutbildning.com\/#website"},"datePublished":"2016-07-11T16:25:06+00:00","dateModified":"2024-11-12T11:21:00+00:00","breadcrumb":{"@id":"https:\/\/meritutbildning.com\/pl\/stod-och-matchning\/arlov\/#breadcrumb"},"inLanguage":"pl-PL","potentialAction":[{"@type":"ReadAction","target":["https:\/\/meritutbildning.com\/pl\/stod-och-matchning\/arlov\/"]}]},{"@type":"BreadcrumbList","@id":"https:\/\/meritutbildning.com\/pl\/stod-och-matchning\/arlov\/#breadcrumb","itemListElement":[{"@type":"ListItem","position":1,"name":"Hem","item":"https:\/\/meritutbildning.com\/pl\/"},{"@type":"ListItem","position":2,"name":"St\u00f6d och matchning","item":"https:\/\/meritutbildning.com\/pl\/stod-och-matchning\/"},{"@type":"ListItem","position":3,"name":"Arl\u00f6v"}]},{"@type":"WebSite","@id":"https:\/\/meritutbildning.com\/#website","url":"https:\/\/meritutbildning.com\/","name":"Merit Utbildning - V\u00e4lkommen till Merit utbildning AB","description":"Vi utbildar och coachar f\u00f6r att varje person ska hitta sin snabbaste och b\u00e4sta v\u00e4g mot r\u00e4tt arbete och delaktighet i samh\u00e4llet.","potentialAction":[{"@type":"SearchAction","target":{"@type":"EntryPoint","urlTemplate":"https:\/\/meritutbildning.com\/?s={search_term_string}"},"query-input":{"@type":"PropertyValueSpecification","valueRequired":true,"valueName":"search_term_string"}}],"inLanguage":"pl-PL"}]}},"_links":{"self":[{"href":"https:\/\/meritutbildning.com\/pl\/wp-json\/wp\/v2\/pages\/2527","targetHints":{"allow":["GET"]}}],"collection":[{"href":"https:\/\/meritutbildning.com\/pl\/wp-json\/wp\/v2\/pages"}],"about":[{"href":"https:\/\/meritutbildning.com\/pl\/wp-json\/wp\/v2\/types\/page"}],"author":[{"embeddable":true,"href":"https:\/\/meritutbildning.com\/pl\/wp-json\/wp\/v2\/users\/39"}],"replies":[{"embeddable":true,"href":"https:\/\/meritutbildning.com\/pl\/wp-json\/wp\/v2\/comments?post=2527"}],"version-history":[{"count":0,"href":"https:\/\/meritutbildning.com\/pl\/wp-json\/wp\/v2\/pages\/2527\/revisions"}],"up":[{"embeddable":true,"href":"https:\/\/meritutbildning.com\/pl\/wp-json\/wp\/v2\/pages\/2522"}],"wp:attachment":[{"href":"https:\/\/meritutbildning.com\/pl\/wp-json\/wp\/v2\/media?parent=2527"}],"curies":[{"name":"wp","href":"https:\/\/api.w.org\/{rel}","templated":true}]}}