{"id":3353,"date":"2016-07-11T18:22:28","date_gmt":"2016-07-11T16:22:28","guid":{"rendered":"https:\/\/meritutbildning.com\/pl\/sfi\/landskrona\/"},"modified":"2017-12-15T10:52:52","modified_gmt":"2017-12-15T09:52:52","slug":"landskrona","status":"publish","type":"page","link":"https:\/\/meritutbildning.com\/pl\/sfi\/landskrona\/","title":{"rendered":"Landskrona"},"content":{"rendered":"<p><strong>Zapraszamy na kierunek po\u015bwi\u0119cony PRACOWNIKOWI, w sfi Merit.<br \/>\nWykszta\u0142cenie jest przeznaczone dla poprawy Twojego do\u015bwiadczenia zawodowego oraz plan\u00f3w przysz\u0142o\u015bciowych. Pomo\u017cemy Ci w nauce j\u0119zyka szwedzkiego potrzebnego w \u017cyciu zawodowym jak i w \u017cyciu codziennym, rodzinnym, szkolnym i ekonomi prywatnej.<\/strong><\/p>\n<h3>Dlaczego powiniene\u015b wybra\u0107 Merit?<\/h3>\n<ul>\n<li>W centrum uwagi pozostaj\u0105 Twoje plany i Twoje kompetencje<\/li>\n<li>Zr\u00f3\u017cnicowany czas otwarcia szko\u0142y &#8211; Ty decydujesz kiedy najbardziej odpowiada Ci uczestnictwo w zaj\u0119ciach &#8211; wed\u0142ug w\u0142asnego schematu. Mo\u017cesz uczy\u0107 si\u0119 rano, w po\u0142udnie, wieczorem, w szkole lub na odleg\u0142o\u015b\u0107<\/li>\n<li>Nauczyciele m\u00f3wi\u0105 \u00a0r\u00f3\u017cnymi j\u0119zykami<\/li>\n<li>Opiekunowie maj\u0105 wiele kontakt\u00f3w z r\u00f3\u017cnymi zak\u0142adami pracy, dlatego te\u017c udzielaj\u0105 wsparcia w kontaktach zawodowych.<\/li>\n<li>Mniejsza szko\u0142a i przytulne sale szkolne, nauczyciele udzielaj\u0105cy du\u017cego wsparcia oraz z r\u00f3\u017cnymi inspiracjami<\/li>\n<li>Nowoczesne i zr\u00f3\u017cnicowane metody nauczania z pomoc\u0105 najnowszej elektroniki<\/li>\n<li>Ekstra trening wymowy<\/li>\n<li>Mo\u017cliwo\u015b\u0107 \u00a0zbudowania sieci kontakt\u00f3w poprzez wycieczki, kawiarenki j\u0119zykowe, r\u00f3\u017cnorodne wizyty w ciekawych miejscach, zapraszanie interesuj\u0105cych go\u015bci itp<\/li>\n<li>Portfel Merit z cv<\/li>\n<li>Podstawy dzia\u0142ania komputera<\/li>\n<li>Bezp\u0142atny dost\u0119p do wi-fi, r\u00f3wnie\u017c po godzinach lekcyjnych<\/li>\n<\/ul>\n<p>&nbsp;<\/p>\n<p><strong>Zg\u0142o\u015b si\u0119 na kurs sfi w Merit<\/strong><\/p>\n<p><strong>Landskrona:<\/strong><br \/>\n<strong><em>Sfi- centrum <\/em><\/strong>i powiedz, \u017ce chcesz si\u0119 uczy\u0107 w Merit!<br \/>\nAdres: R\u00e5dmansgatan 7<\/p>\n<p>&nbsp;<\/p>\n<p><a href=\"http:\/\/www.landskrona.se\/en\/sfi---svenska-for-invandrare\/\" target=\"_blank\" rel=\"noopener\"><img loading=\"lazy\" decoding=\"async\" class=\"alignnone size-full wp-image-809\" src=\"\/wp-content\/uploads\/2016\/07\/logo-landskrona-stad.png\" alt=\"logo Landskrona stad\" width=\"241\" height=\"200\" \/><\/a><\/p>\n<p>&nbsp;<\/p>\n<p>Mo\u017cesz te\u017c odwiedzi\u0107 nas bezpo\u015brednio:<\/p>\n<p>Eriksgatan 66, Landskrona<\/p>\n<p>&nbsp;<\/p>\n<p><a href=\"https:\/\/www.facebook.com\/sfipameritilandskrona\/\" target=\"_blank\" rel=\"noopener\"><img loading=\"lazy\" decoding=\"async\" class=\"alignnone size-full wp-image-727\" src=\"\/wp-content\/uploads\/2016\/07\/knapp_fb.jpg\" alt=\"knapp Facebook\" width=\"40\" height=\"40\" \/>\u00a0Sfi p\u00e5 Merit i Landskrona<\/a><\/p>\n<p>&nbsp;<\/p>\n","protected":false},"excerpt":{"rendered":"<p>Zapraszamy na kierunek po\u015bwi\u0119cony PRACOWNIKOWI, w sfi Merit. Wykszta\u0142cenie jest przeznaczone dla poprawy Twojego do\u015bwiadczenia zawodowego oraz plan\u00f3w przysz\u0142o\u015bciowych. Pomo\u017cemy Ci w nauce j\u0119zyka szwedzkiego potrzebnego w \u017cyciu zawodowym jak i w \u017cyciu codziennym, rodzinnym, szkolnym i ekonomi prywatnej. Dlaczego powiniene\u015b wybra\u0107 Merit? W centrum uwagi pozostaj\u0105 Twoje plany i Twoje kompetencje Zr\u00f3\u017cnicowany czas otwarcia [&hellip;]<\/p>\n","protected":false},"author":39,"featured_media":0,"parent":3343,"menu_order":0,"comment_status":"closed","ping_status":"closed","template":"content-storsidebar.php","meta":{"_acf_changed":false,"footnotes":""},"class_list":["post-3353","page","type-page","status-publish","hentry"],"acf":[],"yoast_head":"<!-- This site is optimized with the Yoast SEO plugin v27.2 - https:\/\/yoast.com\/product\/yoast-seo-wordpress\/ -->\n<title>V\u00e4lkommen till ARBETSINRIKTAD SFI Landskrona | Merit<\/title>\n<meta name=\"description\" content=\"P\u00e5 ARBETSINRIKTAD SFI Landskrona l\u00e4r du dig den svenska du beh\u00f6ver p\u00e5 jobbet, i utbildningen och i vardagen - familj, bostad, skola, privatekonomi etc.\" \/>\n<meta name=\"robots\" content=\"index, follow, max-snippet:-1, max-image-preview:large, max-video-preview:-1\" \/>\n<link rel=\"canonical\" href=\"https:\/\/meritutbildning.com\/pl\/sfi\/landskrona\/\" \/>\n<meta property=\"og:locale\" content=\"pl_PL\" \/>\n<meta property=\"og:type\" content=\"article\" \/>\n<meta property=\"og:title\" content=\"V\u00e4lkommen till ARBETSINRIKTAD SFI Landskrona | Merit\" \/>\n<meta property=\"og:description\" content=\"P\u00e5 ARBETSINRIKTAD SFI Landskrona l\u00e4r du dig den svenska du beh\u00f6ver p\u00e5 jobbet, i utbildningen och i vardagen - familj, bostad, skola, privatekonomi etc.\" \/>\n<meta property=\"og:url\" content=\"https:\/\/meritutbildning.com\/pl\/sfi\/landskrona\/\" \/>\n<meta property=\"og:site_name\" content=\"Merit Utbildning - V\u00e4lkommen till Merit utbildning AB\" \/>\n<meta property=\"article:modified_time\" content=\"2017-12-15T09:52:52+00:00\" \/>\n<meta name=\"twitter:card\" content=\"summary_large_image\" \/>\n<meta name=\"twitter:label1\" content=\"Szacowany czas czytania\" \/>\n\t<meta name=\"twitter:data1\" content=\"1 minuta\" \/>\n<script type=\"application\/ld+json\" class=\"yoast-schema-graph\">{\"@context\":\"https:\/\/schema.org\",\"@graph\":[{\"@type\":\"WebPage\",\"@id\":\"https:\/\/meritutbildning.com\/pl\/sfi\/landskrona\/\",\"url\":\"https:\/\/meritutbildning.com\/pl\/sfi\/landskrona\/\",\"name\":\"V\u00e4lkommen till ARBETSINRIKTAD SFI Landskrona | Merit\",\"isPartOf\":{\"@id\":\"https:\/\/meritutbildning.com\/#website\"},\"datePublished\":\"2016-07-11T16:22:28+00:00\",\"dateModified\":\"2017-12-15T09:52:52+00:00\",\"description\":\"P\u00e5 ARBETSINRIKTAD SFI Landskrona l\u00e4r du dig den svenska du beh\u00f6ver p\u00e5 jobbet, i utbildningen och i vardagen - familj, bostad, skola, privatekonomi etc.\",\"breadcrumb\":{\"@id\":\"https:\/\/meritutbildning.com\/pl\/sfi\/landskrona\/#breadcrumb\"},\"inLanguage\":\"pl-PL\",\"potentialAction\":[{\"@type\":\"ReadAction\",\"target\":[\"https:\/\/meritutbildning.com\/pl\/sfi\/landskrona\/\"]}]},{\"@type\":\"BreadcrumbList\",\"@id\":\"https:\/\/meritutbildning.com\/pl\/sfi\/landskrona\/#breadcrumb\",\"itemListElement\":[{\"@type\":\"ListItem\",\"position\":1,\"name\":\"Hem\",\"item\":\"https:\/\/meritutbildning.com\/pl\/\"},{\"@type\":\"ListItem\",\"position\":2,\"name\":\"SFI\",\"item\":\"https:\/\/meritutbildning.com\/pl\/sfi\/\"},{\"@type\":\"ListItem\",\"position\":3,\"name\":\"Landskrona\"}]},{\"@type\":\"WebSite\",\"@id\":\"https:\/\/meritutbildning.com\/#website\",\"url\":\"https:\/\/meritutbildning.com\/\",\"name\":\"Merit Utbildning - V\u00e4lkommen till Merit utbildning AB\",\"description\":\"Vi utbildar och coachar f\u00f6r att varje person ska hitta sin snabbaste och b\u00e4sta v\u00e4g mot r\u00e4tt arbete och delaktighet i samh\u00e4llet.\",\"potentialAction\":[{\"@type\":\"SearchAction\",\"target\":{\"@type\":\"EntryPoint\",\"urlTemplate\":\"https:\/\/meritutbildning.com\/?s={search_term_string}\"},\"query-input\":{\"@type\":\"PropertyValueSpecification\",\"valueRequired\":true,\"valueName\":\"search_term_string\"}}],\"inLanguage\":\"pl-PL\"}]}<\/script>\n<!-- \/ Yoast SEO plugin. -->","yoast_head_json":{"title":"V\u00e4lkommen till ARBETSINRIKTAD SFI Landskrona | Merit","description":"P\u00e5 ARBETSINRIKTAD SFI Landskrona l\u00e4r du dig den svenska du beh\u00f6ver p\u00e5 jobbet, i utbildningen och i vardagen - familj, bostad, skola, privatekonomi etc.","robots":{"index":"index","follow":"follow","max-snippet":"max-snippet:-1","max-image-preview":"max-image-preview:large","max-video-preview":"max-video-preview:-1"},"canonical":"https:\/\/meritutbildning.com\/pl\/sfi\/landskrona\/","og_locale":"pl_PL","og_type":"article","og_title":"V\u00e4lkommen till ARBETSINRIKTAD SFI Landskrona | Merit","og_description":"P\u00e5 ARBETSINRIKTAD SFI Landskrona l\u00e4r du dig den svenska du beh\u00f6ver p\u00e5 jobbet, i utbildningen och i vardagen - familj, bostad, skola, privatekonomi etc.","og_url":"https:\/\/meritutbildning.com\/pl\/sfi\/landskrona\/","og_site_name":"Merit Utbildning - V\u00e4lkommen till Merit utbildning AB","article_modified_time":"2017-12-15T09:52:52+00:00","twitter_card":"summary_large_image","twitter_misc":{"Szacowany czas czytania":"1 minuta"},"schema":{"@context":"https:\/\/schema.org","@graph":[{"@type":"WebPage","@id":"https:\/\/meritutbildning.com\/pl\/sfi\/landskrona\/","url":"https:\/\/meritutbildning.com\/pl\/sfi\/landskrona\/","name":"V\u00e4lkommen till ARBETSINRIKTAD SFI Landskrona | Merit","isPartOf":{"@id":"https:\/\/meritutbildning.com\/#website"},"datePublished":"2016-07-11T16:22:28+00:00","dateModified":"2017-12-15T09:52:52+00:00","description":"P\u00e5 ARBETSINRIKTAD SFI Landskrona l\u00e4r du dig den svenska du beh\u00f6ver p\u00e5 jobbet, i utbildningen och i vardagen - familj, bostad, skola, privatekonomi etc.","breadcrumb":{"@id":"https:\/\/meritutbildning.com\/pl\/sfi\/landskrona\/#breadcrumb"},"inLanguage":"pl-PL","potentialAction":[{"@type":"ReadAction","target":["https:\/\/meritutbildning.com\/pl\/sfi\/landskrona\/"]}]},{"@type":"BreadcrumbList","@id":"https:\/\/meritutbildning.com\/pl\/sfi\/landskrona\/#breadcrumb","itemListElement":[{"@type":"ListItem","position":1,"name":"Hem","item":"https:\/\/meritutbildning.com\/pl\/"},{"@type":"ListItem","position":2,"name":"SFI","item":"https:\/\/meritutbildning.com\/pl\/sfi\/"},{"@type":"ListItem","position":3,"name":"Landskrona"}]},{"@type":"WebSite","@id":"https:\/\/meritutbildning.com\/#website","url":"https:\/\/meritutbildning.com\/","name":"Merit Utbildning - V\u00e4lkommen till Merit utbildning AB","description":"Vi utbildar och coachar f\u00f6r att varje person ska hitta sin snabbaste och b\u00e4sta v\u00e4g mot r\u00e4tt arbete och delaktighet i samh\u00e4llet.","potentialAction":[{"@type":"SearchAction","target":{"@type":"EntryPoint","urlTemplate":"https:\/\/meritutbildning.com\/?s={search_term_string}"},"query-input":{"@type":"PropertyValueSpecification","valueRequired":true,"valueName":"search_term_string"}}],"inLanguage":"pl-PL"}]}},"_links":{"self":[{"href":"https:\/\/meritutbildning.com\/pl\/wp-json\/wp\/v2\/pages\/3353","targetHints":{"allow":["GET"]}}],"collection":[{"href":"https:\/\/meritutbildning.com\/pl\/wp-json\/wp\/v2\/pages"}],"about":[{"href":"https:\/\/meritutbildning.com\/pl\/wp-json\/wp\/v2\/types\/page"}],"author":[{"embeddable":true,"href":"https:\/\/meritutbildning.com\/pl\/wp-json\/wp\/v2\/users\/39"}],"replies":[{"embeddable":true,"href":"https:\/\/meritutbildning.com\/pl\/wp-json\/wp\/v2\/comments?post=3353"}],"version-history":[{"count":0,"href":"https:\/\/meritutbildning.com\/pl\/wp-json\/wp\/v2\/pages\/3353\/revisions"}],"up":[{"embeddable":true,"href":"https:\/\/meritutbildning.com\/pl\/wp-json\/wp\/v2\/pages\/3343"}],"wp:attachment":[{"href":"https:\/\/meritutbildning.com\/pl\/wp-json\/wp\/v2\/media?parent=3353"}],"curies":[{"name":"wp","href":"https:\/\/api.w.org\/{rel}","templated":true}]}}