{"id":2536,"date":"2016-07-11T18:28:25","date_gmt":"2016-07-11T16:28:25","guid":{"rendered":"http:\/\/merit.uppereight.com\/ps\/stod-och-matchning\/landskrona\/"},"modified":"2024-11-12T12:19:34","modified_gmt":"2024-11-12T11:19:34","slug":"landskrona","status":"publish","type":"page","link":"https:\/\/meritutbildning.com\/ps\/stod-och-matchning\/landskrona\/","title":{"rendered":"Landskrona"},"content":{"rendered":"<h3 dir=\"RTL\" align=\"RIGHT\">\u0645\u0631\u0633\u062a\u0647 \u0627\u0648 \u0644\u0627\u0631\u069a\u0648\u0648\u0646\u0647<\/h3>\n<p dir=\"RTL\" align=\"RIGHT\"><span lang=\"ps-AF\">\u0645\u0631\u06cc\u062a \u0644\u0647 \u062a\u0627\u0633\u0631\u0647 \u0645\u0631\u0633\u062a\u0647 \u06a9\u0648\u064a \u06a9\u0647 \u062a\u0647 \u063a\u0648\u0627\u0693\u06d0 \u06a9\u0627\u0631 \u0648\u0645\u0648\u0645\u06d0 \u0627\u0648 \u06cc\u0627 \u0647\u0645 \u06a9\u0647 \u063a\u0648\u0627\u0693\u06d0 \u0686\u06d0 \u06a9\u0648\u0645 \u062a\u062d\u0635\u06cc\u0644 \u067e\u06cc\u0644 \u06a9\u0693\u06d0<\/span>! <span lang=\"ps-AF\">\u06a9\u0648\u0645 \u0644\u0627\u0631\u069a\u0648\u0648\u0646\u06a9\u064a \u0686\u06d0 \u067e\u0647 \u0645\u0631\u06cc\u062a \u06a9\u06d0 \u06a9\u0627\u0631 \u06a9\u0648\u064a \u0689\u06d0\u0631\u06d0 \u0627\u0693\u06cc\u06a9\u064a \u0644\u0631\u064a \u0644\u0647 \u0647\u063a\u0647 \u0634\u0631\u06a9\u062a\u0648 \u0633\u0631\u0647 \u0686\u06d0 \u063a\u0648\u0627\u0693\u064a \u062e\u0644\u06a9\u0648 \u062a\u0647 \u06a9\u0627\u0631 \u0648\u0631\u06a9\u0693\u064a<\/span>. <span lang=\"ps-AF\">\u0647\u063a\u0647 \u0634\u0631\u06a9\u062a\u0648 \u0627\u0648 \u0627\u0631\u062f\u0627\u0631\u06d0 \u0631\u0633\u062a\u0648\u0631\u0627\u0646\u0648\u0646\u0647 \u062f\u064a \u0647\u0648\u067c\u0644\u0648\u0646\u0647 \u062f\u064a \u062f \u0639\u0627\u0645\u06d0 \u0631\u0648\u063a\u062a\u06cc\u0627 \u0627\u062f\u0631\u0627\u0631\u06d0 \u062f\u064a \u069a\u0648\u0648\u0646\u0681\u064a \u062f\u064a \u0633\u0627\u062e\u062a\u0645\u0627\u0646\u064a \u0634\u0631\u06a9\u062a\u0648\u0646\u0647 \u062f\u064a \u062a\u0631\u0627\u0646\u0633\u067e\u0648\u0631\u062a\u064a \u0634\u0631\u06a9\u062a\u0648\u0646\u0647 \u062f\u064a \u0622\u06cc \u067c\u064a \u06cc\u0627 \u062f\u0631 \u062f \u0627\u0646\u067c\u0631\u0646\u06cc\u067c \u0634\u0631\u06a9\u062a\u0648\u0646\u0647 \u062f\u064a \u062f \u0644\u0648\u062c\u06cc\u0633\u062a\u06cc\u06a9 \u0627\u062f\u0627\u0631\u06d0 \u062f\u064a \u0627\u0648 \u0681\u06cc\u0646\u06d0 \u0646\u0648\u0631\u06d0 \u0627\u062f\u0631\u0627\u0631\u06d0 \u0627\u0648 \u0634\u0631\u06a9\u062a\u0648\u0646\u0647 \u062f\u064a<\/span>. <span lang=\"ps-AF\">\u06a9\u0647 \u0686\u06cc\u0631\u06d0 \u062f \u06a9\u0627\u0631 \u0644\u0627\u0631\u0647 \u062f \u06cc\u0648\u06d0 \u0632\u062f\u06a9\u0693\u06d0 \u06cc\u0627 \u06a9\u0648\u0645 \u062a\u062d\u0635\u06cc\u0644 \u0644\u0647 \u0644\u0627\u0631\u06d0 \u0648\u064a \u0646\u0648 \u0644\u0647 \u062a\u0627\u0633\u0648 \u0633\u0631\u0647 \u0628\u0647 \u06cc\u0648 \u062f \u067e\u0648\u0647\u06d0 \u0627\u0648 \u062f \u06a9\u0627\u0631\u0644\u0627\u0631\u069a\u0648\u0648\u0646\u06a9\u06cc \u0645\u0631\u0633\u062a\u0647 \u0648\u06a9\u0693\u064a<\/span>.<\/p>\n<p dir=\"RTL\" align=\"RIGHT\"><span lang=\"ps-AF\">\u062a\u0647 \u062f <\/span><span lang=\"ps-AF\">\u0645\u0631\u0633\u062a\u06d0 \u0627\u0648 \u0644\u0627\u0631\u069a\u0648\u0648\u0646\u06d0 <\/span><span lang=\"ps-AF\">\u067e\u0647 \u067e\u0631\u0648\u0698\u0647 \u06a9\u06d0 \u062f\u0631\u06d0 \u062f\u0631\u06d0 \u0645\u06cc\u0627\u0634\u062a\u06d0 \u0648\u062e\u062a \u0644\u0631\u06d0 \u0627\u0648 \u067e\u0647 \u062f\u06d0 \u0648\u062e\u062a \u06a9\u06d0 \u062a\u0647 \u062e\u067e\u0644\u0647 \u0644\u0647 \u062e\u067e\u0644 \u0644\u0627\u0631\u069a\u0648\u0648\u0646\u06a9\u064a \u0633\u0631\u0647 \u0647\u0631\u0634\u06cc \u067e\u0644\u0627\u0646 \u06a9\u0648\u06d0\u060c \u0647\u063a\u0647 \u0634\u06cc\u0627\u0646 \u0686\u06d0 \u0633\u062a\u0627 \u067e\u0647 \u0627\u0646\u062f \u0633\u062a\u0627 \u062f \u06a9\u0627\u0631 \u0627\u0648 \u0689\u06d0\u0631\u0647 \u0633\u064a \u0627\u0648 \u06a9\u0644\u06a9\u0647 \u0645\u0631\u0633\u062a\u0647 \u062f \u06a9\u0627\u0631 \u067e\u0647 \u0645\u0648\u0646\u062f\u0644\u0648 \u06a9\u06d0 \u062f\u0631 \u0633\u0631\u0647 \u0648\u0634\u064a \u0627\u0648 \u0644\u0647 \u0647\u0631 \u0685\u0647 \u0645\u062e\u06a9\u06d0 \u0686\u06d0 \u062a\u0647 \u062f\u0627\u0633\u06d0 \u06cc\u0648 \u0634\u0631\u06a9\u062a \u067e\u06cc\u062f\u0627 \u06a9\u0693\u06d0 \u0686\u06d0 \u062a\u0647 \u0648\u06a9\u0648\u0644\u0627\u06cc \u0634\u06d0 \u0647\u0644\u062a\u0647 \u06a9\u0627\u0631 \u067e\u0647 \u06a9\u06d0 \u067e\u06cc\u0644 \u06a9\u0693\u06d0<\/span>.<\/p>\n<p dir=\"RTL\" align=\"RIGHT\"><span lang=\"ps-AF\">\u0644\u0627\u0631\u069a\u0648\u0648\u0646\u06a9\u064a\u060c \u0644\u0648\u0633\u062a\u0644 \u06cc\u06d0 \u067e\u06cc\u0644 \u06a9\u0693\u0647<\/span><\/p>\n<h3 dir=\"RTL\" align=\"RIGHT\"><span lang=\"ps-AF\">\u0648\u0644\u06d0 \u0628\u0627\u06cc\u062f \u062f <\/span><span lang=\"ps-AF\">\u0645\u0631\u0633\u062a\u06d0 \u0627\u0648 \u0644\u0627\u0631\u069a\u0648\u0648\u0646\u06d0 <\/span><span lang=\"ps-AF\">\u062f \u067e\u0631\u0648\u0698\u06d0 \u0644\u067e\u0627\u0631\u0647 \u0645\u0631\u06cc\u062a \u06a9\u06d0 \u063a\u0648\u0631\u0647 \u06a9\u0693\u06d0\u061f<\/span><\/h3>\n<p dir=\"RTL\" align=\"RIGHT\"><span lang=\"ps-AF\">\u0681\u06a9\u0647 \u0686\u06d0 \u062f\u0644\u062a\u0647 \u062f \u06a9\u0627\u0631 \u0627\u0648 \u062f \u062a\u062d\u0635\u06cc\u0644 \u062f \u067e\u06cc\u062f\u0627 \u06a9\u0648\u0644\u0648 \u0631\u06cc\u069a\u062a\u0648\u0646\u064a \u0627\u0645\u06a9\u0627\u0646\u0627\u062a \u062f\u064a<\/span><\/p>\n<p dir=\"RTL\" align=\"RIGHT\"><span lang=\"ps-AF\">\u06cc\u0648 \u0681\u0627\u0646\u06ab\u0693\u06cc \u0644\u0627\u0631\u069a\u0648\u0648\u0646\u06a9\u06cc \u067e\u0647 \u067c\u0648\u0644 \u0628\u0647\u06cc\u0631 \u06a9\u06d0 \u062f\u0631\u0633\u0631\u0647 \u0648\u064a<\/span><\/p>\n<p dir=\"RTL\" align=\"RIGHT\"><span lang=\"ps-AF\">\u062f \u0681\u0627\u0646\u06ab\u0693\u0648 \u0634\u0631\u06a9\u062a\u0648\u0646\u0648 \u0681\u0627\u0646\u06ab\u0693\u064a \u0644\u0627\u0631\u069a\u0648\u0648\u0646\u06a9\u064a \u0634\u062a\u0647 \u062f\u0644\u062a\u0647 \u0686\u06d0 \u0633\u062a\u0627\u0633\u0648 \u062a\u062c\u0631\u0628\u06d0 \u0644\u0647 \u0645\u062e\u062a\u0644\u0641\u0647 \u0634\u0631\u06a9\u062a\u0648\u0646\u0648 \u0633\u0631\u0647 \u0648\u0635\u0644 \u06a9\u0648\u064a<\/span><\/p>\n<p dir=\"RTL\" align=\"RIGHT\"><span lang=\"ps-AF\">\u06cc\u0648\u0647 \u062c\u062f\u064a \u0627\u0648 \u0631\u06cc\u069a\u062a\u0648\u0646\u06d0 \u0644\u06cc\u062f\u0646\u0647 \u0632\u0645\u0648\u0646\u0696 \u0644\u0647 \u062e\u0648\u0627 \u0644\u0647 \u062a\u0627 \u0633\u0631\u0647 \u06a9\u06cc\u0696\u064a<\/span><\/p>\n<p dir=\"RTL\" align=\"RIGHT\"><span lang=\"ps-AF\">\u06cc\u0648\u0647 \u0681\u0627\u0646\u06ab\u0693\u06d0 \u0641\u0636\u0627 \u0644\u0631\u0648 \u0686\u06d0 \u0633\u062a\u0627 \u0628\u0647 \u062e\u0648\u069a\u0647 \u0634\u064a<\/span><\/p>\n<p dir=\"RTL\" align=\"RIGHT\"><span lang=\"ps-AF\">\u0627\u0648 \u0632\u0645\u0648\u0646\u0696 \u0644\u0627\u069a\u0648\u0648\u0646\u06a9\u064a \u067e\u0647 \u0645\u062e\u062a\u0644\u0641\u0647 \u0698\u0628\u0648 \u0628\u0627\u0646\u062f\u06d0 \u062e\u0628\u0631\u06d0 \u06a9\u0648\u064a<\/span><\/p>\n<h3 dir=\"RTL\" align=\"RIGHT\"><span lang=\"ps-AF\">\u0685\u0647 \u0628\u0627\u06cc\u062f \u0648\u06a9\u0693\u06d0 \u0686\u06d0 \u062f\u0627 \u067e\u0631\u0648\u0698\u0647 \u067e\u06cc\u0644 \u06a9\u0693\u06d0\u061f<\/span><\/h3>\n<p dir=\"RTL\" align=\"RIGHT\"><span lang=\"ps-AF\">\u0644\u0647 \u062e\u067e\u0644\u06d0 \u062f \u0647\u0646\u062f\u0644\u06ab\u0631\u06d0 \u06cc\u0627 \u0644\u0647 \u062e\u067e\u0644 \u0645\u0633\u0648\u0644 \u06cc\u0627 \u0645\u0633\u0648\u0644\u06d0 \u0633\u0631\u0647 \u0686\u06d0 \u062f \u06a9\u0627\u0631 \u067e\u0647 \u0627\u062f\u0627\u0631\u0647 \u06a9\u06d0 \u06cc\u06d0 \u0644\u0631\u06d0 \u0627\u0693\u06cc\u06a9\u06d0 \u0648\u0646\u06cc\u0633\u0647 \u0627\u0648 \u0648\u0631\u062a\u0647 \u0648\u0648\u0627\u06cc\u0647 \u0686\u06d0 \u062a\u0647 \u063a\u0648\u0627\u0693\u06d0 \u062f <\/span><span lang=\"ps-AF\">\u0645\u0631\u0633\u062a\u06d0 \u0627\u0648 \u0644\u0627\u0631\u069a\u0648\u0648\u0646\u06d0 <\/span><span lang=\"ps-AF\">\u067e\u0631\u0648\u0698\u0647 \u067e\u0647 \u0645\u0631\u06cc\u062a \u06a9\u06d0 \u067e\u06cc\u0644 \u06a9\u0693\u06d0<\/span>! <span lang=\"ps-AF\">\u062f \u06a9\u0627\u0631 \u062f \u0627\u062f\u0627\u0631\u06d0 \u0644\u06cc\u0646\u06a9<\/span><span lang=\"ps-AF\">\u061f<\/span><\/p>\n<p dir=\"RTL\" align=\"RIGHT\"><span lang=\"ps-AF\">\u06a9\u0644\u0647 \u0686\u06d0 \u062f \u06a9\u0627\u0631 \u0627\u062f\u0627\u0631\u06d0 \u0685\u062e\u0647 \u0645\u0648\u0646\u0696 \u062a\u0647 \u062e\u0628\u0631 \u0631\u0627\u0633\u064a \u0686\u06d0 \u062a\u0627 \u0645\u0648\u0646\u0696 \u063a\u0648\u0631\u0647 \u06a9\u0693\u064a \u06cc\u0648 \u0646\u0648 \u0633\u062a\u0627 \u0681\u0627\u0646\u06ab\u0693\u06cc \u0644\u0627\u0631\u069a\u0648\u0648\u0646\u06a9\u06cc \u06cc\u0627 \u0644\u0627\u0631\u069a\u0648\u0648\u0646\u06a9\u06d0 \u0644\u0647 \u062a\u0627\u0633\u0631\u0647 \u0627\u0693\u06cc\u06a9\u0647 \u0646\u06cc\u0633\u064a \u0686\u06d0 \u0633\u062a\u0627 \u062f \u0644\u0648\u0645\u0693\u064a \u0681\u0644 \u0644\u067e\u0627\u0631\u0647 \u0648\u0648\u06cc\u0646\u064a<\/span><\/p>\n<p dir=\"RTL\" align=\"RIGHT\"><span lang=\"ps-AF\">\u062a\u0647 \u06a9\u0648\u0644\u0627\u06cc \u0633\u06d0 \u0686\u06d0 \u0644\u0647 \u0645\u0648\u0646\u0696 \u0633\u0631\u0647 \u062f\u0627 \u0627\u0648\u0633 \u067e\u0647 \u0627\u0693\u06cc\u06a9\u0647 \u06a9\u06d0 \u0634\u06d0<\/span><\/p>\n<p dir=\"RTL\" align=\"RIGHT\"><span lang=\"ps-AF\">\u0632\u0645\u0648\u0646\u0696 \u067e\u0627\u06bc\u0647 \u067e\u0647 \u0641\u06cc\u0633\u0628\u0648\u06a9 \u06a9\u06d0 \u062e\u0648\u069a\u0647 \u06a9\u0693\u0626<\/span><\/p>\n<p><a href=\"https:\/\/www.facebook.com\/stodochmatchningpamerit\/\" target=\"_blank\" rel=\"noopener\"><img loading=\"lazy\" decoding=\"async\" src=\"\/wp-content\/uploads\/2016\/07\/knapp_fb.jpg\" alt=\"knapp Facebook\" width=\"40\" height=\"40\" \/><\/a><\/p>\n<p>&nbsp;<\/p>\n<p>&nbsp;<\/p>\n<p>&nbsp;<\/p>\n","protected":false},"excerpt":{"rendered":"<p>\u0645\u0631\u0633\u062a\u0647 \u0627\u0648 \u0644\u0627\u0631\u069a\u0648\u0648\u0646\u0647 \u0645\u0631\u06cc\u062a \u0644\u0647 \u062a\u0627\u0633\u0631\u0647 \u0645\u0631\u0633\u062a\u0647 \u06a9\u0648\u064a \u06a9\u0647 \u062a\u0647 \u063a\u0648\u0627\u0693\u06d0 \u06a9\u0627\u0631 \u0648\u0645\u0648\u0645\u06d0 \u0627\u0648 \u06cc\u0627 \u0647\u0645 \u06a9\u0647 \u063a\u0648\u0627\u0693\u06d0 \u0686\u06d0 \u06a9\u0648\u0645 \u062a\u062d\u0635\u06cc\u0644 \u067e\u06cc\u0644 \u06a9\u0693\u06d0! \u06a9\u0648\u0645 \u0644\u0627\u0631\u069a\u0648\u0648\u0646\u06a9\u064a \u0686\u06d0 \u067e\u0647 \u0645\u0631\u06cc\u062a \u06a9\u06d0 \u06a9\u0627\u0631 \u06a9\u0648\u064a \u0689\u06d0\u0631\u06d0 \u0627\u0693\u06cc\u06a9\u064a \u0644\u0631\u064a \u0644\u0647 \u0647\u063a\u0647 \u0634\u0631\u06a9\u062a\u0648 \u0633\u0631\u0647 \u0686\u06d0 \u063a\u0648\u0627\u0693\u064a \u062e\u0644\u06a9\u0648 \u062a\u0647 \u06a9\u0627\u0631 \u0648\u0631\u06a9\u0693\u064a. \u0647\u063a\u0647 \u0634\u0631\u06a9\u062a\u0648 \u0627\u0648 \u0627\u0631\u062f\u0627\u0631\u06d0 \u0631\u0633\u062a\u0648\u0631\u0627\u0646\u0648\u0646\u0647 \u062f\u064a \u0647\u0648\u067c\u0644\u0648\u0646\u0647 \u062f\u064a \u062f \u0639\u0627\u0645\u06d0 \u0631\u0648\u063a\u062a\u06cc\u0627 [&hellip;]<\/p>\n","protected":false},"author":39,"featured_media":0,"parent":2519,"menu_order":0,"comment_status":"closed","ping_status":"closed","template":"content-storsidebar-SOM.php","meta":{"_acf_changed":false,"footnotes":""},"class_list":["post-2536","page","type-page","status-publish","hentry"],"acf":[],"yoast_head":"<!-- This site is optimized with the Yoast SEO plugin v27.2 - https:\/\/yoast.com\/product\/yoast-seo-wordpress\/ -->\n<title>Landskrona - Merit Utbildning - V\u00e4lkommen till Merit utbildning AB<\/title>\n<meta name=\"robots\" content=\"index, follow, max-snippet:-1, max-image-preview:large, max-video-preview:-1\" \/>\n<link rel=\"canonical\" href=\"https:\/\/meritutbildning.com\/ps\/stod-och-matchning\/landskrona\/\" \/>\n<meta property=\"og:locale\" content=\"en_US\" \/>\n<meta property=\"og:type\" content=\"article\" \/>\n<meta property=\"og:title\" content=\"Landskrona - Merit Utbildning - V\u00e4lkommen till Merit utbildning AB\" \/>\n<meta property=\"og:description\" content=\"\u0645\u0631\u0633\u062a\u0647 \u0627\u0648 \u0644\u0627\u0631\u069a\u0648\u0648\u0646\u0647 \u0645\u0631\u06cc\u062a \u0644\u0647 \u062a\u0627\u0633\u0631\u0647 \u0645\u0631\u0633\u062a\u0647 \u06a9\u0648\u064a \u06a9\u0647 \u062a\u0647 \u063a\u0648\u0627\u0693\u06d0 \u06a9\u0627\u0631 \u0648\u0645\u0648\u0645\u06d0 \u0627\u0648 \u06cc\u0627 \u0647\u0645 \u06a9\u0647 \u063a\u0648\u0627\u0693\u06d0 \u0686\u06d0 \u06a9\u0648\u0645 \u062a\u062d\u0635\u06cc\u0644 \u067e\u06cc\u0644 \u06a9\u0693\u06d0! \u06a9\u0648\u0645 \u0644\u0627\u0631\u069a\u0648\u0648\u0646\u06a9\u064a \u0686\u06d0 \u067e\u0647 \u0645\u0631\u06cc\u062a \u06a9\u06d0 \u06a9\u0627\u0631 \u06a9\u0648\u064a \u0689\u06d0\u0631\u06d0 \u0627\u0693\u06cc\u06a9\u064a \u0644\u0631\u064a \u0644\u0647 \u0647\u063a\u0647 \u0634\u0631\u06a9\u062a\u0648 \u0633\u0631\u0647 \u0686\u06d0 \u063a\u0648\u0627\u0693\u064a \u062e\u0644\u06a9\u0648 \u062a\u0647 \u06a9\u0627\u0631 \u0648\u0631\u06a9\u0693\u064a. \u0647\u063a\u0647 \u0634\u0631\u06a9\u062a\u0648 \u0627\u0648 \u0627\u0631\u062f\u0627\u0631\u06d0 \u0631\u0633\u062a\u0648\u0631\u0627\u0646\u0648\u0646\u0647 \u062f\u064a \u0647\u0648\u067c\u0644\u0648\u0646\u0647 \u062f\u064a \u062f \u0639\u0627\u0645\u06d0 \u0631\u0648\u063a\u062a\u06cc\u0627 [&hellip;]\" \/>\n<meta property=\"og:url\" content=\"https:\/\/meritutbildning.com\/ps\/stod-och-matchning\/landskrona\/\" \/>\n<meta property=\"og:site_name\" content=\"Merit Utbildning - V\u00e4lkommen till Merit utbildning AB\" \/>\n<meta property=\"article:modified_time\" content=\"2024-11-12T11:19:34+00:00\" \/>\n<meta name=\"twitter:card\" content=\"summary_large_image\" \/>\n<meta name=\"twitter:label1\" content=\"Est. reading time\" \/>\n\t<meta name=\"twitter:data1\" content=\"3 minutes\" \/>\n<script type=\"application\/ld+json\" class=\"yoast-schema-graph\">{\"@context\":\"https:\/\/schema.org\",\"@graph\":[{\"@type\":\"WebPage\",\"@id\":\"https:\/\/meritutbildning.com\/ps\/stod-och-matchning\/landskrona\/\",\"url\":\"https:\/\/meritutbildning.com\/ps\/stod-och-matchning\/landskrona\/\",\"name\":\"Landskrona - Merit Utbildning - V\u00e4lkommen till Merit utbildning AB\",\"isPartOf\":{\"@id\":\"https:\/\/meritutbildning.com\/#website\"},\"datePublished\":\"2016-07-11T16:28:25+00:00\",\"dateModified\":\"2024-11-12T11:19:34+00:00\",\"breadcrumb\":{\"@id\":\"https:\/\/meritutbildning.com\/ps\/stod-och-matchning\/landskrona\/#breadcrumb\"},\"inLanguage\":\"ps-AF\",\"potentialAction\":[{\"@type\":\"ReadAction\",\"target\":[\"https:\/\/meritutbildning.com\/ps\/stod-och-matchning\/landskrona\/\"]}]},{\"@type\":\"BreadcrumbList\",\"@id\":\"https:\/\/meritutbildning.com\/ps\/stod-och-matchning\/landskrona\/#breadcrumb\",\"itemListElement\":[{\"@type\":\"ListItem\",\"position\":1,\"name\":\"Hem\",\"item\":\"https:\/\/meritutbildning.com\/ps\/\"},{\"@type\":\"ListItem\",\"position\":2,\"name\":\"St\u00f6d och matchning\",\"item\":\"https:\/\/meritutbildning.com\/ps\/stod-och-matchning\/\"},{\"@type\":\"ListItem\",\"position\":3,\"name\":\"Landskrona\"}]},{\"@type\":\"WebSite\",\"@id\":\"https:\/\/meritutbildning.com\/#website\",\"url\":\"https:\/\/meritutbildning.com\/\",\"name\":\"Merit Utbildning - V\u00e4lkommen till Merit utbildning AB\",\"description\":\"Vi utbildar och coachar f\u00f6r att varje person ska hitta sin snabbaste och b\u00e4sta v\u00e4g mot r\u00e4tt arbete och delaktighet i samh\u00e4llet.\",\"potentialAction\":[{\"@type\":\"SearchAction\",\"target\":{\"@type\":\"EntryPoint\",\"urlTemplate\":\"https:\/\/meritutbildning.com\/?s={search_term_string}\"},\"query-input\":{\"@type\":\"PropertyValueSpecification\",\"valueRequired\":true,\"valueName\":\"search_term_string\"}}],\"inLanguage\":\"ps-AF\"}]}<\/script>\n<!-- \/ Yoast SEO plugin. -->","yoast_head_json":{"title":"Landskrona - Merit Utbildning - V\u00e4lkommen till Merit utbildning AB","robots":{"index":"index","follow":"follow","max-snippet":"max-snippet:-1","max-image-preview":"max-image-preview:large","max-video-preview":"max-video-preview:-1"},"canonical":"https:\/\/meritutbildning.com\/ps\/stod-och-matchning\/landskrona\/","og_locale":"en_US","og_type":"article","og_title":"Landskrona - Merit Utbildning - V\u00e4lkommen till Merit utbildning AB","og_description":"\u0645\u0631\u0633\u062a\u0647 \u0627\u0648 \u0644\u0627\u0631\u069a\u0648\u0648\u0646\u0647 \u0645\u0631\u06cc\u062a \u0644\u0647 \u062a\u0627\u0633\u0631\u0647 \u0645\u0631\u0633\u062a\u0647 \u06a9\u0648\u064a \u06a9\u0647 \u062a\u0647 \u063a\u0648\u0627\u0693\u06d0 \u06a9\u0627\u0631 \u0648\u0645\u0648\u0645\u06d0 \u0627\u0648 \u06cc\u0627 \u0647\u0645 \u06a9\u0647 \u063a\u0648\u0627\u0693\u06d0 \u0686\u06d0 \u06a9\u0648\u0645 \u062a\u062d\u0635\u06cc\u0644 \u067e\u06cc\u0644 \u06a9\u0693\u06d0! \u06a9\u0648\u0645 \u0644\u0627\u0631\u069a\u0648\u0648\u0646\u06a9\u064a \u0686\u06d0 \u067e\u0647 \u0645\u0631\u06cc\u062a \u06a9\u06d0 \u06a9\u0627\u0631 \u06a9\u0648\u064a \u0689\u06d0\u0631\u06d0 \u0627\u0693\u06cc\u06a9\u064a \u0644\u0631\u064a \u0644\u0647 \u0647\u063a\u0647 \u0634\u0631\u06a9\u062a\u0648 \u0633\u0631\u0647 \u0686\u06d0 \u063a\u0648\u0627\u0693\u064a \u062e\u0644\u06a9\u0648 \u062a\u0647 \u06a9\u0627\u0631 \u0648\u0631\u06a9\u0693\u064a. \u0647\u063a\u0647 \u0634\u0631\u06a9\u062a\u0648 \u0627\u0648 \u0627\u0631\u062f\u0627\u0631\u06d0 \u0631\u0633\u062a\u0648\u0631\u0627\u0646\u0648\u0646\u0647 \u062f\u064a \u0647\u0648\u067c\u0644\u0648\u0646\u0647 \u062f\u064a \u062f \u0639\u0627\u0645\u06d0 \u0631\u0648\u063a\u062a\u06cc\u0627 [&hellip;]","og_url":"https:\/\/meritutbildning.com\/ps\/stod-och-matchning\/landskrona\/","og_site_name":"Merit Utbildning - V\u00e4lkommen till Merit utbildning AB","article_modified_time":"2024-11-12T11:19:34+00:00","twitter_card":"summary_large_image","twitter_misc":{"Est. reading time":"3 minutes"},"schema":{"@context":"https:\/\/schema.org","@graph":[{"@type":"WebPage","@id":"https:\/\/meritutbildning.com\/ps\/stod-och-matchning\/landskrona\/","url":"https:\/\/meritutbildning.com\/ps\/stod-och-matchning\/landskrona\/","name":"Landskrona - Merit Utbildning - V\u00e4lkommen till Merit utbildning AB","isPartOf":{"@id":"https:\/\/meritutbildning.com\/#website"},"datePublished":"2016-07-11T16:28:25+00:00","dateModified":"2024-11-12T11:19:34+00:00","breadcrumb":{"@id":"https:\/\/meritutbildning.com\/ps\/stod-och-matchning\/landskrona\/#breadcrumb"},"inLanguage":"ps-AF","potentialAction":[{"@type":"ReadAction","target":["https:\/\/meritutbildning.com\/ps\/stod-och-matchning\/landskrona\/"]}]},{"@type":"BreadcrumbList","@id":"https:\/\/meritutbildning.com\/ps\/stod-och-matchning\/landskrona\/#breadcrumb","itemListElement":[{"@type":"ListItem","position":1,"name":"Hem","item":"https:\/\/meritutbildning.com\/ps\/"},{"@type":"ListItem","position":2,"name":"St\u00f6d och matchning","item":"https:\/\/meritutbildning.com\/ps\/stod-och-matchning\/"},{"@type":"ListItem","position":3,"name":"Landskrona"}]},{"@type":"WebSite","@id":"https:\/\/meritutbildning.com\/#website","url":"https:\/\/meritutbildning.com\/","name":"Merit Utbildning - V\u00e4lkommen till Merit utbildning AB","description":"Vi utbildar och coachar f\u00f6r att varje person ska hitta sin snabbaste och b\u00e4sta v\u00e4g mot r\u00e4tt arbete och delaktighet i samh\u00e4llet.","potentialAction":[{"@type":"SearchAction","target":{"@type":"EntryPoint","urlTemplate":"https:\/\/meritutbildning.com\/?s={search_term_string}"},"query-input":{"@type":"PropertyValueSpecification","valueRequired":true,"valueName":"search_term_string"}}],"inLanguage":"ps-AF"}]}},"_links":{"self":[{"href":"https:\/\/meritutbildning.com\/ps\/wp-json\/wp\/v2\/pages\/2536","targetHints":{"allow":["GET"]}}],"collection":[{"href":"https:\/\/meritutbildning.com\/ps\/wp-json\/wp\/v2\/pages"}],"about":[{"href":"https:\/\/meritutbildning.com\/ps\/wp-json\/wp\/v2\/types\/page"}],"author":[{"embeddable":true,"href":"https:\/\/meritutbildning.com\/ps\/wp-json\/wp\/v2\/users\/39"}],"replies":[{"embeddable":true,"href":"https:\/\/meritutbildning.com\/ps\/wp-json\/wp\/v2\/comments?post=2536"}],"version-history":[{"count":0,"href":"https:\/\/meritutbildning.com\/ps\/wp-json\/wp\/v2\/pages\/2536\/revisions"}],"up":[{"embeddable":true,"href":"https:\/\/meritutbildning.com\/ps\/wp-json\/wp\/v2\/pages\/2519"}],"wp:attachment":[{"href":"https:\/\/meritutbildning.com\/ps\/wp-json\/wp\/v2\/media?parent=2536"}],"curies":[{"name":"wp","href":"https:\/\/api.w.org\/{rel}","templated":true}]}}