{"id":2557,"date":"2016-07-11T18:21:17","date_gmt":"2016-07-11T16:21:17","guid":{"rendered":"http:\/\/merit.uppereight.com\/ps\/sfi\/"},"modified":"2017-06-16T15:24:42","modified_gmt":"2017-06-16T13:24:42","slug":"sfi","status":"publish","type":"page","link":"https:\/\/meritutbildning.com\/ps\/sfi\/","title":{"rendered":"SFI"},"content":{"rendered":"<h3 dir=\"RTL\" align=\"RIGHT\"><span lang=\"ps-AF\">\u062f \u0633\u0648\u06cc\u0689\u0646\u064a \u0698\u0628\u06d0 \u0632\u062f\u0647 \u06a9\u0693\u06d0 <\/span>sfi <span lang=\"ps-AF\">\u067e\u0647 \u0645\u0631\u06cc\u062a \u06a9\u06d0<\/span><\/h3>\n<p dir=\"RTL\" align=\"RIGHT\"><span lang=\"ps-AF\">\u062f \u06a9\u0627\u0631\u06cc\u0632\u06d0 \u0633\u0648\u06cc\u0689\u0646\u064a \u0698\u0628\u06d0 \u0685\u0627\u0646\u06ab\u06d0 \u062a\u0647 \u067e\u0647 \u0645\u0631\u06cc\u062a \u06a9\u06d0 \u069a\u0647 \u0631\u0627\u063a\u0644\u0627\u0633\u062a<\/span>.<\/p>\n<p dir=\"RTL\" align=\"RIGHT\"><span lang=\"ps-AF\">\u067c\u0648\u0644\u06d0 \u0632\u062f\u0647 \u06a9\u0693\u06d0 \u062a\u0645\u0631\u06a9\u0632 \u0633\u062a\u0627 \u0644\u0647 \u062a\u062c\u0631\u0628\u0648 \u0627\u0648 \u062f \u0631\u0627\u062a\u0644\u0648\u0646\u06a9\u0648 \u0628\u0631\u0646\u0627\u0645\u0648 \u0685\u062e\u0647 \u0627\u062e\u0644\u064a \u0644\u0647 \u062f\u06d0 \u06a9\u0628\u0644\u0647 \u0686\u06d0 \u0633\u062a\u0627 \u0644\u0627\u0631\u0647 \u0633\u0648\u06cc\u0689\u0646\u064a \u0698\u0628\u06d0 \u062a\u0647 \u0627\u0648 \u06a9\u0627\u0631 \u062a\u0647 \u0644\u0646\u0689\u0647 \u0633\u064a<\/span>. <span lang=\"ps-AF\">\u062f\u0644\u062a\u0647 \u062a\u0647 \u0647\u063a\u0647 \u0633\u0648\u06cc\u0689\u0646\u064a \u0632\u062f\u0647 \u06a9\u0648\u06d0 \u0686\u06d0 \u062a\u0627\u062a\u0647 \u067e\u0647 \u06a9\u0627\u0631 \u06a9\u06d0 \u067e\u0647 \u0631\u0627\u062a\u0644\u0648\u0646\u06a9\u0648 \u0632\u062f\u0647 \u06a9\u0693\u0648 \u06a9\u06d0 \u067e\u0647 \u0648\u0631\u0681\u0646\u06cd \u06a9\u0627\u0631\u0648 \u06a9\u06d0 \u0644\u06a9\u0647 \u062f \u06a9\u0648\u0631\u0646\u06cd\u060c \u06a9\u0648\u0631\u060c \u069a\u0648\u0648\u0646\u0681\u064a \u06a9\u06d0 \u0627\u0648 \u0634\u062e\u0635\u064a \u0627\u0642\u062a\u0635\u0627\u062f\u064a \u0686\u0627\u0631\u0648 \u06a9\u06d0 \u067e\u0647 \u062f\u0631\u062f\u062e\u0648\u0631\u064a<\/span>.<\/p>\n<p>&nbsp;<\/p>\n<h3 dir=\"RTL\" align=\"RIGHT\"><span lang=\"ps-AF\">\u0648\u0644\u06d0 \u062a\u0647 \u0628\u0627\u06cc\u062f \u0645\u0631\u06cc\u062a \u069a\u0648\u0648\u0646\u0681\u06cc \u063a\u0648\u0631\u0647 \u06a9\u0693\u06d0\u061f<\/span><\/h3>\n<p dir=\"RTL\" align=\"RIGHT\"><span lang=\"ps-AF\">\u0633\u062a\u0627 \u062a\u062c\u0631\u0628\u0648 \u0627\u0648 \u0628\u0631\u0646\u0627\u0645\u0648 \u062a\u0647 \u067e\u0647 \u06a9\u0644\u06a9\u0647 \u06a9\u062a\u0644 \u06a9\u06cc\u0696\u064a<\/span><\/p>\n<p dir=\"RTL\" align=\"RIGHT\"><span lang=\"ps-AF\">\u062a\u0647 \u062e\u067e\u0644\u0647 \u062e\u067e\u0644 \u0648\u062e\u062a\u0648\u0646\u0647 \u063a\u0648\u0631\u0647 \u06a9\u0648\u06d0 \u0686\u06d0 \u06a9\u0648\u0645 \u0648\u062e\u062a \u062a\u0647 \u06a9\u0648\u0644\u0627\u06cc \u0633\u06d0 \u0631\u0627\u0633\u06d0 \u069a\u0648\u0648\u0646\u0681\u064a \u062a\u0647\u060c \u062f \u06ab\u0647\u06cc\u0681 \u0644\u0647 \u062e\u0648\u0627\u060c \u062f \u063a\u0631\u0645\u06d0 \u0644\u0647 \u062e\u0648\u0627 \u060c\u0645\u0627\u0681\u06cc\u06ab\u0631\u060c \u062f \u06a9\u0645\u067e\u06cc\u0648\u067c\u0631 \u0644\u0647 \u0637\u0631\u06cc\u0642\u0647 \u0627\u0648 \u06cc\u0627 \u0647\u063a\u0647 \u0648\u062e\u062a \u0686\u06d0 \u0633\u062a\u0627 \u067e\u0647 \u0632\u0693\u0647 \u0648\u064a<\/span><\/p>\n<p dir=\"RTL\" align=\"RIGHT\"><span lang=\"ps-AF\">\u062f\u0644\u062a\u0647 \u069a\u0648\u0648\u0646\u06a9\u064a \u0633\u062a\u0647 \u0686\u06d0 \u067e\u0647 \u0645\u062e\u062a\u0644\u0641\u0647 \u0698\u0628\u0648 \u063a\u0696\u064a\u0696\u064a \u0627\u0648 \u0644\u0647 \u062a\u0627\u0633\u0631\u0647 \u0628\u0647 \u0645\u0631\u0633\u062a\u0647 \u06a9\u0648\u064a<\/span>. <span lang=\"ps-AF\">\u0647\u063a\u0647 \u0698\u0628\u0648 \u0628\u0627\u0646\u062f\u06d0 \u0686\u06d0 \u069a\u0648\u0648\u0646\u06a9\u064a \u063a\u0696\u064a\u0696\u064a \u062f\u0627 \u062f\u064a<\/span>: <span lang=\"ps-AF\">\u067e\u069a\u062a\u0648\u060c \u062f\u0631\u064a\u060c \u0639\u0631\u0628\u064a\u060c \u0627\u0646\u06ab\u0631\u06cc\u0632\u064a\u060c \u06a9\u0648\u0631\u062f\u064a\u060c \u0641\u0627\u0631\u0633\u064a\u060c \u0633\u0631\u0628\u064a\u060c \u0628\u0648\u0633\u0646\u06cc\u0627\u06cc\u064a\u060c \u06a9\u0648\u0631\u0648\u0627\u062a\u0633\u064a\u060c \u0633\u067e\u0627\u0646\u06cc\u0648\u064a \u0627\u0648 \u0627\u0631\u062f\u0648<\/span><\/p>\n<p dir=\"RTL\" align=\"RIGHT\"><span lang=\"ps-AF\">\u062f \u06a9\u0627\u0631 \u0644\u0627\u0631\u069a\u0648\u0648\u0646\u06a9\u064a \u0644\u0631\u0648 \u0686\u06d0 \u0628\u06d0 \u062d\u0633\u0627\u0628\u0647 \u0627\u0693\u06cc\u06a9\u06d0 \u0644\u0647 \u0645\u062e\u062a\u0644\u0641\u0647 \u0634\u0631\u06a9\u062a\u0648 \u0633\u0631\u0647 \u0644\u0631\u064a \u0627\u0648 \u0644\u0647 \u062a\u0627\u0633\u0631\u0647 \u0628\u0647 \u062f \u06a9\u0627\u0631 \u067e\u0647 \u0645\u0648\u0646\u062f\u0644\u0648 \u06a9\u06d0 \u0645\u0631\u0633\u062a\u0647 \u06a9\u0648\u064a <\/span><\/p>\n<p dir=\"RTL\" align=\"RIGHT\"><span lang=\"ps-AF\">\u06cc\u0648 \u062e\u0648\u0696 \u0648\u0693\u0648\u06a9\u06cc \u069a\u0648\u0648\u0646\u0681\u06cc \u0644\u0647 \u069a\u0627\u06cc\u0633\u062a\u0647 \u0627\u0648 \u067e\u0647 \u0632\u0693\u0647 \u067e\u0648\u0631\u06d0 \u067c\u0648\u0644\u06ab\u06cc\u0648 \u0633\u0631\u0647 \u0627\u0648 \u0644\u0647 \u069a\u0647 \u069a\u0648\u0648\u0646\u06a9\u0648 \u0633\u0631\u0647<\/span><\/p>\n<p dir=\"RTL\" align=\"RIGHT\"><span lang=\"ps-AF\">\u0646\u0648\u06d0 \u0645\u062f\u0631\u0646\u06d0 \u0644\u0627\u0631\u06d0 \u062f \u0632\u062f\u0647 \u06a9\u0693\u0648 \u0644\u067e\u0627\u0631\u0647 \u0644\u0647 \u06cc\u0648\u0647 \u06a9\u0645\u067e\u06cc\u0648\u067c\u0631\u064a \u0633\u06cc\u0633\u062a\u0645 \u0633\u0631\u0647 \u0644\u06a9\u0647 \u0627\u06a9\u067c\u06cc\u0648 \u0628\u0648\u0631\u062f\u060c \u0645\u062e\u062a\u0644\u0641\u0647 \u0627\u067e\u0648\u0646\u0647\u060c \u0644\u0627\u0633\u064a \u06a9\u0645\u067e\u06cc\u0648\u067c\u0631\u0648\u0646\u0647 \u0627\u0648 \u0646\u0648\u0631<\/span><\/p>\n<p dir=\"RTL\" align=\"RIGHT\"><span lang=\"ps-AF\">\u062f \u062a\u0644\u0641\u0638 \u0644\u067e\u0627\u0631\u0647 \u0627\u0636\u0627\u0641\u064a \u0647\u0685\u06d0<\/span><\/p>\n<p dir=\"RTL\" align=\"RIGHT\"><span lang=\"ps-AF\">\u0627\u0645\u06a9\u0627\u0646\u0627\u062a \u062f \u0646\u0648\u0648 \u0627\u0693\u06cc\u06a9\u0648 \u06a9\u0644\u0647 \u0686\u06d0 \u062a\u0627\u0633\u0648 \u06cc\u0648 \u0681\u0627\u064a \u067e\u0647 \u0639\u0644\u0645\u064a \u0633\u0641\u0631 \u0681\u0626 \u06cc\u0627 \u06a9\u0646\u0641\u0631\u0627\u0646\u0633\u0648\u0646\u0647 \u06a9\u06d0 \u0628\u0631\u062e\u0647 \u0627\u062e\u0644\u0626 \u0627\u0648 \u06cc\u0627 \u06a9\u0644\u0647 \u0686\u06d0 \u062a\u0627\u0633\u0648 \u062a\u0647 \u06cc\u0648 \u0645\u06cc\u0644\u0645\u0647 \u069a\u0648\u0648\u0646\u06a9\u06cc \u062f \u0627\u0636\u0627\u0641\u064a \u0632\u062f\u0647 \u06a9\u0693\u0648 \u0644\u067e\u0627\u0631\u0647 \u0631\u0627\u0681\u064a<\/span><\/p>\n<p dir=\"RTL\" align=\"RIGHT\"><span lang=\"ps-AF\">\u062f \u0633\u064a \u0648\u064a \u0627\u0648 \u062f \u0633\u0648\u0627\u0646\u062d \u062f\u0648\u0633\u06cc\u06d0 \u062f \u062c\u0648\u0693\u0648\u0644\u0648 \u0645\u0631\u0633\u062a\u0647<\/span><\/p>\n<p dir=\"RTL\" align=\"RIGHT\"><span lang=\"ps-AF\">\u062f \u06a9\u0645\u067e\u06cc\u0648\u067c\u0631 \u0632\u062f\u0647 \u06a9\u0693\u06d0<\/span><\/p>\n<p dir=\"RTL\" align=\"RIGHT\"><span lang=\"ps-AF\">\u062a\u0627\u0633\u0648 \u0628\u0647 \u06a9\u0648\u0644\u0627\u06cc \u0633\u0626 \u0686\u06d0 \u062f \u0645\u0631\u06cc\u062a \u0644\u0647 \u0628\u06cc\u0633\u06cc\u0645\u0647 \u0648\u0627\u06cc \u0641\u0627\u06cc \u0685\u062e\u0647 \u0627\u0633\u062a\u0641\u0627\u062f\u0647 \u0648\u06a9\u0693\u0626 \u0627\u0648 \u062f \u0645\u0631\u06cc\u062a \u0644\u0647 \u0644\u0627\u0633\u064a \u06a9\u0645\u067e\u06cc\u0648\u067c\u0631\u0648 \u0685\u062e\u0647 \u0627\u0633\u062a\u0641\u0627\u062f\u0647 \u0648\u06a9\u0693\u0626 \u06a9\u0647 \u062f \u0632\u062f\u0647 \u06a9\u0693\u0648 \u06ab\u0693\u06cd \u0647\u0645 \u0648\u0646\u0647 \u0644\u0631\u0626<\/span><\/p>\n<p>&nbsp;<\/p>\n<h3 dir=\"RTL\" align=\"RIGHT\"><span lang=\"ps-AF\">\u062f \u0698\u0628\u0648 \u0632\u062f\u0647 \u06a9\u0693\u0648 \u062a\u0647 \u067e\u0647 \u0645\u0631\u06cc\u062a \u06a9\u06d0 \u0681\u0627\u0646 \u0634\u0627\u0645\u0644\u0647 \u06a9\u0693\u0626<\/span><\/h3>\n<p dir=\"RTL\" align=\"RIGHT\"><span lang=\"ps-AF\">\u0647\u0644\u0633\u06cc\u0646\u06ab\u0628\u0648\u0631\u064a<\/span>:<\/p>\n<p dir=\"RTL\" align=\"RIGHT\"><span lang=\"ps-AF\">\u062f \u0633\u0648\u06cc\u0689\u0646\u064a \u0698\u0628\u0648 \u0685\u0627\u0646\u06ab\u06d0 <\/span>L\u00e4rcentrum <span lang=\"ps-AF\">\u062a\u0647 \u062f \u0632\u062f\u0647 \u06a9\u0693\u0648 \u0645\u0631\u06a9\u0632 S<\/span>fi-mottagningen\u00a0<span lang=\"ps-AF\">\u062a\u0647 \u0648\u0631\u0633\u0626 \u0627\u0648 \u0648\u0631\u062a\u0647 \u0648\u0648\u0627\u06cc\u0627\u0633\u062a \u0686\u06d0 \u062a\u0627\u0633\u0648 \u063a\u0648\u0627\u0693\u0626 \u0632\u062f\u0647 \u06a9\u0693\u06d0 \u067e\u0647 \u0645\u0631\u06cc\u062a \u06a9\u06d0 \u0648\u06a9\u0693\u0626<\/span>!<\/p>\n<p dir=\"RTL\" align=\"RIGHT\"><span lang=\"ps-AF\">\u062f \u0632\u062f\u0647 \u06a9\u0693\u0648 \u062f \u0645\u0631\u06a9\u0632 \u0622\u062f\u0631\u0633 \u067e\u0647 \u0646\u06d0\u067c \u06a9\u06d0<\/span><\/p>\n<p dir=\"RTL\" align=\"RIGHT\"><a href=\"http:\/\/www.helsingborg.se\/startsida\/forskola-och-utbildning\/vuxenutbildning\/utbildningar\/sfi-svenskundervisning-for-invandrare\/\" target=\"_blank\" rel=\"noopener noreferrer\"><img loading=\"lazy\" decoding=\"async\" src=\"\/wp-content\/uploads\/2016\/07\/logo_helsingborg-stad.png\" alt=\"logo Helsingborg stad\" width=\"200\" height=\"212\" \/><\/a><\/p>\n<p dir=\"RTL\" align=\"RIGHT\"><span lang=\"ps-AF\">\u062f \u0648\u0631\u062a\u0644\u0644\u0648 \u067e\u062a\u0647<\/span>. J\u00e4rnv\u00e4gsgatan 35, v\u00e5ning 2<\/p>\n<p dir=\"RTL\" align=\"RIGHT\"><span lang=\"ps-AF\">\u0644\u0646\u062f\u0633\u06a9\u0631\u0648\u0646\u0627<\/span><\/p>\n<p dir=\"RTL\" align=\"RIGHT\"><span lang=\"ps-AF\">\u062f \u0633\u0648\u06cc\u0689\u0646\u064a \u0698\u0628\u064a \u062f \u0632\u062f\u0647 \u06a9\u0693\u0648 \u0685\u0627\u0646\u06ab\u06d0 S<\/span>fi-introduktionen <span lang=\"ps-AF\">\u062a\u0647 \u0648\u0631\u0633\u0626 \u0627\u0648 \u0648\u0631\u062a\u0647 \u0648\u0648\u0627\u06cc\u0627\u0633\u062a \u0686\u06d0 \u062a\u0627\u0633\u0648 \u063a\u0648\u0627\u0693\u0626 \u067e\u0647 \u0645\u0631\u06cc\u062a \u06a9\u0647 \u0632\u062f\u0647 \u06a9\u0693\u06d0 \u0648\u06a9\u0693\u0626<\/span>!<\/p>\n<p dir=\"RTL\" align=\"RIGHT\"><span lang=\"ps-AF\">\u062f \u0646\u06d0\u067c \u067e\u062a\u0647<\/span><\/p>\n<p dir=\"RTL\" align=\"RIGHT\"><a href=\"http:\/\/www.landskrona.se\/en\/sfi---svenska-for-invandrare\/\" target=\"_blank\" rel=\"noopener noreferrer\"><img loading=\"lazy\" decoding=\"async\" src=\"\/wp-content\/uploads\/2016\/07\/logo-landskrona-stad.png\" alt=\"logo Landskrona stad\" width=\"241\" height=\"200\" \/><\/a><\/p>\n<p dir=\"RTL\" align=\"RIGHT\"><span lang=\"ps-AF\">\u062f\u0648\u0631\u062a\u0644\u0644\u0648 \u067e\u062a\u0647 <\/span>R\u00e5dmansgatan 7<\/p>\n<p dir=\"RTL\" align=\"RIGHT\"><span lang=\"ps-AF\">\u062a\u0627\u0633\u0648 \u06a9\u0648\u0644\u0627\u06cc \u0633\u0626 \u0645\u0648\u0646\u0696 \u062a\u0647 \u062e\u067e\u0644\u0647 \u0631\u0627\u0633\u0626 \u0627\u0648 \u06cc\u0627 \u0645\u0648\u0646\u0696 \u0633\u0631\u0647 \u0627\u0693\u06cc\u06a9\u06d0 \u0648\u0646\u06cc\u0633\u0626 \u067e\u0647 \u0644\u0627\u062f\u0646\u062f\u0646\u06d0 \u067e\u062a\u06d0 \u0628\u0627\u0646\u062f\u06d0<\/span><\/p>\n<p dir=\"RTL\" align=\"RIGHT\">Pr\u00e4stgatan 12, Helsingborg<\/p>\n<p dir=\"RTL\" align=\"RIGHT\">Tr\u00e4dg\u00e5rdsgatan 17 A, Landskrona<\/p>\n<p dir=\"RTL\" align=\"RIGHT\"><span lang=\"ps-AF\">\u062f \u0627\u0693\u06cc\u06a9\u0648 \u0634\u062e\u0635<\/span><\/p>\n<p dir=\"RTL\" align=\"RIGHT\">Sara Belin 076-017 14 50<\/p>\n<p dir=\"RTL\" align=\"RIGHT\"><a href=\"mailto:sara.belin@meritutbildning.com\">sara.belin@meritutbildning.com<\/a><\/p>\n<p>&nbsp;<\/p>\n<p dir=\"RTL\" align=\"RIGHT\"><span lang=\"ps-AF\">\u062f \u0698\u0628\u06d0 <\/span>sfi <span lang=\"ps-AF\">\u06a9\u0648\u0631\u0633\u0648\u0646\u0647<\/span><\/p>\n<p dir=\"RTL\" align=\"RIGHT\"><span lang=\"ps-AF\">\u0627\u0648\u0644\u0647 \u0628\u06bc\u0647<\/span>: <span lang=\"ps-AF\">\u06a9\u0648\u0631\u0633 <\/span>A, B, C <span lang=\"ps-AF\">\u0627\u0648 <\/span>D<\/p>\n<p dir=\"RTL\" align=\"RIGHT\"><span lang=\"ps-AF\">\u062f\u0648\u06cc\u0645\u0647 \u0628\u06bc\u0647<\/span>: <span lang=\"ps-AF\">\u06a9\u0648\u0631\u0633 <\/span>B, C, D<\/p>\n<p dir=\"RTL\" align=\"RIGHT\"><span lang=\"ps-AF\">\u062f\u0631\u06d0\u0645\u0647 \u0628\u06bc\u0647 \u06a9\u0648\u0631\u0633 <\/span>C, D<\/p>\n<p dir=\"RTL\" align=\"RIGHT\"><span lang=\"ps-AF\">\u062f \u06a9\u0648\u0631\u0633 \u067e\u06cc\u0644<\/span><\/p>\n<p dir=\"RTL\" align=\"RIGHT\"><span lang=\"ps-AF\">\u0647\u0631\u0647 \u0627\u0648\u0646\u06cd<\/span><\/p>\n<p>&nbsp;<\/p>\n<h3 dir=\"RTL\" align=\"RIGHT\"><span lang=\"ps-AF\">\u0681\u0627\u0646\u06a9\u0693\u064a \u067e\u0631\u0648\u06ab\u0631\u0627\u0645\u0648\u0646\u0647 \u062f \u0632\u062f\u0647 \u06a9\u0648\u0648\u0646\u06a9\u0648 \u0644\u067e\u0627\u0631\u0647<\/span><\/h3>\n<p dir=\"RTL\" align=\"RIGHT\"><span lang=\"ps-AF\">\u0645\u0631\u06cc\u062a \u0627\u06a9\u0627\u0689\u06cc\u0645\u064a\u00a0<\/span>&#8211; <span lang=\"ps-AF\">\u0633\u062a\u0627 \u0644\u067e\u0627\u0631\u0647 \u0686\u06d0 \u0627\u06a9\u0627\u0689\u06cc\u0645\u06cc\u06a9 \u062f\u0631\u0633\u0648\u0646\u0647 \u062f\u06d0 \u0648\u06cc\u0644\u064a \u0627\u0648 \u06cc\u0627 \u063a\u0648\u0627\u0693\u06d0 \u0686\u06d0 \u0627\u06a9\u0627\u0689\u06cc\u0645\u06cc\u06a9\u06d0 \u0632\u062f\u0647 \u06a9\u0693\u06d0 \u0648\u06a9\u0693\u06d0<\/span><\/p>\n<p dir=\"RTL\" align=\"RIGHT\"><span lang=\"ps-AF\">\u0644\u0647 \u06a9\u0648\u0631\u0647 \u0632\u062f\u0647 \u06a9\u0693\u06d0 \u062f \u06a9\u0645\u067e\u06cc\u0648\u067c\u0631 \u0644\u0647 \u0637\u0631\u06cc\u0642\u0647\u00a0<\/span>&#8211; <span lang=\"ps-AF\">\u062f \u0647\u063a\u0648 \u0632\u062f\u0647 \u06a9\u0648\u0648\u0646\u06a9\u0648 \u0644\u067e\u0627\u0631\u0647 \u062f\u064a \u0686\u06d0 \u063a\u0648\u0627\u0693\u06d0 \u062f \u0633\u0648\u06cc\u0689\u0646\u064a \u0698\u0628\u06d0 \u0632\u062f\u0647 \u06a9\u0693\u06d0 \u0644\u0647 \u06a9\u0627\u0631 \u0633\u0631\u0647 \u0648\u06a9\u0693\u064a \u0627\u0648 \u06cc\u0627 \u06cc\u06d0 \u0644\u0647 \u0646\u0648\u0631\u0648 \u0632\u062f\u0647 \u06a9\u0693\u0648 \u0633\u0631\u0647 \u0633\u0645 \u0648\u0644\u0648\u0644\u064a<\/span>. <span lang=\"ps-AF\">\u062a\u0627\u0633\u0648 \u062a\u0647 \u062f \u0645\u0631\u06cc\u062a \u067e\u0647 \u062f\u06cc\u062c\u06cc\u062a\u0627\u0644 \u067e\u0644\u062a\u0641\u0648\u0631\u0645 \u06a9\u06d0 \u0681\u0627\u06cc \u062f\u0631\u06a9\u0693\u0644 \u0633\u064a \u0627\u0648 \u062a\u0627\u0633\u0648 \u0628\u06cc\u0627 \u0647\u0645 \u06a9\u0648\u0644\u0627\u06cc \u0633\u0626 \u0686\u06d0 \u0647\u0631\u0647 \u0627\u0648\u0646\u06cd \u062e\u067e\u0644 \u069a\u0648\u0648\u0646\u06a9\u064a \u0633\u0631\u0647 \u0647\u0645 \u0648\u06ab\u0648\u0631\u0626 \u067e\u0647 \u069a\u0648\u0648\u0646\u0681\u064a \u06a9\u06d0<\/span>.<\/p>\n<p dir=\"RTL\" align=\"RIGHT\"><span lang=\"ps-AF\">\u0686\u067c\u06ab\u06d0 \u0632\u062f\u0647 \u06a9\u0693\u06d0\u00a0<\/span>&#8211; <span lang=\"ps-AF\">\u0633\u062a\u0627 \u0644\u067e\u0627\u0631\u0647 \u0686\u06d0 \u062f\u0648\u06cc\u0645\u0647 \u0627\u0648 \u062f\u0631\u06cc\u0645\u0647 \u0628\u06bc\u0647 \u0644\u0648\u0644\u06d0 \u0627\u0648 \u063a\u0648\u0627\u0693\u06d0 \u062f \u0633\u0648\u06cc\u0689\u0646\u064a \u0698\u0628\u06d0 \u0632\u062f\u0647 \u06a9\u0693\u06d0 \u0686\u067c\u06a9\u06d0 \u0648\u06a9\u0693\u06d0 \u0646\u0648 \u06a9\u0648\u0644\u0627\u06cc \u0633\u06d0 \u0686\u06d0 \u067e\u0647 \u062f\u06d0 \u0628\u06bc\u0647 \u06a9\u06d0 \u0628\u0631\u062e\u0647 \u0648\u0627\u062e\u0644\u06d0<\/span>. <span lang=\"ps-AF\">\u062a\u0647 \u06f2\u06f5 \u06ab\u0693\u06cd \u067e\u0647 \u06cc\u0648\u0647 \u0627\u0648\u0646\u06cd \u06a9\u06d0 \u0632\u062f\u0647 \u06a9\u0693\u06d0 \u06a9\u0648\u06d0 \u0627\u0648 \u0647\u063a\u0647 \u0647\u0645 \u067e\u0647 \u0686\u067c\u06a9\u0647 \u062a\u0648\u06ab\u0647<\/span>.<\/p>\n<p dir=\"RTL\" align=\"RIGHT\"><span lang=\"ps-AF\">\u06ab\u0689\u06d0 \u0632\u062f\u0647 \u06a9\u0693\u06d0\u00a0<\/span>&#8211; <span lang=\"ps-AF\">\u0633\u062a\u0627 \u0644\u067e\u0627\u0631\u0647 \u0686\u06d0 \u0646\u0648\u0631\u0648 \u069a\u0648\u0648\u0646\u0681\u06cc\u0648 \u06cc\u0627 \u06a9\u0627\u0631\u064a \u067e\u0631\u0648\u0698\u0648 \u06a9\u06d0 \u0628\u0631\u062e\u0647 \u0627\u062e\u0644\u06d0<\/span><\/p>\n<p dir=\"RTL\" align=\"RIGHT\"><span lang=\"ps-AF\">\u062f \u0647\u0648\u067c\u0644 \u0632\u062f\u0647 \u06a9\u0693\u06d0<\/span><\/p>\n<p dir=\"RTL\" align=\"RIGHT\"><span lang=\"ps-AF\">\u062f \u06a9\u0627\u0631 \u0698\u0628\u0647 \u0686\u06d0 \u0641\u0627\u0628\u0631\u06cc\u06a9\u0648 \u06a9\u0627\u0631\u0648\u0646\u0647 \u0648\u064a<\/span><\/p>\n<p dir=\"RTL\" align=\"RIGHT\"><span lang=\"ps-AF\">\u062f \u0635\u062d\u064a \u06cc\u0627 \u0631\u0648\u063a\u062a\u06cc\u0627\u0648\u0648 \u062f \u0628\u06bc\u06d0 \u0698\u0628\u0647<\/span><\/p>\n<p dir=\"RTL\" align=\"RIGHT\"><span lang=\"ps-AF\">\u0627\u0648 \u062f \u0633\u0631\u0648\u06d0\u0633 \u06cc\u0627 \u0639\u0627\u0645\u0648 \u062e\u0630\u0645\u062a\u0648\u0646\u0647 \u0698\u0628\u0647<\/span><\/p>\n<p dir=\"RTL\" align=\"RIGHT\"><span lang=\"ps-AF\">\u0632\u0645\u0648\u0646\u0696 \u067e\u0627\u06bc\u0647 \u067e\u0647 \u0641\u06cc\u0633\u0628\u0648\u06a9 \u06a9\u06d0 \u062e\u0648\u069a\u0647 \u06a9\u0693\u0647<\/span><\/p>\n<p>&nbsp;<\/p>\n","protected":false},"excerpt":{"rendered":"<p>\u062f \u0633\u0648\u06cc\u0689\u0646\u064a \u0698\u0628\u06d0 \u0632\u062f\u0647 \u06a9\u0693\u06d0 sfi \u067e\u0647 \u0645\u0631\u06cc\u062a \u06a9\u06d0 \u062f \u06a9\u0627\u0631\u06cc\u0632\u06d0 \u0633\u0648\u06cc\u0689\u0646\u064a \u0698\u0628\u06d0 \u0685\u0627\u0646\u06ab\u06d0 \u062a\u0647 \u067e\u0647 \u0645\u0631\u06cc\u062a \u06a9\u06d0 \u069a\u0647 \u0631\u0627\u063a\u0644\u0627\u0633\u062a. \u067c\u0648\u0644\u06d0 \u0632\u062f\u0647 \u06a9\u0693\u06d0 \u062a\u0645\u0631\u06a9\u0632 \u0633\u062a\u0627 \u0644\u0647 \u062a\u062c\u0631\u0628\u0648 \u0627\u0648 \u062f \u0631\u0627\u062a\u0644\u0648\u0646\u06a9\u0648 \u0628\u0631\u0646\u0627\u0645\u0648 \u0685\u062e\u0647 \u0627\u062e\u0644\u064a \u0644\u0647 \u062f\u06d0 \u06a9\u0628\u0644\u0647 \u0686\u06d0 \u0633\u062a\u0627 \u0644\u0627\u0631\u0647 \u0633\u0648\u06cc\u0689\u0646\u064a \u0698\u0628\u06d0 \u062a\u0647 \u0627\u0648 \u06a9\u0627\u0631 \u062a\u0647 \u0644\u0646\u0689\u0647 \u0633\u064a. \u062f\u0644\u062a\u0647 \u062a\u0647 \u0647\u063a\u0647 \u0633\u0648\u06cc\u0689\u0646\u064a \u0632\u062f\u0647 \u06a9\u0648\u06d0 \u0686\u06d0 \u062a\u0627\u062a\u0647 [&hellip;]<\/p>\n","protected":false},"author":39,"featured_media":0,"parent":0,"menu_order":0,"comment_status":"closed","ping_status":"closed","template":"content-storsidebar.php","meta":{"_acf_changed":false,"footnotes":""},"class_list":["post-2557","page","type-page","status-publish","hentry"],"acf":[],"yoast_head":"<!-- This site is optimized with the Yoast SEO plugin v27.2 - https:\/\/yoast.com\/product\/yoast-seo-wordpress\/ -->\n<title>SFI - Merit Utbildning - V\u00e4lkommen till Merit utbildning AB<\/title>\n<meta name=\"robots\" content=\"index, follow, max-snippet:-1, max-image-preview:large, max-video-preview:-1\" \/>\n<link rel=\"canonical\" href=\"https:\/\/meritutbildning.com\/ps\/sfi\/\" \/>\n<meta property=\"og:locale\" content=\"en_US\" \/>\n<meta property=\"og:type\" content=\"article\" \/>\n<meta property=\"og:title\" content=\"SFI - Merit Utbildning - V\u00e4lkommen till Merit utbildning AB\" \/>\n<meta property=\"og:description\" content=\"\u062f \u0633\u0648\u06cc\u0689\u0646\u064a \u0698\u0628\u06d0 \u0632\u062f\u0647 \u06a9\u0693\u06d0 sfi \u067e\u0647 \u0645\u0631\u06cc\u062a \u06a9\u06d0 \u062f \u06a9\u0627\u0631\u06cc\u0632\u06d0 \u0633\u0648\u06cc\u0689\u0646\u064a \u0698\u0628\u06d0 \u0685\u0627\u0646\u06ab\u06d0 \u062a\u0647 \u067e\u0647 \u0645\u0631\u06cc\u062a \u06a9\u06d0 \u069a\u0647 \u0631\u0627\u063a\u0644\u0627\u0633\u062a. \u067c\u0648\u0644\u06d0 \u0632\u062f\u0647 \u06a9\u0693\u06d0 \u062a\u0645\u0631\u06a9\u0632 \u0633\u062a\u0627 \u0644\u0647 \u062a\u062c\u0631\u0628\u0648 \u0627\u0648 \u062f \u0631\u0627\u062a\u0644\u0648\u0646\u06a9\u0648 \u0628\u0631\u0646\u0627\u0645\u0648 \u0685\u062e\u0647 \u0627\u062e\u0644\u064a \u0644\u0647 \u062f\u06d0 \u06a9\u0628\u0644\u0647 \u0686\u06d0 \u0633\u062a\u0627 \u0644\u0627\u0631\u0647 \u0633\u0648\u06cc\u0689\u0646\u064a \u0698\u0628\u06d0 \u062a\u0647 \u0627\u0648 \u06a9\u0627\u0631 \u062a\u0647 \u0644\u0646\u0689\u0647 \u0633\u064a. \u062f\u0644\u062a\u0647 \u062a\u0647 \u0647\u063a\u0647 \u0633\u0648\u06cc\u0689\u0646\u064a \u0632\u062f\u0647 \u06a9\u0648\u06d0 \u0686\u06d0 \u062a\u0627\u062a\u0647 [&hellip;]\" \/>\n<meta property=\"og:url\" content=\"https:\/\/meritutbildning.com\/ps\/sfi\/\" \/>\n<meta property=\"og:site_name\" content=\"Merit Utbildning - V\u00e4lkommen till Merit utbildning AB\" \/>\n<meta property=\"article:modified_time\" content=\"2017-06-16T13:24:42+00:00\" \/>\n<meta name=\"twitter:card\" content=\"summary_large_image\" \/>\n<script type=\"application\/ld+json\" class=\"yoast-schema-graph\">{\"@context\":\"https:\/\/schema.org\",\"@graph\":[{\"@type\":\"WebPage\",\"@id\":\"https:\/\/meritutbildning.com\/ps\/sfi\/\",\"url\":\"https:\/\/meritutbildning.com\/ps\/sfi\/\",\"name\":\"SFI - Merit Utbildning - V\u00e4lkommen till Merit utbildning AB\",\"isPartOf\":{\"@id\":\"https:\/\/meritutbildning.com\/#website\"},\"datePublished\":\"2016-07-11T16:21:17+00:00\",\"dateModified\":\"2017-06-16T13:24:42+00:00\",\"breadcrumb\":{\"@id\":\"https:\/\/meritutbildning.com\/ps\/sfi\/#breadcrumb\"},\"inLanguage\":\"ps-AF\",\"potentialAction\":[{\"@type\":\"ReadAction\",\"target\":[\"https:\/\/meritutbildning.com\/ps\/sfi\/\"]}]},{\"@type\":\"BreadcrumbList\",\"@id\":\"https:\/\/meritutbildning.com\/ps\/sfi\/#breadcrumb\",\"itemListElement\":[{\"@type\":\"ListItem\",\"position\":1,\"name\":\"Hem\",\"item\":\"https:\/\/meritutbildning.com\/ps\/\"},{\"@type\":\"ListItem\",\"position\":2,\"name\":\"SFI\"}]},{\"@type\":\"WebSite\",\"@id\":\"https:\/\/meritutbildning.com\/#website\",\"url\":\"https:\/\/meritutbildning.com\/\",\"name\":\"Merit Utbildning - V\u00e4lkommen till Merit utbildning AB\",\"description\":\"Vi utbildar och coachar f\u00f6r att varje person ska hitta sin snabbaste och b\u00e4sta v\u00e4g mot r\u00e4tt arbete och delaktighet i samh\u00e4llet.\",\"potentialAction\":[{\"@type\":\"SearchAction\",\"target\":{\"@type\":\"EntryPoint\",\"urlTemplate\":\"https:\/\/meritutbildning.com\/?s={search_term_string}\"},\"query-input\":{\"@type\":\"PropertyValueSpecification\",\"valueRequired\":true,\"valueName\":\"search_term_string\"}}],\"inLanguage\":\"ps-AF\"}]}<\/script>\n<!-- \/ Yoast SEO plugin. -->","yoast_head_json":{"title":"SFI - Merit Utbildning - V\u00e4lkommen till Merit utbildning AB","robots":{"index":"index","follow":"follow","max-snippet":"max-snippet:-1","max-image-preview":"max-image-preview:large","max-video-preview":"max-video-preview:-1"},"canonical":"https:\/\/meritutbildning.com\/ps\/sfi\/","og_locale":"en_US","og_type":"article","og_title":"SFI - Merit Utbildning - V\u00e4lkommen till Merit utbildning AB","og_description":"\u062f \u0633\u0648\u06cc\u0689\u0646\u064a \u0698\u0628\u06d0 \u0632\u062f\u0647 \u06a9\u0693\u06d0 sfi \u067e\u0647 \u0645\u0631\u06cc\u062a \u06a9\u06d0 \u062f \u06a9\u0627\u0631\u06cc\u0632\u06d0 \u0633\u0648\u06cc\u0689\u0646\u064a \u0698\u0628\u06d0 \u0685\u0627\u0646\u06ab\u06d0 \u062a\u0647 \u067e\u0647 \u0645\u0631\u06cc\u062a \u06a9\u06d0 \u069a\u0647 \u0631\u0627\u063a\u0644\u0627\u0633\u062a. \u067c\u0648\u0644\u06d0 \u0632\u062f\u0647 \u06a9\u0693\u06d0 \u062a\u0645\u0631\u06a9\u0632 \u0633\u062a\u0627 \u0644\u0647 \u062a\u062c\u0631\u0628\u0648 \u0627\u0648 \u062f \u0631\u0627\u062a\u0644\u0648\u0646\u06a9\u0648 \u0628\u0631\u0646\u0627\u0645\u0648 \u0685\u062e\u0647 \u0627\u062e\u0644\u064a \u0644\u0647 \u062f\u06d0 \u06a9\u0628\u0644\u0647 \u0686\u06d0 \u0633\u062a\u0627 \u0644\u0627\u0631\u0647 \u0633\u0648\u06cc\u0689\u0646\u064a \u0698\u0628\u06d0 \u062a\u0647 \u0627\u0648 \u06a9\u0627\u0631 \u062a\u0647 \u0644\u0646\u0689\u0647 \u0633\u064a. \u062f\u0644\u062a\u0647 \u062a\u0647 \u0647\u063a\u0647 \u0633\u0648\u06cc\u0689\u0646\u064a \u0632\u062f\u0647 \u06a9\u0648\u06d0 \u0686\u06d0 \u062a\u0627\u062a\u0647 [&hellip;]","og_url":"https:\/\/meritutbildning.com\/ps\/sfi\/","og_site_name":"Merit Utbildning - V\u00e4lkommen till Merit utbildning AB","article_modified_time":"2017-06-16T13:24:42+00:00","twitter_card":"summary_large_image","schema":{"@context":"https:\/\/schema.org","@graph":[{"@type":"WebPage","@id":"https:\/\/meritutbildning.com\/ps\/sfi\/","url":"https:\/\/meritutbildning.com\/ps\/sfi\/","name":"SFI - Merit Utbildning - V\u00e4lkommen till Merit utbildning AB","isPartOf":{"@id":"https:\/\/meritutbildning.com\/#website"},"datePublished":"2016-07-11T16:21:17+00:00","dateModified":"2017-06-16T13:24:42+00:00","breadcrumb":{"@id":"https:\/\/meritutbildning.com\/ps\/sfi\/#breadcrumb"},"inLanguage":"ps-AF","potentialAction":[{"@type":"ReadAction","target":["https:\/\/meritutbildning.com\/ps\/sfi\/"]}]},{"@type":"BreadcrumbList","@id":"https:\/\/meritutbildning.com\/ps\/sfi\/#breadcrumb","itemListElement":[{"@type":"ListItem","position":1,"name":"Hem","item":"https:\/\/meritutbildning.com\/ps\/"},{"@type":"ListItem","position":2,"name":"SFI"}]},{"@type":"WebSite","@id":"https:\/\/meritutbildning.com\/#website","url":"https:\/\/meritutbildning.com\/","name":"Merit Utbildning - V\u00e4lkommen till Merit utbildning AB","description":"Vi utbildar och coachar f\u00f6r att varje person ska hitta sin snabbaste och b\u00e4sta v\u00e4g mot r\u00e4tt arbete och delaktighet i samh\u00e4llet.","potentialAction":[{"@type":"SearchAction","target":{"@type":"EntryPoint","urlTemplate":"https:\/\/meritutbildning.com\/?s={search_term_string}"},"query-input":{"@type":"PropertyValueSpecification","valueRequired":true,"valueName":"search_term_string"}}],"inLanguage":"ps-AF"}]}},"_links":{"self":[{"href":"https:\/\/meritutbildning.com\/ps\/wp-json\/wp\/v2\/pages\/2557","targetHints":{"allow":["GET"]}}],"collection":[{"href":"https:\/\/meritutbildning.com\/ps\/wp-json\/wp\/v2\/pages"}],"about":[{"href":"https:\/\/meritutbildning.com\/ps\/wp-json\/wp\/v2\/types\/page"}],"author":[{"embeddable":true,"href":"https:\/\/meritutbildning.com\/ps\/wp-json\/wp\/v2\/users\/39"}],"replies":[{"embeddable":true,"href":"https:\/\/meritutbildning.com\/ps\/wp-json\/wp\/v2\/comments?post=2557"}],"version-history":[{"count":0,"href":"https:\/\/meritutbildning.com\/ps\/wp-json\/wp\/v2\/pages\/2557\/revisions"}],"wp:attachment":[{"href":"https:\/\/meritutbildning.com\/ps\/wp-json\/wp\/v2\/media?parent=2557"}],"curies":[{"name":"wp","href":"https:\/\/api.w.org\/{rel}","templated":true}]}}