{"id":2553,"date":"2016-07-11T18:30:47","date_gmt":"2016-07-11T16:30:47","guid":{"rendered":"http:\/\/merit.uppereight.com\/ro\/stod-och-matchning\/ystad\/"},"modified":"2017-09-15T16:29:24","modified_gmt":"2017-09-15T14:29:24","slug":"ystad","status":"publish","type":"page","link":"https:\/\/meritutbildning.com\/ro\/stod-och-matchning\/ystad\/","title":{"rendered":"Ystad"},"content":{"rendered":"<p>La Merit aveti posibilitatea de a primi ajutor in cautarea unui loc de munca sau de formatare\u00a0de educatie. Indrumatori cu contacte de angajatori in mai mute domenii: restaurant,\u00a0hotel, asistenta medicala, educatie-invatamant, constructii, transport, curatenie, IT, logistica\u00a0etc, etc. In cazul in care munca se face printr-o educatie atunci puteti obtine sprijinul unui\u00a0consilier de orientare.<\/p>\n<p>Ai dreptul de sprijin si abilitati timp de trei luni. Impreuna cu coachul de la Merit,\u00a0unde planificati ceea ce aveti nevoie pentru a gasi cea mai buna metoda in cautarea unui\u00a0loc de munca sau un curs potrivit. Sprijinul consta in a scrie: cereri si cv \u2013uri, a primi o\u00a0inspiratie efectiva si mai presus de toate a obtine o sansa de a te prezenta la un angajator.<\/p>\n<p>&nbsp;<\/p>\n<h3>De ce sa alegi Sprijin si abilitati la Merit<\/h3>\n<ul>\n<li>Ai oportunitati reale de a gasi un loc de munca si un curs de formare potrivit.<\/li>\n<li>Un coach personal care este cu tine in permanenta pe tot parcursul procesului,\u00a0cursului.<\/li>\n<li>Contacte de afaceri care se potrivesc cu abilit\u0103\u021bile si interesele dumneavoastr\u0103.<\/li>\n<li>O atitudine dreapta si onesta<\/li>\n<li>Un mediu personal in care te simti sigur pe tine.<\/li>\n<li>Coachii vorbesc fluent mai multe limbi straine.<\/li>\n<\/ul>\n<p>&nbsp;<\/p>\n<h3>Pasii de parcurgere:<\/h3>\n<p>Luati legatura cu <a href=\"http:\/\/www.arbetsformedlingen.se\">Arbetsf\u00f6rmedlingen<\/a> (Serviciul ocuparea)\u00a0fortei de munca si spuneti-le ca doriti Sprijin de potrivire\u00a0la Merit!<\/p>\n<p>In data ce noi primim notificarea Dvs, veti primi o confirmare de la asistentul tau pentru\u00a0prima intalnire.<\/p>\n<p>Ne mai puteti contacta direct la adresa de mail: <a href=\"mailto:monika.dall@meritutbildning.com\">monika.dall@meritutbildning.com<\/a><\/p>\n<p>Detalii mai multe pe pagina Facebook:<\/p>\n<p><a href=\"https:\/\/www.facebook.com\/stodochmatchningpamerit\/\" target=\"_blank\"><img loading=\"lazy\" decoding=\"async\" class=\"alignnone size-full wp-image-727\" src=\"\/wp-content\/uploads\/2016\/07\/knapp_fb.jpg\" alt=\"knapp Facebook\" width=\"40\" height=\"40\" \/><\/a><\/p>\n<p>&nbsp;<\/p>\n","protected":false},"excerpt":{"rendered":"<p>La Merit aveti posibilitatea de a primi ajutor in cautarea unui loc de munca sau de formatare\u00a0de educatie. Indrumatori cu contacte de angajatori in mai mute domenii: restaurant,\u00a0hotel, asistenta medicala, educatie-invatamant, constructii, transport, curatenie, IT, logistica\u00a0etc, etc. In cazul in care munca se face printr-o educatie atunci puteti obtine sprijinul unui\u00a0consilier de orientare. Ai dreptul [&hellip;]<\/p>\n","protected":false},"author":39,"featured_media":0,"parent":2523,"menu_order":0,"comment_status":"closed","ping_status":"closed","template":"content-storsidebar-SOM.php","meta":{"_acf_changed":false,"footnotes":""},"class_list":["post-2553","page","type-page","status-publish","hentry"],"acf":[],"yoast_head":"<!-- This site is optimized with the Yoast SEO plugin v27.2 - https:\/\/yoast.com\/product\/yoast-seo-wordpress\/ -->\n<title>Ystad - Merit Utbildning - V\u00e4lkommen till Merit utbildning AB<\/title>\n<meta name=\"robots\" content=\"index, follow, max-snippet:-1, max-image-preview:large, max-video-preview:-1\" \/>\n<link rel=\"canonical\" href=\"https:\/\/meritutbildning.com\/ro\/stod-och-matchning\/ystad\/\" \/>\n<meta property=\"og:locale\" content=\"ro_RO\" \/>\n<meta property=\"og:type\" content=\"article\" \/>\n<meta property=\"og:title\" content=\"Ystad - Merit Utbildning - V\u00e4lkommen till Merit utbildning AB\" \/>\n<meta property=\"og:description\" content=\"La Merit aveti posibilitatea de a primi ajutor in cautarea unui loc de munca sau de formatare\u00a0de educatie. Indrumatori cu contacte de angajatori in mai mute domenii: restaurant,\u00a0hotel, asistenta medicala, educatie-invatamant, constructii, transport, curatenie, IT, logistica\u00a0etc, etc. In cazul in care munca se face printr-o educatie atunci puteti obtine sprijinul unui\u00a0consilier de orientare. Ai dreptul [&hellip;]\" \/>\n<meta property=\"og:url\" content=\"https:\/\/meritutbildning.com\/ro\/stod-och-matchning\/ystad\/\" \/>\n<meta property=\"og:site_name\" content=\"Merit Utbildning - V\u00e4lkommen till Merit utbildning AB\" \/>\n<meta property=\"article:modified_time\" content=\"2017-09-15T14:29:24+00:00\" \/>\n<meta name=\"twitter:card\" content=\"summary_large_image\" \/>\n<meta name=\"twitter:label1\" content=\"Timp estimat pentru citire\" \/>\n\t<meta name=\"twitter:data1\" content=\"1 minut\" \/>\n<script type=\"application\/ld+json\" class=\"yoast-schema-graph\">{\"@context\":\"https:\/\/schema.org\",\"@graph\":[{\"@type\":\"WebPage\",\"@id\":\"https:\/\/meritutbildning.com\/ro\/stod-och-matchning\/ystad\/\",\"url\":\"https:\/\/meritutbildning.com\/ro\/stod-och-matchning\/ystad\/\",\"name\":\"Ystad - Merit Utbildning - V\u00e4lkommen till Merit utbildning AB\",\"isPartOf\":{\"@id\":\"https:\/\/meritutbildning.com\/#website\"},\"datePublished\":\"2016-07-11T16:30:47+00:00\",\"dateModified\":\"2017-09-15T14:29:24+00:00\",\"breadcrumb\":{\"@id\":\"https:\/\/meritutbildning.com\/ro\/stod-och-matchning\/ystad\/#breadcrumb\"},\"inLanguage\":\"ro-RO\",\"potentialAction\":[{\"@type\":\"ReadAction\",\"target\":[\"https:\/\/meritutbildning.com\/ro\/stod-och-matchning\/ystad\/\"]}]},{\"@type\":\"BreadcrumbList\",\"@id\":\"https:\/\/meritutbildning.com\/ro\/stod-och-matchning\/ystad\/#breadcrumb\",\"itemListElement\":[{\"@type\":\"ListItem\",\"position\":1,\"name\":\"Hem\",\"item\":\"https:\/\/meritutbildning.com\/ro\/\"},{\"@type\":\"ListItem\",\"position\":2,\"name\":\"St\u00f6d och matchning\",\"item\":\"https:\/\/meritutbildning.com\/ro\/stod-och-matchning\/\"},{\"@type\":\"ListItem\",\"position\":3,\"name\":\"Ystad\"}]},{\"@type\":\"WebSite\",\"@id\":\"https:\/\/meritutbildning.com\/#website\",\"url\":\"https:\/\/meritutbildning.com\/\",\"name\":\"Merit Utbildning - V\u00e4lkommen till Merit utbildning AB\",\"description\":\"Vi utbildar och coachar f\u00f6r att varje person ska hitta sin snabbaste och b\u00e4sta v\u00e4g mot r\u00e4tt arbete och delaktighet i samh\u00e4llet.\",\"potentialAction\":[{\"@type\":\"SearchAction\",\"target\":{\"@type\":\"EntryPoint\",\"urlTemplate\":\"https:\/\/meritutbildning.com\/?s={search_term_string}\"},\"query-input\":{\"@type\":\"PropertyValueSpecification\",\"valueRequired\":true,\"valueName\":\"search_term_string\"}}],\"inLanguage\":\"ro-RO\"}]}<\/script>\n<!-- \/ Yoast SEO plugin. -->","yoast_head_json":{"title":"Ystad - Merit Utbildning - V\u00e4lkommen till Merit utbildning AB","robots":{"index":"index","follow":"follow","max-snippet":"max-snippet:-1","max-image-preview":"max-image-preview:large","max-video-preview":"max-video-preview:-1"},"canonical":"https:\/\/meritutbildning.com\/ro\/stod-och-matchning\/ystad\/","og_locale":"ro_RO","og_type":"article","og_title":"Ystad - Merit Utbildning - V\u00e4lkommen till Merit utbildning AB","og_description":"La Merit aveti posibilitatea de a primi ajutor in cautarea unui loc de munca sau de formatare\u00a0de educatie. Indrumatori cu contacte de angajatori in mai mute domenii: restaurant,\u00a0hotel, asistenta medicala, educatie-invatamant, constructii, transport, curatenie, IT, logistica\u00a0etc, etc. In cazul in care munca se face printr-o educatie atunci puteti obtine sprijinul unui\u00a0consilier de orientare. Ai dreptul [&hellip;]","og_url":"https:\/\/meritutbildning.com\/ro\/stod-och-matchning\/ystad\/","og_site_name":"Merit Utbildning - V\u00e4lkommen till Merit utbildning AB","article_modified_time":"2017-09-15T14:29:24+00:00","twitter_card":"summary_large_image","twitter_misc":{"Timp estimat pentru citire":"1 minut"},"schema":{"@context":"https:\/\/schema.org","@graph":[{"@type":"WebPage","@id":"https:\/\/meritutbildning.com\/ro\/stod-och-matchning\/ystad\/","url":"https:\/\/meritutbildning.com\/ro\/stod-och-matchning\/ystad\/","name":"Ystad - Merit Utbildning - V\u00e4lkommen till Merit utbildning AB","isPartOf":{"@id":"https:\/\/meritutbildning.com\/#website"},"datePublished":"2016-07-11T16:30:47+00:00","dateModified":"2017-09-15T14:29:24+00:00","breadcrumb":{"@id":"https:\/\/meritutbildning.com\/ro\/stod-och-matchning\/ystad\/#breadcrumb"},"inLanguage":"ro-RO","potentialAction":[{"@type":"ReadAction","target":["https:\/\/meritutbildning.com\/ro\/stod-och-matchning\/ystad\/"]}]},{"@type":"BreadcrumbList","@id":"https:\/\/meritutbildning.com\/ro\/stod-och-matchning\/ystad\/#breadcrumb","itemListElement":[{"@type":"ListItem","position":1,"name":"Hem","item":"https:\/\/meritutbildning.com\/ro\/"},{"@type":"ListItem","position":2,"name":"St\u00f6d och matchning","item":"https:\/\/meritutbildning.com\/ro\/stod-och-matchning\/"},{"@type":"ListItem","position":3,"name":"Ystad"}]},{"@type":"WebSite","@id":"https:\/\/meritutbildning.com\/#website","url":"https:\/\/meritutbildning.com\/","name":"Merit Utbildning - V\u00e4lkommen till Merit utbildning AB","description":"Vi utbildar och coachar f\u00f6r att varje person ska hitta sin snabbaste och b\u00e4sta v\u00e4g mot r\u00e4tt arbete och delaktighet i samh\u00e4llet.","potentialAction":[{"@type":"SearchAction","target":{"@type":"EntryPoint","urlTemplate":"https:\/\/meritutbildning.com\/?s={search_term_string}"},"query-input":{"@type":"PropertyValueSpecification","valueRequired":true,"valueName":"search_term_string"}}],"inLanguage":"ro-RO"}]}},"_links":{"self":[{"href":"https:\/\/meritutbildning.com\/ro\/wp-json\/wp\/v2\/pages\/2553","targetHints":{"allow":["GET"]}}],"collection":[{"href":"https:\/\/meritutbildning.com\/ro\/wp-json\/wp\/v2\/pages"}],"about":[{"href":"https:\/\/meritutbildning.com\/ro\/wp-json\/wp\/v2\/types\/page"}],"author":[{"embeddable":true,"href":"https:\/\/meritutbildning.com\/ro\/wp-json\/wp\/v2\/users\/39"}],"replies":[{"embeddable":true,"href":"https:\/\/meritutbildning.com\/ro\/wp-json\/wp\/v2\/comments?post=2553"}],"version-history":[{"count":0,"href":"https:\/\/meritutbildning.com\/ro\/wp-json\/wp\/v2\/pages\/2553\/revisions"}],"up":[{"embeddable":true,"href":"https:\/\/meritutbildning.com\/ro\/wp-json\/wp\/v2\/pages\/2523"}],"wp:attachment":[{"href":"https:\/\/meritutbildning.com\/ro\/wp-json\/wp\/v2\/media?parent=2553"}],"curies":[{"name":"wp","href":"https:\/\/api.w.org\/{rel}","templated":true}]}}