{"id":3317,"date":"2016-08-05T13:03:54","date_gmt":"2016-08-05T11:03:54","guid":{"rendered":"https:\/\/meritutbildning.com\/ro\/mentorsskap\/"},"modified":"2016-09-27T16:10:11","modified_gmt":"2016-09-27T14:10:11","slug":"mentorsskap","status":"publish","type":"page","link":"https:\/\/meritutbildning.com\/ro\/mentorsskap\/","title":{"rendered":"Mentorskap"},"content":{"rendered":"<p>In Suedia ai nevoie de un sondaj professional. Te poti consulta si discuta cu un mentor despre profesie, aptidtudine si competent\u0103 pe plan profesional. Sa sti cum te poti adapta, ce cerinte, competenta, reguli vi se cere pentru obtinerea unui loc de munca in profesia,calificarea dumneavoastra, etc, etc. Cu ajutorul mentorului care are acces si relatii de contact, aveti \u0219anse mari pe pia\u021ba de munc\u0103. \u00cempreun\u0103 cu mentorul t\u0103u, in cei 5 luni v\u0103 veti \u00eent\u00e2lni o data pe luna.<\/p>\n<p>Ia-o \u0219ans\u0103 \u0219i \u00eenscrie\u021bi-v\u0103 ast\u0103zi!<\/p>\n<p>&nbsp;<\/p>\n<h3 id=\"yrkespraktik\">Stagiu profesional<\/h3>\n<p>Ave\u0163i o \u015fans\u0103 unic\u0103 de a scoate \u00een eviden\u0163\u0103 abilit\u0103\u021bile si competen\u021ba dumneavoastr\u0103 la un loc de munc\u0103, l\u0103sa\u021bi ca angajatorul s\u0103 v\u0103 cunoasc\u0103 mai bine, pe o perioad\u0103 de \u0219ase luni. Pute\u021bi \u00eencerca diferite profesii, abilit\u0103ti, sarcini, dup\u0103 care \u00a0\u00eempreun\u0103 cu coachul t\u0103u de la Merit \u0219i un supraveghetor ve\u021bi adopta un rezultat. Mul\u021bi angajatori sunt \u00eenteresa\u021bi de angajarea unei persoane atunci c\u00e2nd ajung s\u0103 cunoasc\u0103 persoana din spatele cv-ului.<\/p>\n<p>Ia-o \u0219ans\u0103 \u0219i \u00eenscrie\u021bi-v\u0103 ast\u0103zi!<\/p>\n<p>&nbsp;<\/p>\n<h3 id=\"provapa\"><strong>\u00cencerca\u021bi pe loc<\/strong><\/h3>\n<p>Pentru o perioad\u0103 scurt\u0103 de timp, p\u00e2na la 2 s\u0103pt\u0103m\u00e2ni, ave\u021bi posibilitatea de a participa \u0219i de a \u00eencerca profesia respectiv\u0103, \u0219i s\u0103 cunoa\u0219te\u021bi locul de munc\u0103, Este mai usor sa va planifica\u021bi viitorul \u00een momentul \u00een care a\u021bi incercat!<\/p>\n<p>Ia-o \u0219ans\u0103 \u0219i \u00eenscrie\u021bi-v\u0103 ast\u0103zi!<\/p>\n<p>&nbsp;<\/p>\n","protected":false},"excerpt":{"rendered":"<p>In Suedia ai nevoie de un sondaj professional. Te poti consulta si discuta cu un mentor despre profesie, aptidtudine si competent\u0103 pe plan profesional. Sa sti cum te poti adapta, ce cerinte, competenta, reguli vi se cere pentru obtinerea unui loc de munca in profesia,calificarea dumneavoastra, etc, etc. Cu ajutorul mentorului care are acces si [&hellip;]<\/p>\n","protected":false},"author":39,"featured_media":0,"parent":0,"menu_order":0,"comment_status":"closed","ping_status":"closed","template":"content-litensidebar-NIS.php","meta":{"_acf_changed":false,"footnotes":""},"class_list":["post-3317","page","type-page","status-publish","hentry"],"acf":[],"yoast_head":"<!-- This site is optimized with the Yoast SEO plugin v27.2 - https:\/\/yoast.com\/product\/yoast-seo-wordpress\/ -->\n<title>Beh\u00f6ver du en mentor som kan hj\u00e4lpa dig att hitta r\u00e4tt jobb? | Merit<\/title>\n<meta name=\"description\" content=\"Beh\u00f6ver du ett professionellt bollplank i Sverige? En mentor du kan diskutera med om hur ditt yrke ser ut och fungerar i Sverige?\" \/>\n<meta name=\"robots\" content=\"index, follow, max-snippet:-1, max-image-preview:large, max-video-preview:-1\" \/>\n<link rel=\"canonical\" href=\"https:\/\/meritutbildning.com\/ro\/mentorsskap\/\" \/>\n<meta property=\"og:locale\" content=\"ro_RO\" \/>\n<meta property=\"og:type\" content=\"article\" \/>\n<meta property=\"og:title\" content=\"Beh\u00f6ver du en mentor som kan hj\u00e4lpa dig att hitta r\u00e4tt jobb? | Merit\" \/>\n<meta property=\"og:description\" content=\"Beh\u00f6ver du ett professionellt bollplank i Sverige? En mentor du kan diskutera med om hur ditt yrke ser ut och fungerar i Sverige?\" \/>\n<meta property=\"og:url\" content=\"https:\/\/meritutbildning.com\/ro\/mentorsskap\/\" \/>\n<meta property=\"og:site_name\" content=\"Merit Utbildning - V\u00e4lkommen till Merit utbildning AB\" \/>\n<meta property=\"article:modified_time\" content=\"2016-09-27T14:10:11+00:00\" \/>\n<meta name=\"twitter:card\" content=\"summary_large_image\" \/>\n<meta name=\"twitter:label1\" content=\"Timp estimat pentru citire\" \/>\n\t<meta name=\"twitter:data1\" content=\"1 minut\" \/>\n<script type=\"application\/ld+json\" class=\"yoast-schema-graph\">{\"@context\":\"https:\/\/schema.org\",\"@graph\":[{\"@type\":\"WebPage\",\"@id\":\"https:\/\/meritutbildning.com\/ro\/mentorsskap\/\",\"url\":\"https:\/\/meritutbildning.com\/ro\/mentorsskap\/\",\"name\":\"Beh\u00f6ver du en mentor som kan hj\u00e4lpa dig att hitta r\u00e4tt jobb? | Merit\",\"isPartOf\":{\"@id\":\"https:\/\/meritutbildning.com\/#website\"},\"datePublished\":\"2016-08-05T11:03:54+00:00\",\"dateModified\":\"2016-09-27T14:10:11+00:00\",\"description\":\"Beh\u00f6ver du ett professionellt bollplank i Sverige? En mentor du kan diskutera med om hur ditt yrke ser ut och fungerar i Sverige?\",\"breadcrumb\":{\"@id\":\"https:\/\/meritutbildning.com\/ro\/mentorsskap\/#breadcrumb\"},\"inLanguage\":\"ro-RO\",\"potentialAction\":[{\"@type\":\"ReadAction\",\"target\":[\"https:\/\/meritutbildning.com\/ro\/mentorsskap\/\"]}]},{\"@type\":\"BreadcrumbList\",\"@id\":\"https:\/\/meritutbildning.com\/ro\/mentorsskap\/#breadcrumb\",\"itemListElement\":[{\"@type\":\"ListItem\",\"position\":1,\"name\":\"Hem\",\"item\":\"https:\/\/meritutbildning.com\/ro\/\"},{\"@type\":\"ListItem\",\"position\":2,\"name\":\"Mentorskap\"}]},{\"@type\":\"WebSite\",\"@id\":\"https:\/\/meritutbildning.com\/#website\",\"url\":\"https:\/\/meritutbildning.com\/\",\"name\":\"Merit Utbildning - V\u00e4lkommen till Merit utbildning AB\",\"description\":\"Vi utbildar och coachar f\u00f6r att varje person ska hitta sin snabbaste och b\u00e4sta v\u00e4g mot r\u00e4tt arbete och delaktighet i samh\u00e4llet.\",\"potentialAction\":[{\"@type\":\"SearchAction\",\"target\":{\"@type\":\"EntryPoint\",\"urlTemplate\":\"https:\/\/meritutbildning.com\/?s={search_term_string}\"},\"query-input\":{\"@type\":\"PropertyValueSpecification\",\"valueRequired\":true,\"valueName\":\"search_term_string\"}}],\"inLanguage\":\"ro-RO\"}]}<\/script>\n<!-- \/ Yoast SEO plugin. -->","yoast_head_json":{"title":"Beh\u00f6ver du en mentor som kan hj\u00e4lpa dig att hitta r\u00e4tt jobb? | Merit","description":"Beh\u00f6ver du ett professionellt bollplank i Sverige? En mentor du kan diskutera med om hur ditt yrke ser ut och fungerar i Sverige?","robots":{"index":"index","follow":"follow","max-snippet":"max-snippet:-1","max-image-preview":"max-image-preview:large","max-video-preview":"max-video-preview:-1"},"canonical":"https:\/\/meritutbildning.com\/ro\/mentorsskap\/","og_locale":"ro_RO","og_type":"article","og_title":"Beh\u00f6ver du en mentor som kan hj\u00e4lpa dig att hitta r\u00e4tt jobb? | Merit","og_description":"Beh\u00f6ver du ett professionellt bollplank i Sverige? En mentor du kan diskutera med om hur ditt yrke ser ut och fungerar i Sverige?","og_url":"https:\/\/meritutbildning.com\/ro\/mentorsskap\/","og_site_name":"Merit Utbildning - V\u00e4lkommen till Merit utbildning AB","article_modified_time":"2016-09-27T14:10:11+00:00","twitter_card":"summary_large_image","twitter_misc":{"Timp estimat pentru citire":"1 minut"},"schema":{"@context":"https:\/\/schema.org","@graph":[{"@type":"WebPage","@id":"https:\/\/meritutbildning.com\/ro\/mentorsskap\/","url":"https:\/\/meritutbildning.com\/ro\/mentorsskap\/","name":"Beh\u00f6ver du en mentor som kan hj\u00e4lpa dig att hitta r\u00e4tt jobb? | Merit","isPartOf":{"@id":"https:\/\/meritutbildning.com\/#website"},"datePublished":"2016-08-05T11:03:54+00:00","dateModified":"2016-09-27T14:10:11+00:00","description":"Beh\u00f6ver du ett professionellt bollplank i Sverige? En mentor du kan diskutera med om hur ditt yrke ser ut och fungerar i Sverige?","breadcrumb":{"@id":"https:\/\/meritutbildning.com\/ro\/mentorsskap\/#breadcrumb"},"inLanguage":"ro-RO","potentialAction":[{"@type":"ReadAction","target":["https:\/\/meritutbildning.com\/ro\/mentorsskap\/"]}]},{"@type":"BreadcrumbList","@id":"https:\/\/meritutbildning.com\/ro\/mentorsskap\/#breadcrumb","itemListElement":[{"@type":"ListItem","position":1,"name":"Hem","item":"https:\/\/meritutbildning.com\/ro\/"},{"@type":"ListItem","position":2,"name":"Mentorskap"}]},{"@type":"WebSite","@id":"https:\/\/meritutbildning.com\/#website","url":"https:\/\/meritutbildning.com\/","name":"Merit Utbildning - V\u00e4lkommen till Merit utbildning AB","description":"Vi utbildar och coachar f\u00f6r att varje person ska hitta sin snabbaste och b\u00e4sta v\u00e4g mot r\u00e4tt arbete och delaktighet i samh\u00e4llet.","potentialAction":[{"@type":"SearchAction","target":{"@type":"EntryPoint","urlTemplate":"https:\/\/meritutbildning.com\/?s={search_term_string}"},"query-input":{"@type":"PropertyValueSpecification","valueRequired":true,"valueName":"search_term_string"}}],"inLanguage":"ro-RO"}]}},"_links":{"self":[{"href":"https:\/\/meritutbildning.com\/ro\/wp-json\/wp\/v2\/pages\/3317","targetHints":{"allow":["GET"]}}],"collection":[{"href":"https:\/\/meritutbildning.com\/ro\/wp-json\/wp\/v2\/pages"}],"about":[{"href":"https:\/\/meritutbildning.com\/ro\/wp-json\/wp\/v2\/types\/page"}],"author":[{"embeddable":true,"href":"https:\/\/meritutbildning.com\/ro\/wp-json\/wp\/v2\/users\/39"}],"replies":[{"embeddable":true,"href":"https:\/\/meritutbildning.com\/ro\/wp-json\/wp\/v2\/comments?post=3317"}],"version-history":[{"count":0,"href":"https:\/\/meritutbildning.com\/ro\/wp-json\/wp\/v2\/pages\/3317\/revisions"}],"wp:attachment":[{"href":"https:\/\/meritutbildning.com\/ro\/wp-json\/wp\/v2\/media?parent=3317"}],"curies":[{"name":"wp","href":"https:\/\/api.w.org\/{rel}","templated":true}]}}