{"id":2476,"date":"2016-07-11T18:30:23","date_gmt":"2016-07-11T16:30:23","guid":{"rendered":"http:\/\/merit.uppereight.com\/sq\/stod-och-matchning\/trelleborg\/"},"modified":"2016-09-29T08:58:00","modified_gmt":"2016-09-29T06:58:00","slug":"trelleborg","status":"publish","type":"page","link":"https:\/\/meritutbildning.com\/sq\/stod-och-matchning\/trelleborg\/","title":{"rendered":"Trelleborg"},"content":{"rendered":"<p>Merit ju ndihmon t\u00eb k\u00ebrkoni pun\u00eb apo trajnim. Trajnuesit n\u00eb Merit kan\u00eb nj\u00eb rrjet te gj\u00ebr\u00eb kontaktesh\u00a0me pun\u00ebdh\u00ebn\u00ebs n\u00eb restorante, hotele, sh\u00ebndet\u00ebsi, arsim, nd\u00ebrtimtari, transport, pastrim, IT,\u00a0logjistik\u00eb, etj, etj.<\/p>\n<p>N\u00ebse rruga p\u00ebr pun\u00ebsim \u00ebsht\u00eb p\u00ebrmes edukimit,ju mund t\u00eb merrni mb\u00ebshtetjen e nj\u00eb k\u00ebshilltari te\u00a0edukimit apo k\u00ebshilltari te pun\u00ebs.<\/p>\n<p>Ju keni t\u00eb drejt\u00eb ndihme dhe trajnimi tre muaj. S\u00eb bashku me trajnuesin tuaj n\u00eb Merit ju planifikoni\u00a0p\u00ebrmbajtjen q\u00eb ju duhet p\u00ebr t\u00eb gjetur pun\u00ebn apo shkoll\u00ebn e duhur. Kjo p\u00ebrfshin p\u00ebr shembull,\u00a0ndihm\u00eb n\u00eb shkrimin e cv, plot\u00ebsimin e k\u00ebrkesave p\u00ebr pun\u00ebsim, frym\u00ebzim dhe mb\u00ebshtetje efektive n\u00eb\u00a0k\u00ebrkim pune dhe mbi t\u00eb gjitha mund\u00ebsin\u00eb p\u00ebr t\u2019ju prezantuar para pun\u00ebdh\u00ebn\u00ebsit.<\/p>\n<p>&nbsp;<\/p>\n<h3>Pse t\u00eb zgjidhni mb\u00ebshtetje dhe trajnimin e Merit?<\/h3>\n<ul>\n<li>Mund\u00ebsi reale p\u00ebr t\u00eb gjetur pun\u00ebn apo shkollimin e duhur<\/li>\n<li>Nj\u00eb trajnues personal i cili \u00ebsht\u00eb me ty gjat\u00eb t\u00ebr\u00eb procesit<\/li>\n<li>Trajnues t\u00eb l\u00ebmis\u00eb s\u00eb duhur med rrjet kontaktesh q\u00eb p\u00ebrputhen me aft\u00ebsit\u00eb dhe interesat\u00a0tuaja<\/li>\n<li>Nj\u00eb q\u00ebndrim i drejt\u00eb dhe i sinqert\u00eb<\/li>\n<li>Nj\u00eb mjedis n\u00eb t\u00eb cilin do t\u00eb ndiheni t\u00eb k\u00ebnaqur<\/li>\n<li>Shum\u00eb trajnues me aft\u00ebsi t\u00eb shumta gjuh\u00ebsore<\/li>\n<\/ul>\n<p>&nbsp;<\/p>\n<h3>Si t\u00eb filloni?<\/h3>\n<p>Kontaktoni administratorin n\u00eb <a href=\"http:\/\/www.arbetsformedlingen.se\">Arbetsf\u00f6rmedlingen<\/a>\u00a0(Sh\u00ebrbimin e Pun\u00ebsimit) dhe tregoni atyre q\u00eb ju d\u00ebshironi t\u00eb filloni\u00a0programin e trajnimit n\u00eb Merit!<\/p>\n<p>Pasi t\u00eb pranojm\u00eb k\u00ebrkes\u00ebn tuaj, ju lutemi kontaktoni trajnuesin tuaj personalisht, p\u00ebr t\u00eb caktuar\u00a0takimin e par\u00eb.<\/p>\n<p>Gjithashtu mund t\u00eb na kontaktoni direkt.<\/p>\n<p>&nbsp;<\/p>\n<p><a href=\"https:\/\/www.facebook.com\/stodochmatchningpamerit\/\" target=\"_blank\"><img loading=\"lazy\" decoding=\"async\" class=\"alignnone size-full wp-image-727\" src=\"\/wp-content\/uploads\/2016\/07\/knapp_fb.jpg\" alt=\"knapp Facebook\" width=\"40\" height=\"40\" \/>\u00a0Na p\u00eblqeni n\u00eb Facebook!<\/a><\/p>\n<p>&nbsp;<\/p>\n","protected":false},"excerpt":{"rendered":"<p>Merit ju ndihmon t\u00eb k\u00ebrkoni pun\u00eb apo trajnim. Trajnuesit n\u00eb Merit kan\u00eb nj\u00eb rrjet te gj\u00ebr\u00eb kontaktesh\u00a0me pun\u00ebdh\u00ebn\u00ebs n\u00eb restorante, hotele, sh\u00ebndet\u00ebsi, arsim, nd\u00ebrtimtari, transport, pastrim, IT,\u00a0logjistik\u00eb, etj, etj. N\u00ebse rruga p\u00ebr pun\u00ebsim \u00ebsht\u00eb p\u00ebrmes edukimit,ju mund t\u00eb merrni mb\u00ebshtetjen e nj\u00eb k\u00ebshilltari te\u00a0edukimit apo k\u00ebshilltari te pun\u00ebs. Ju keni t\u00eb drejt\u00eb ndihme dhe trajnimi [&hellip;]<\/p>\n","protected":false},"author":39,"featured_media":0,"parent":2469,"menu_order":0,"comment_status":"closed","ping_status":"closed","template":"content-storsidebar-SOM.php","meta":{"_acf_changed":false,"footnotes":""},"class_list":["post-2476","page","type-page","status-publish","hentry"],"acf":[],"yoast_head":"<!-- This site is optimized with the Yoast SEO plugin v27.2 - https:\/\/yoast.com\/product\/yoast-seo-wordpress\/ -->\n<title>Trelleborg - Merit Utbildning - V\u00e4lkommen till Merit utbildning AB<\/title>\n<meta name=\"robots\" content=\"index, follow, max-snippet:-1, max-image-preview:large, max-video-preview:-1\" \/>\n<link rel=\"canonical\" href=\"https:\/\/meritutbildning.com\/sq\/stod-och-matchning\/trelleborg\/\" \/>\n<meta property=\"og:locale\" content=\"sq_AL\" \/>\n<meta property=\"og:type\" content=\"article\" \/>\n<meta property=\"og:title\" content=\"Trelleborg - Merit Utbildning - V\u00e4lkommen till Merit utbildning AB\" \/>\n<meta property=\"og:description\" content=\"Merit ju ndihmon t\u00eb k\u00ebrkoni pun\u00eb apo trajnim. Trajnuesit n\u00eb Merit kan\u00eb nj\u00eb rrjet te gj\u00ebr\u00eb kontaktesh\u00a0me pun\u00ebdh\u00ebn\u00ebs n\u00eb restorante, hotele, sh\u00ebndet\u00ebsi, arsim, nd\u00ebrtimtari, transport, pastrim, IT,\u00a0logjistik\u00eb, etj, etj. N\u00ebse rruga p\u00ebr pun\u00ebsim \u00ebsht\u00eb p\u00ebrmes edukimit,ju mund t\u00eb merrni mb\u00ebshtetjen e nj\u00eb k\u00ebshilltari te\u00a0edukimit apo k\u00ebshilltari te pun\u00ebs. Ju keni t\u00eb drejt\u00eb ndihme dhe trajnimi [&hellip;]\" \/>\n<meta property=\"og:url\" content=\"https:\/\/meritutbildning.com\/sq\/stod-och-matchning\/trelleborg\/\" \/>\n<meta property=\"og:site_name\" content=\"Merit Utbildning - V\u00e4lkommen till Merit utbildning AB\" \/>\n<meta property=\"article:modified_time\" content=\"2016-09-29T06:58:00+00:00\" \/>\n<meta name=\"twitter:card\" content=\"summary_large_image\" \/>\n<meta name=\"twitter:label1\" content=\"Est. reading time\" \/>\n\t<meta name=\"twitter:data1\" content=\"1 minut\u00eb\" \/>\n<script type=\"application\/ld+json\" class=\"yoast-schema-graph\">{\"@context\":\"https:\/\/schema.org\",\"@graph\":[{\"@type\":\"WebPage\",\"@id\":\"https:\/\/meritutbildning.com\/sq\/stod-och-matchning\/trelleborg\/\",\"url\":\"https:\/\/meritutbildning.com\/sq\/stod-och-matchning\/trelleborg\/\",\"name\":\"Trelleborg - Merit Utbildning - V\u00e4lkommen till Merit utbildning AB\",\"isPartOf\":{\"@id\":\"https:\/\/meritutbildning.com\/#website\"},\"datePublished\":\"2016-07-11T16:30:23+00:00\",\"dateModified\":\"2016-09-29T06:58:00+00:00\",\"breadcrumb\":{\"@id\":\"https:\/\/meritutbildning.com\/sq\/stod-och-matchning\/trelleborg\/#breadcrumb\"},\"inLanguage\":\"sq\",\"potentialAction\":[{\"@type\":\"ReadAction\",\"target\":[\"https:\/\/meritutbildning.com\/sq\/stod-och-matchning\/trelleborg\/\"]}]},{\"@type\":\"BreadcrumbList\",\"@id\":\"https:\/\/meritutbildning.com\/sq\/stod-och-matchning\/trelleborg\/#breadcrumb\",\"itemListElement\":[{\"@type\":\"ListItem\",\"position\":1,\"name\":\"Hem\",\"item\":\"https:\/\/meritutbildning.com\/sq\/\"},{\"@type\":\"ListItem\",\"position\":2,\"name\":\"St\u00f6d och matchning\",\"item\":\"https:\/\/meritutbildning.com\/sq\/stod-och-matchning\/\"},{\"@type\":\"ListItem\",\"position\":3,\"name\":\"Trelleborg\"}]},{\"@type\":\"WebSite\",\"@id\":\"https:\/\/meritutbildning.com\/#website\",\"url\":\"https:\/\/meritutbildning.com\/\",\"name\":\"Merit Utbildning - V\u00e4lkommen till Merit utbildning AB\",\"description\":\"Vi utbildar och coachar f\u00f6r att varje person ska hitta sin snabbaste och b\u00e4sta v\u00e4g mot r\u00e4tt arbete och delaktighet i samh\u00e4llet.\",\"potentialAction\":[{\"@type\":\"SearchAction\",\"target\":{\"@type\":\"EntryPoint\",\"urlTemplate\":\"https:\/\/meritutbildning.com\/?s={search_term_string}\"},\"query-input\":{\"@type\":\"PropertyValueSpecification\",\"valueRequired\":true,\"valueName\":\"search_term_string\"}}],\"inLanguage\":\"sq\"}]}<\/script>\n<!-- \/ Yoast SEO plugin. -->","yoast_head_json":{"title":"Trelleborg - Merit Utbildning - V\u00e4lkommen till Merit utbildning AB","robots":{"index":"index","follow":"follow","max-snippet":"max-snippet:-1","max-image-preview":"max-image-preview:large","max-video-preview":"max-video-preview:-1"},"canonical":"https:\/\/meritutbildning.com\/sq\/stod-och-matchning\/trelleborg\/","og_locale":"sq_AL","og_type":"article","og_title":"Trelleborg - Merit Utbildning - V\u00e4lkommen till Merit utbildning AB","og_description":"Merit ju ndihmon t\u00eb k\u00ebrkoni pun\u00eb apo trajnim. Trajnuesit n\u00eb Merit kan\u00eb nj\u00eb rrjet te gj\u00ebr\u00eb kontaktesh\u00a0me pun\u00ebdh\u00ebn\u00ebs n\u00eb restorante, hotele, sh\u00ebndet\u00ebsi, arsim, nd\u00ebrtimtari, transport, pastrim, IT,\u00a0logjistik\u00eb, etj, etj. N\u00ebse rruga p\u00ebr pun\u00ebsim \u00ebsht\u00eb p\u00ebrmes edukimit,ju mund t\u00eb merrni mb\u00ebshtetjen e nj\u00eb k\u00ebshilltari te\u00a0edukimit apo k\u00ebshilltari te pun\u00ebs. Ju keni t\u00eb drejt\u00eb ndihme dhe trajnimi [&hellip;]","og_url":"https:\/\/meritutbildning.com\/sq\/stod-och-matchning\/trelleborg\/","og_site_name":"Merit Utbildning - V\u00e4lkommen till Merit utbildning AB","article_modified_time":"2016-09-29T06:58:00+00:00","twitter_card":"summary_large_image","twitter_misc":{"Est. reading time":"1 minut\u00eb"},"schema":{"@context":"https:\/\/schema.org","@graph":[{"@type":"WebPage","@id":"https:\/\/meritutbildning.com\/sq\/stod-och-matchning\/trelleborg\/","url":"https:\/\/meritutbildning.com\/sq\/stod-och-matchning\/trelleborg\/","name":"Trelleborg - Merit Utbildning - V\u00e4lkommen till Merit utbildning AB","isPartOf":{"@id":"https:\/\/meritutbildning.com\/#website"},"datePublished":"2016-07-11T16:30:23+00:00","dateModified":"2016-09-29T06:58:00+00:00","breadcrumb":{"@id":"https:\/\/meritutbildning.com\/sq\/stod-och-matchning\/trelleborg\/#breadcrumb"},"inLanguage":"sq","potentialAction":[{"@type":"ReadAction","target":["https:\/\/meritutbildning.com\/sq\/stod-och-matchning\/trelleborg\/"]}]},{"@type":"BreadcrumbList","@id":"https:\/\/meritutbildning.com\/sq\/stod-och-matchning\/trelleborg\/#breadcrumb","itemListElement":[{"@type":"ListItem","position":1,"name":"Hem","item":"https:\/\/meritutbildning.com\/sq\/"},{"@type":"ListItem","position":2,"name":"St\u00f6d och matchning","item":"https:\/\/meritutbildning.com\/sq\/stod-och-matchning\/"},{"@type":"ListItem","position":3,"name":"Trelleborg"}]},{"@type":"WebSite","@id":"https:\/\/meritutbildning.com\/#website","url":"https:\/\/meritutbildning.com\/","name":"Merit Utbildning - V\u00e4lkommen till Merit utbildning AB","description":"Vi utbildar och coachar f\u00f6r att varje person ska hitta sin snabbaste och b\u00e4sta v\u00e4g mot r\u00e4tt arbete och delaktighet i samh\u00e4llet.","potentialAction":[{"@type":"SearchAction","target":{"@type":"EntryPoint","urlTemplate":"https:\/\/meritutbildning.com\/?s={search_term_string}"},"query-input":{"@type":"PropertyValueSpecification","valueRequired":true,"valueName":"search_term_string"}}],"inLanguage":"sq"}]}},"_links":{"self":[{"href":"https:\/\/meritutbildning.com\/sq\/wp-json\/wp\/v2\/pages\/2476","targetHints":{"allow":["GET"]}}],"collection":[{"href":"https:\/\/meritutbildning.com\/sq\/wp-json\/wp\/v2\/pages"}],"about":[{"href":"https:\/\/meritutbildning.com\/sq\/wp-json\/wp\/v2\/types\/page"}],"author":[{"embeddable":true,"href":"https:\/\/meritutbildning.com\/sq\/wp-json\/wp\/v2\/users\/39"}],"replies":[{"embeddable":true,"href":"https:\/\/meritutbildning.com\/sq\/wp-json\/wp\/v2\/comments?post=2476"}],"version-history":[{"count":0,"href":"https:\/\/meritutbildning.com\/sq\/wp-json\/wp\/v2\/pages\/2476\/revisions"}],"up":[{"embeddable":true,"href":"https:\/\/meritutbildning.com\/sq\/wp-json\/wp\/v2\/pages\/2469"}],"wp:attachment":[{"href":"https:\/\/meritutbildning.com\/sq\/wp-json\/wp\/v2\/media?parent=2476"}],"curies":[{"name":"wp","href":"https:\/\/api.w.org\/{rel}","templated":true}]}}