{"id":3303,"date":"2016-08-05T13:03:54","date_gmt":"2016-08-05T11:03:54","guid":{"rendered":"https:\/\/meritutbildning.com\/sq\/mentorsskap\/"},"modified":"2016-09-29T10:29:42","modified_gmt":"2016-09-29T08:29:42","slug":"mentorsskap","status":"publish","type":"page","link":"https:\/\/meritutbildning.com\/sq\/mentorsskap\/","title":{"rendered":"Mentorskap"},"content":{"rendered":"<p>Ju duhet ndihm\u00eb profesionale n\u00eb Suedi? Dikush me t\u00eb cilin mund t\u00eb diskutoni si profesioni juaj duket dhe funksionon n\u00eb Suedi, kultura e pun\u00ebs , kushtet e aft\u00ebsive, mund\u00ebsit\u00eb p\u00ebr tu pun\u00ebsuar etj, etj?<br \/>\nP\u00ebrmes programit Mentor keni qasje n\u00eb nj\u00eb rrjet te gjer\u00eb kontaktesh n\u00eb tregun e pun\u00ebs. Ju dhe Mentori takoheni nj\u00eb her\u00eb n\u00eb muaj gjat\u00eb 5 muajve.<\/p>\n<p>Shfryt\u00ebzo rastin dhe lajm\u00ebrohu sot!<\/p>\n<p>&nbsp;<\/p>\n<h3 id=\"yrkespraktik\">Praktik\u00eb profesionale<\/h3>\n<p>Tani keni rastin t\u00eb tregoni aftesit\u00eb tuaja n\u00eb nj\u00eb vend pune dhe ta lejoni pun\u00ebdh\u00ebnsin tju njoh p\u00ebr nj\u00eb koh\u00eb m\u00eb t\u00eb gjat\u00eb, deri n\u00eb gjasht\u00eb muaj.<br \/>\nDo t\u00eb mundeni t\u00eb provoni detyra t\u00eb ndryshme dhe do t\u00eb keni monitorim me nj\u00eb trajnues n\u00eb vendin e pun\u00ebs.<br \/>\nShum\u00eb pun\u00ebdh\u00ebn\u00ebs jan\u00eb t\u00eb interesuar t\u00eb pun\u00ebsojn\u00eb pasi t\u00eb takojn\u00eb dhe t\u00eb njohin personin prapa cv.<\/p>\n<p>Shfryt\u00ebzo rastin dhe lajm\u00ebrohu sot !<\/p>\n<p>&nbsp;<\/p>\n<h3 id=\"provapa\"><strong>Provo n\u00eb vendin e pun\u00ebs<\/strong><\/h3>\n<p>D\u00ebshiron t\u00eb testosh nj\u00eb vend pune p\u00ebr ta provuar n\u00ebse t\u00eb p\u00ebrshtatet ?\u00a0N\u00eb Merit mund t\u00eb merrni ndihm\u00eb ta gjeni nj\u00eb vend pune qe ju intereson. P\u00ebr nj\u00eb koh\u00eb t\u00eb shkurt\u00ebr, der ni n\u00eb dy jav\u00eb,keni mund\u00ebsi t\u00eb merrni pjes\u00eb dhe t\u00eb provoni pun\u00ebn dhe t\u00eb njihni vendin e pun\u00ebs.\u00a0\u00cbsht\u00eb m\u00eb leht\u00eb t\u00eb planifikoni t\u00eb ardhme pasi ta provoni.<\/p>\n<p>Shfryt\u00ebzo rastin dhe lajm\u00ebrohu sot !<\/p>\n<p>&nbsp;<\/p>\n","protected":false},"excerpt":{"rendered":"<p>Ju duhet ndihm\u00eb profesionale n\u00eb Suedi? Dikush me t\u00eb cilin mund t\u00eb diskutoni si profesioni juaj duket dhe funksionon n\u00eb Suedi, kultura e pun\u00ebs , kushtet e aft\u00ebsive, mund\u00ebsit\u00eb p\u00ebr tu pun\u00ebsuar etj, etj? P\u00ebrmes programit Mentor keni qasje n\u00eb nj\u00eb rrjet te gjer\u00eb kontaktesh n\u00eb tregun e pun\u00ebs. Ju dhe Mentori takoheni nj\u00eb her\u00eb [&hellip;]<\/p>\n","protected":false},"author":39,"featured_media":0,"parent":0,"menu_order":0,"comment_status":"closed","ping_status":"closed","template":"content-litensidebar-NIS.php","meta":{"_acf_changed":false,"footnotes":""},"class_list":["post-3303","page","type-page","status-publish","hentry"],"acf":[],"yoast_head":"<!-- This site is optimized with the Yoast SEO plugin v27.2 - https:\/\/yoast.com\/product\/yoast-seo-wordpress\/ -->\n<title>Beh\u00f6ver du en mentor som kan hj\u00e4lpa dig att hitta r\u00e4tt jobb? | Merit<\/title>\n<meta name=\"description\" content=\"Beh\u00f6ver du ett professionellt bollplank i Sverige? En mentor du kan diskutera med om hur ditt yrke ser ut och fungerar i Sverige?\" \/>\n<meta name=\"robots\" content=\"index, follow, max-snippet:-1, max-image-preview:large, max-video-preview:-1\" \/>\n<link rel=\"canonical\" href=\"https:\/\/meritutbildning.com\/sq\/mentorsskap\/\" \/>\n<meta property=\"og:locale\" content=\"sq_AL\" \/>\n<meta property=\"og:type\" content=\"article\" \/>\n<meta property=\"og:title\" content=\"Beh\u00f6ver du en mentor som kan hj\u00e4lpa dig att hitta r\u00e4tt jobb? | Merit\" \/>\n<meta property=\"og:description\" content=\"Beh\u00f6ver du ett professionellt bollplank i Sverige? En mentor du kan diskutera med om hur ditt yrke ser ut och fungerar i Sverige?\" \/>\n<meta property=\"og:url\" content=\"https:\/\/meritutbildning.com\/sq\/mentorsskap\/\" \/>\n<meta property=\"og:site_name\" content=\"Merit Utbildning - V\u00e4lkommen till Merit utbildning AB\" \/>\n<meta property=\"article:modified_time\" content=\"2016-09-29T08:29:42+00:00\" \/>\n<meta name=\"twitter:card\" content=\"summary_large_image\" \/>\n<meta name=\"twitter:label1\" content=\"Est. reading time\" \/>\n\t<meta name=\"twitter:data1\" content=\"1 minut\u00eb\" \/>\n<script type=\"application\/ld+json\" class=\"yoast-schema-graph\">{\"@context\":\"https:\/\/schema.org\",\"@graph\":[{\"@type\":\"WebPage\",\"@id\":\"https:\/\/meritutbildning.com\/sq\/mentorsskap\/\",\"url\":\"https:\/\/meritutbildning.com\/sq\/mentorsskap\/\",\"name\":\"Beh\u00f6ver du en mentor som kan hj\u00e4lpa dig att hitta r\u00e4tt jobb? | Merit\",\"isPartOf\":{\"@id\":\"https:\/\/meritutbildning.com\/#website\"},\"datePublished\":\"2016-08-05T11:03:54+00:00\",\"dateModified\":\"2016-09-29T08:29:42+00:00\",\"description\":\"Beh\u00f6ver du ett professionellt bollplank i Sverige? En mentor du kan diskutera med om hur ditt yrke ser ut och fungerar i Sverige?\",\"breadcrumb\":{\"@id\":\"https:\/\/meritutbildning.com\/sq\/mentorsskap\/#breadcrumb\"},\"inLanguage\":\"sq\",\"potentialAction\":[{\"@type\":\"ReadAction\",\"target\":[\"https:\/\/meritutbildning.com\/sq\/mentorsskap\/\"]}]},{\"@type\":\"BreadcrumbList\",\"@id\":\"https:\/\/meritutbildning.com\/sq\/mentorsskap\/#breadcrumb\",\"itemListElement\":[{\"@type\":\"ListItem\",\"position\":1,\"name\":\"Hem\",\"item\":\"https:\/\/meritutbildning.com\/sq\/\"},{\"@type\":\"ListItem\",\"position\":2,\"name\":\"Mentorskap\"}]},{\"@type\":\"WebSite\",\"@id\":\"https:\/\/meritutbildning.com\/#website\",\"url\":\"https:\/\/meritutbildning.com\/\",\"name\":\"Merit Utbildning - V\u00e4lkommen till Merit utbildning AB\",\"description\":\"Vi utbildar och coachar f\u00f6r att varje person ska hitta sin snabbaste och b\u00e4sta v\u00e4g mot r\u00e4tt arbete och delaktighet i samh\u00e4llet.\",\"potentialAction\":[{\"@type\":\"SearchAction\",\"target\":{\"@type\":\"EntryPoint\",\"urlTemplate\":\"https:\/\/meritutbildning.com\/?s={search_term_string}\"},\"query-input\":{\"@type\":\"PropertyValueSpecification\",\"valueRequired\":true,\"valueName\":\"search_term_string\"}}],\"inLanguage\":\"sq\"}]}<\/script>\n<!-- \/ Yoast SEO plugin. -->","yoast_head_json":{"title":"Beh\u00f6ver du en mentor som kan hj\u00e4lpa dig att hitta r\u00e4tt jobb? | Merit","description":"Beh\u00f6ver du ett professionellt bollplank i Sverige? En mentor du kan diskutera med om hur ditt yrke ser ut och fungerar i Sverige?","robots":{"index":"index","follow":"follow","max-snippet":"max-snippet:-1","max-image-preview":"max-image-preview:large","max-video-preview":"max-video-preview:-1"},"canonical":"https:\/\/meritutbildning.com\/sq\/mentorsskap\/","og_locale":"sq_AL","og_type":"article","og_title":"Beh\u00f6ver du en mentor som kan hj\u00e4lpa dig att hitta r\u00e4tt jobb? | Merit","og_description":"Beh\u00f6ver du ett professionellt bollplank i Sverige? En mentor du kan diskutera med om hur ditt yrke ser ut och fungerar i Sverige?","og_url":"https:\/\/meritutbildning.com\/sq\/mentorsskap\/","og_site_name":"Merit Utbildning - V\u00e4lkommen till Merit utbildning AB","article_modified_time":"2016-09-29T08:29:42+00:00","twitter_card":"summary_large_image","twitter_misc":{"Est. reading time":"1 minut\u00eb"},"schema":{"@context":"https:\/\/schema.org","@graph":[{"@type":"WebPage","@id":"https:\/\/meritutbildning.com\/sq\/mentorsskap\/","url":"https:\/\/meritutbildning.com\/sq\/mentorsskap\/","name":"Beh\u00f6ver du en mentor som kan hj\u00e4lpa dig att hitta r\u00e4tt jobb? | Merit","isPartOf":{"@id":"https:\/\/meritutbildning.com\/#website"},"datePublished":"2016-08-05T11:03:54+00:00","dateModified":"2016-09-29T08:29:42+00:00","description":"Beh\u00f6ver du ett professionellt bollplank i Sverige? En mentor du kan diskutera med om hur ditt yrke ser ut och fungerar i Sverige?","breadcrumb":{"@id":"https:\/\/meritutbildning.com\/sq\/mentorsskap\/#breadcrumb"},"inLanguage":"sq","potentialAction":[{"@type":"ReadAction","target":["https:\/\/meritutbildning.com\/sq\/mentorsskap\/"]}]},{"@type":"BreadcrumbList","@id":"https:\/\/meritutbildning.com\/sq\/mentorsskap\/#breadcrumb","itemListElement":[{"@type":"ListItem","position":1,"name":"Hem","item":"https:\/\/meritutbildning.com\/sq\/"},{"@type":"ListItem","position":2,"name":"Mentorskap"}]},{"@type":"WebSite","@id":"https:\/\/meritutbildning.com\/#website","url":"https:\/\/meritutbildning.com\/","name":"Merit Utbildning - V\u00e4lkommen till Merit utbildning AB","description":"Vi utbildar och coachar f\u00f6r att varje person ska hitta sin snabbaste och b\u00e4sta v\u00e4g mot r\u00e4tt arbete och delaktighet i samh\u00e4llet.","potentialAction":[{"@type":"SearchAction","target":{"@type":"EntryPoint","urlTemplate":"https:\/\/meritutbildning.com\/?s={search_term_string}"},"query-input":{"@type":"PropertyValueSpecification","valueRequired":true,"valueName":"search_term_string"}}],"inLanguage":"sq"}]}},"_links":{"self":[{"href":"https:\/\/meritutbildning.com\/sq\/wp-json\/wp\/v2\/pages\/3303","targetHints":{"allow":["GET"]}}],"collection":[{"href":"https:\/\/meritutbildning.com\/sq\/wp-json\/wp\/v2\/pages"}],"about":[{"href":"https:\/\/meritutbildning.com\/sq\/wp-json\/wp\/v2\/types\/page"}],"author":[{"embeddable":true,"href":"https:\/\/meritutbildning.com\/sq\/wp-json\/wp\/v2\/users\/39"}],"replies":[{"embeddable":true,"href":"https:\/\/meritutbildning.com\/sq\/wp-json\/wp\/v2\/comments?post=3303"}],"version-history":[{"count":0,"href":"https:\/\/meritutbildning.com\/sq\/wp-json\/wp\/v2\/pages\/3303\/revisions"}],"wp:attachment":[{"href":"https:\/\/meritutbildning.com\/sq\/wp-json\/wp\/v2\/media?parent=3303"}],"curies":[{"name":"wp","href":"https:\/\/api.w.org\/{rel}","templated":true}]}}