{"id":2549,"date":"2016-07-11T18:30:23","date_gmt":"2016-07-11T16:30:23","guid":{"rendered":"http:\/\/merit.uppereight.com\/sr\/stod-och-matchning\/trelleborg\/"},"modified":"2016-09-29T12:41:38","modified_gmt":"2016-09-29T10:41:38","slug":"trelleborg","status":"publish","type":"page","link":"https:\/\/meritutbildning.com\/sr\/stod-och-matchning\/trelleborg\/","title":{"rendered":"Trelleborg"},"content":{"rendered":"<p>Merit ti pomaze u trazenju posla ili obrazovanja\/skolovanja. Treneri za razlicite branse\u00a0imaju mrezu kontakata sa poslodavcima u poslovima: hotel, restoran, njega, skola,\u00a0gradjevina, transport, ciscenje, IT, logistika itd.itd. Ako put do posla vodi kroz skolovanje\u00a0ti mozes dobiti potporu od studie- i yreksv\u00e4ggledare (mentor).<\/p>\n<p>Imas pravo na potporu tri mjeseca odjednom i ti ces zajedno sa tvojim mentorom\u00a0\/trenerom na Merit planiras sadrzaj koji bas tebi treba kako bi nasao odgovarajuci posao\u00a0ili skolu. To moze naprimjer biti da se pise cv i dokumenti koji trebaju za prijavljivanje\u00a0za posao, da se inspirise i dobije efektivna potpora u trazenju posla i prije svega da se\u00a0dobije sansa da se pokazes kod poslodavaca.<\/p>\n<p>&nbsp;<\/p>\n<h3>Zasto izabrati st\u00f6d och matchning na Merit?<\/h3>\n<ul>\n<li>Prave mogucnosti da se nadje odgovarajuci posao ili obrazovanje.<\/li>\n<li>Licni trener koji je s tobom kroz cijeli proces.<\/li>\n<li>Treneri iz razlicitih poslovnih oblasti (bransi) koji imaju poslovne kontakte i koji\u00a0uporedjuju tvoje sposobnosti i interesovanja za odredjene poslove.<\/li>\n<li>Ozbiljan i iskren prijem i stav.<\/li>\n<li>Okruzenje u kojem ces se osecati prijatno.<\/li>\n<li>Mnogo visejezicnih trenera<\/li>\n<\/ul>\n<p>&nbsp;<\/p>\n<h3>Kako poceti?<\/h3>\n<p>Kontaktiraj svog handl\u00e4ggare-mentora na <a href=\"http:\/\/www.arbetsformedlingen.se\">Arbetsf\u00f6rmedlingen<\/a> (Birou za zaposljavanje) \u2013\u00a0i reci mu da zelis St\u00f6d och matchning (potpora za ponalazenje posla) na Merit!<\/p>\n<p>Kad mi dobijemo tvoju prijavu tvoj trener ce te licno kontaktirati.<\/p>\n<p>Mozes nas kontaktirati i direktno.<\/p>\n<p>\u201dLajkuj\u201d nas na Facebook-u:<\/p>\n<p><a href=\"https:\/\/www.facebook.com\/stodochmatchningpamerit\/\" target=\"_blank\"><img loading=\"lazy\" decoding=\"async\" class=\"alignnone size-full wp-image-727\" src=\"\/wp-content\/uploads\/2016\/07\/knapp_fb.jpg\" alt=\"knapp Facebook\" width=\"40\" height=\"40\" \/><\/a><\/p>\n<p>&nbsp;<\/p>\n","protected":false},"excerpt":{"rendered":"<p>Merit ti pomaze u trazenju posla ili obrazovanja\/skolovanja. Treneri za razlicite branse\u00a0imaju mrezu kontakata sa poslodavcima u poslovima: hotel, restoran, njega, skola,\u00a0gradjevina, transport, ciscenje, IT, logistika itd.itd. Ako put do posla vodi kroz skolovanje\u00a0ti mozes dobiti potporu od studie- i yreksv\u00e4ggledare (mentor). Imas pravo na potporu tri mjeseca odjednom i ti ces zajedno sa tvojim [&hellip;]<\/p>\n","protected":false},"author":39,"featured_media":0,"parent":2524,"menu_order":0,"comment_status":"closed","ping_status":"closed","template":"content-storsidebar-SOM.php","meta":{"_acf_changed":false,"footnotes":""},"class_list":["post-2549","page","type-page","status-publish","hentry"],"acf":[],"yoast_head":"<!-- This site is optimized with the Yoast SEO plugin v27.2 - https:\/\/yoast.com\/product\/yoast-seo-wordpress\/ -->\n<title>Trelleborg - Merit Utbildning - V\u00e4lkommen till Merit utbildning AB<\/title>\n<meta name=\"robots\" content=\"index, follow, max-snippet:-1, max-image-preview:large, max-video-preview:-1\" \/>\n<link rel=\"canonical\" href=\"https:\/\/meritutbildning.com\/sr\/stod-och-matchning\/trelleborg\/\" \/>\n<meta property=\"og:locale\" content=\"sr_RS\" \/>\n<meta property=\"og:type\" content=\"article\" \/>\n<meta property=\"og:title\" content=\"Trelleborg - Merit Utbildning - V\u00e4lkommen till Merit utbildning AB\" \/>\n<meta property=\"og:description\" content=\"Merit ti pomaze u trazenju posla ili obrazovanja\/skolovanja. Treneri za razlicite branse\u00a0imaju mrezu kontakata sa poslodavcima u poslovima: hotel, restoran, njega, skola,\u00a0gradjevina, transport, ciscenje, IT, logistika itd.itd. Ako put do posla vodi kroz skolovanje\u00a0ti mozes dobiti potporu od studie- i yreksv\u00e4ggledare (mentor). Imas pravo na potporu tri mjeseca odjednom i ti ces zajedno sa tvojim [&hellip;]\" \/>\n<meta property=\"og:url\" content=\"https:\/\/meritutbildning.com\/sr\/stod-och-matchning\/trelleborg\/\" \/>\n<meta property=\"og:site_name\" content=\"Merit Utbildning - V\u00e4lkommen till Merit utbildning AB\" \/>\n<meta property=\"article:modified_time\" content=\"2016-09-29T10:41:38+00:00\" \/>\n<meta name=\"twitter:card\" content=\"summary_large_image\" \/>\n<meta name=\"twitter:label1\" content=\"\u041f\u0440\u043e\u0446\u0435\u045a\u0435\u043d\u043e \u0432\u0440\u0435\u043c\u0435 \u0447\u0438\u0442\u0430\u045a\u0430\" \/>\n\t<meta name=\"twitter:data1\" content=\"1 \u043c\u0438\u043d\u0443\u0442\" \/>\n<script type=\"application\/ld+json\" class=\"yoast-schema-graph\">{\"@context\":\"https:\/\/schema.org\",\"@graph\":[{\"@type\":\"WebPage\",\"@id\":\"https:\/\/meritutbildning.com\/sr\/stod-och-matchning\/trelleborg\/\",\"url\":\"https:\/\/meritutbildning.com\/sr\/stod-och-matchning\/trelleborg\/\",\"name\":\"Trelleborg - Merit Utbildning - V\u00e4lkommen till Merit utbildning AB\",\"isPartOf\":{\"@id\":\"https:\/\/meritutbildning.com\/#website\"},\"datePublished\":\"2016-07-11T16:30:23+00:00\",\"dateModified\":\"2016-09-29T10:41:38+00:00\",\"breadcrumb\":{\"@id\":\"https:\/\/meritutbildning.com\/sr\/stod-och-matchning\/trelleborg\/#breadcrumb\"},\"inLanguage\":\"sr-RS\",\"potentialAction\":[{\"@type\":\"ReadAction\",\"target\":[\"https:\/\/meritutbildning.com\/sr\/stod-och-matchning\/trelleborg\/\"]}]},{\"@type\":\"BreadcrumbList\",\"@id\":\"https:\/\/meritutbildning.com\/sr\/stod-och-matchning\/trelleborg\/#breadcrumb\",\"itemListElement\":[{\"@type\":\"ListItem\",\"position\":1,\"name\":\"Hem\",\"item\":\"https:\/\/meritutbildning.com\/sr\/\"},{\"@type\":\"ListItem\",\"position\":2,\"name\":\"St\u00f6d och matchning\",\"item\":\"https:\/\/meritutbildning.com\/sr\/stod-och-matchning\/\"},{\"@type\":\"ListItem\",\"position\":3,\"name\":\"Trelleborg\"}]},{\"@type\":\"WebSite\",\"@id\":\"https:\/\/meritutbildning.com\/#website\",\"url\":\"https:\/\/meritutbildning.com\/\",\"name\":\"Merit Utbildning - V\u00e4lkommen till Merit utbildning AB\",\"description\":\"Vi utbildar och coachar f\u00f6r att varje person ska hitta sin snabbaste och b\u00e4sta v\u00e4g mot r\u00e4tt arbete och delaktighet i samh\u00e4llet.\",\"potentialAction\":[{\"@type\":\"SearchAction\",\"target\":{\"@type\":\"EntryPoint\",\"urlTemplate\":\"https:\/\/meritutbildning.com\/?s={search_term_string}\"},\"query-input\":{\"@type\":\"PropertyValueSpecification\",\"valueRequired\":true,\"valueName\":\"search_term_string\"}}],\"inLanguage\":\"sr-RS\"}]}<\/script>\n<!-- \/ Yoast SEO plugin. -->","yoast_head_json":{"title":"Trelleborg - Merit Utbildning - V\u00e4lkommen till Merit utbildning AB","robots":{"index":"index","follow":"follow","max-snippet":"max-snippet:-1","max-image-preview":"max-image-preview:large","max-video-preview":"max-video-preview:-1"},"canonical":"https:\/\/meritutbildning.com\/sr\/stod-och-matchning\/trelleborg\/","og_locale":"sr_RS","og_type":"article","og_title":"Trelleborg - Merit Utbildning - V\u00e4lkommen till Merit utbildning AB","og_description":"Merit ti pomaze u trazenju posla ili obrazovanja\/skolovanja. Treneri za razlicite branse\u00a0imaju mrezu kontakata sa poslodavcima u poslovima: hotel, restoran, njega, skola,\u00a0gradjevina, transport, ciscenje, IT, logistika itd.itd. Ako put do posla vodi kroz skolovanje\u00a0ti mozes dobiti potporu od studie- i yreksv\u00e4ggledare (mentor). Imas pravo na potporu tri mjeseca odjednom i ti ces zajedno sa tvojim [&hellip;]","og_url":"https:\/\/meritutbildning.com\/sr\/stod-och-matchning\/trelleborg\/","og_site_name":"Merit Utbildning - V\u00e4lkommen till Merit utbildning AB","article_modified_time":"2016-09-29T10:41:38+00:00","twitter_card":"summary_large_image","twitter_misc":{"\u041f\u0440\u043e\u0446\u0435\u045a\u0435\u043d\u043e \u0432\u0440\u0435\u043c\u0435 \u0447\u0438\u0442\u0430\u045a\u0430":"1 \u043c\u0438\u043d\u0443\u0442"},"schema":{"@context":"https:\/\/schema.org","@graph":[{"@type":"WebPage","@id":"https:\/\/meritutbildning.com\/sr\/stod-och-matchning\/trelleborg\/","url":"https:\/\/meritutbildning.com\/sr\/stod-och-matchning\/trelleborg\/","name":"Trelleborg - Merit Utbildning - V\u00e4lkommen till Merit utbildning AB","isPartOf":{"@id":"https:\/\/meritutbildning.com\/#website"},"datePublished":"2016-07-11T16:30:23+00:00","dateModified":"2016-09-29T10:41:38+00:00","breadcrumb":{"@id":"https:\/\/meritutbildning.com\/sr\/stod-och-matchning\/trelleborg\/#breadcrumb"},"inLanguage":"sr-RS","potentialAction":[{"@type":"ReadAction","target":["https:\/\/meritutbildning.com\/sr\/stod-och-matchning\/trelleborg\/"]}]},{"@type":"BreadcrumbList","@id":"https:\/\/meritutbildning.com\/sr\/stod-och-matchning\/trelleborg\/#breadcrumb","itemListElement":[{"@type":"ListItem","position":1,"name":"Hem","item":"https:\/\/meritutbildning.com\/sr\/"},{"@type":"ListItem","position":2,"name":"St\u00f6d och matchning","item":"https:\/\/meritutbildning.com\/sr\/stod-och-matchning\/"},{"@type":"ListItem","position":3,"name":"Trelleborg"}]},{"@type":"WebSite","@id":"https:\/\/meritutbildning.com\/#website","url":"https:\/\/meritutbildning.com\/","name":"Merit Utbildning - V\u00e4lkommen till Merit utbildning AB","description":"Vi utbildar och coachar f\u00f6r att varje person ska hitta sin snabbaste och b\u00e4sta v\u00e4g mot r\u00e4tt arbete och delaktighet i samh\u00e4llet.","potentialAction":[{"@type":"SearchAction","target":{"@type":"EntryPoint","urlTemplate":"https:\/\/meritutbildning.com\/?s={search_term_string}"},"query-input":{"@type":"PropertyValueSpecification","valueRequired":true,"valueName":"search_term_string"}}],"inLanguage":"sr-RS"}]}},"_links":{"self":[{"href":"https:\/\/meritutbildning.com\/sr\/wp-json\/wp\/v2\/pages\/2549","targetHints":{"allow":["GET"]}}],"collection":[{"href":"https:\/\/meritutbildning.com\/sr\/wp-json\/wp\/v2\/pages"}],"about":[{"href":"https:\/\/meritutbildning.com\/sr\/wp-json\/wp\/v2\/types\/page"}],"author":[{"embeddable":true,"href":"https:\/\/meritutbildning.com\/sr\/wp-json\/wp\/v2\/users\/39"}],"replies":[{"embeddable":true,"href":"https:\/\/meritutbildning.com\/sr\/wp-json\/wp\/v2\/comments?post=2549"}],"version-history":[{"count":0,"href":"https:\/\/meritutbildning.com\/sr\/wp-json\/wp\/v2\/pages\/2549\/revisions"}],"up":[{"embeddable":true,"href":"https:\/\/meritutbildning.com\/sr\/wp-json\/wp\/v2\/pages\/2524"}],"wp:attachment":[{"href":"https:\/\/meritutbildning.com\/sr\/wp-json\/wp\/v2\/media?parent=2549"}],"curies":[{"name":"wp","href":"https:\/\/api.w.org\/{rel}","templated":true}]}}